{"id":5120,"date":"2023-04-22T09:27:19","date_gmt":"2023-04-22T07:27:19","guid":{"rendered":"https:\/\/agrosloven.com\/muj-ucet\/"},"modified":"2026-04-16T15:43:28","modified_gmt":"2026-04-16T13:43:28","slug":"muj-ucet","status":"publish","type":"page","link":"https:\/\/agrosloven.com\/cs\/muj-ucet\/","title":{"rendered":"M\u016fj \u00fa\u010det"},"content":{"rendered":"<div class=\"woocommerce\"><\/div>\n","protected":false},"excerpt":{"rendered":"","protected":false},"author":1,"featured_media":0,"parent":0,"menu_order":0,"comment_status":"closed","ping_status":"closed","template":"page-my-account.php","meta":{"_acf_changed":false,"bwfblock_default_font":"","footnotes":""},"class_list":["post-5120","page","type-page","status-publish","hentry"],"acf":[],"_links":{"self":[{"href":"https:\/\/agrosloven.com\/cs\/wp-json\/wp\/v2\/pages\/5120","targetHints":{"allow":["GET"]}}],"collection":[{"href":"https:\/\/agrosloven.com\/cs\/wp-json\/wp\/v2\/pages"}],"about":[{"href":"https:\/\/agrosloven.com\/cs\/wp-json\/wp\/v2\/types\/page"}],"author":[{"embeddable":true,"href":"https:\/\/agrosloven.com\/cs\/wp-json\/wp\/v2\/users\/1"}],"replies":[{"embeddable":true,"href":"https:\/\/agrosloven.com\/cs\/wp-json\/wp\/v2\/comments?post=5120"}],"version-history":[{"count":1,"href":"https:\/\/agrosloven.com\/cs\/wp-json\/wp\/v2\/pages\/5120\/revisions"}],"predecessor-version":[{"id":5121,"href":"https:\/\/agrosloven.com\/cs\/wp-json\/wp\/v2\/pages\/5120\/revisions\/5121"}],"wp:attachment":[{"href":"https:\/\/agrosloven.com\/cs\/wp-json\/wp\/v2\/media?parent=5120"}],"curies":[{"name":"wp","href":"https:\/\/api.w.org\/{rel}","templated":true}]}}