{"id":5130,"date":"2023-04-22T12:11:03","date_gmt":"2023-04-22T10:11:03","guid":{"rendered":"https:\/\/agrosloven.com\/product\/50-cbd-konopna-pryskyrice\/"},"modified":"2023-04-22T12:11:03","modified_gmt":"2023-04-22T10:11:03","slug":"50-cbd-konopna-pryskyrice","status":"publish","type":"product","link":"https:\/\/agrosloven.com\/cs\/produkt\/50-cbd-konopna-pryskyrice\/","title":{"rendered":"50% CBD konopn\u00e1 prysky\u0159ice"},"content":{"rendered":"<h2>Popis<\/h2>\n<div class=\"min-h-[20px] text-message flex flex-col items-start gap-3 whitespace-pre-wrap break-words [.text-message+&amp;]:mt-5 overflow-x-auto\" data-message-author-role=\"assistant\" data-message-id=\"52eb62ca-2f05-4d9a-8492-89d164778ae7\">\n<div class=\"markdown prose w-full break-words dark:prose-invert light\">\n<h4>P\u0159\u00edrodn\u00ed extrakce pro maxim\u00e1ln\u00ed \u00fa\u010dinnost:<\/h4>\n<p>Na\u0161e CBD konopn\u00e1 prysky\u0159ice je vyrobena \u0161etrn\u00fdm zpracov\u00e1n\u00edm konopn\u00fdch list\u016f bez vysok\u00fdch teplot, aby z\u016fstala zachov\u00e1na integrita kanabinoid\u016f, terpen\u016f a dal\u0161\u00edch prosp\u011b\u0161n\u00fdch l\u00e1tek.<\/p>\n<h4>Bohat\u00fd nutri\u010dn\u00ed profil:<\/h4>\n<p>Prysky\u0159ice se skl\u00e1d\u00e1 z:<\/p>\n<ul>\n<li>Za studena lisovan\u00e9ho konopn\u00e9ho oleje s vysok\u00fdm obsahem esenci\u00e1ln\u00edch mastn\u00fdch kyselin v ide\u00e1ln\u00edm pom\u011bru omega-3 a omega-6.<\/li>\n<li>Bohat\u00e9ho zdroje vitam\u00edn\u016f D, E a B-komplexu.<\/li>\n<li>V\u010del\u00edho vosku, kter\u00fd dod\u00e1v\u00e1 prosp\u011b\u0161nou sm\u011bs mastn\u00fdch kyselin a vitam\u00ednu A.<\/li>\n<\/ul>\n<p><strong>Vysok\u00e1 koncentrace pro lep\u0161\u00ed \u00fa\u010dinky:<\/strong><\/p>\n<ul>\n<li>Obsahuje 2500 mg CBD (kanabidiolu).<\/li>\n<li>5000 mg plnospektr\u00e1ln\u00edho konopn\u00e9ho extraktu zaji\u0161\u0165uj\u00edc\u00edho \u0161irokou \u0161k\u00e1lu \u00fa\u010dinn\u00fdch l\u00e1tek.<\/li>\n<\/ul>\n<h4>Podpora endokanabinoidn\u00edho syst\u00e9mu:<\/h4>\n<p>CBD a dal\u0161\u00ed kanabinoidy v prysky\u0159ici interaguj\u00ed s endokanabinoidn\u00edm syst\u00e9mem t\u011bla, kter\u00fd hraje kl\u00ed\u010dovou roli p\u0159i regulaci r\u016fzn\u00fdch funkc\u00ed a proces\u016f, v\u010detn\u011b:<\/p>\n<ul>\n<li><strong>Zdrav\u00ed poko\u017eky<\/strong>: Zlep\u0161uje ko\u017en\u00ed funkce.<\/li>\n<li><strong>Plodnost a hormon\u00e1ln\u00ed rovnov\u00e1ha<\/strong>: Ovliv\u0148uje reproduk\u010dn\u00ed zdrav\u00ed.<\/li>\n<li><strong>Regulace sp\u00e1nku<\/strong>: Zvy\u0161uje kvalitu sp\u00e1nku.<\/li>\n<li><strong>Stabilita n\u00e1lady<\/strong>: Pom\u00e1h\u00e1 k emo\u010dn\u00ed rovnov\u00e1ze.<\/li>\n<li><strong>T\u011blesn\u00e1 teplota<\/strong>: Pom\u00e1h\u00e1 regulovat t\u011blesnou teplotu.<\/li>\n<li><strong>Pam\u011b\u0165 a kognitivn\u00ed funkce<\/strong>: Podporuje zdrav\u00ed mozku.<\/li>\n<li><strong>Motorika a zdrav\u00ed sval\u016f<\/strong>: Prosp\u00edv\u00e1 svalov\u00fdm funkc\u00edm.<\/li>\n<li><strong>Kardiovaskul\u00e1rn\u00ed zdrav\u00ed<\/strong>: Podporuje zdrav\u00ed srdce a ob\u011bhov\u00e9 soustavy.<\/li>\n<li><strong>Chu\u0165 k j\u00eddlu a tr\u00e1ven\u00ed<\/strong>: Reguluje stravovac\u00ed n\u00e1vyky.<\/li>\n<\/ul>\n<h4>P\u011bstov\u00e1no ve Slovinsku, vyrobeno v EU:<\/h4>\n<p>Na\u0161e CBD konopn\u00e1 prysky\u0159ice je hrd\u011b vyr\u00e1b\u011bna ze slovinsk\u00e9ho konop\u00ed v r\u00e1mci EU, co\u017e odr\u00e1\u017e\u00ed n\u00e1\u0161 z\u00e1vazek ke kvalit\u011b a p\u0159\u00edrodn\u00edmu zdrav\u00ed.<\/p>\n<\/div>\n<\/div>\n<div class=\"min-h-[20px] text-message flex flex-col items-start gap-3 whitespace-pre-wrap break-words [.text-message+&amp;]:mt-5 overflow-x-auto\" data-message-author-role=\"assistant\" data-message-id=\"80eebed4-76fc-491c-99ee-19b6805dea87\">\n<div class=\"markdown prose w-full break-words dark:prose-invert light\">\n<h4>Skladov\u00e1n\u00ed a bezpe\u010dnost:<\/h4>\n<p>Pro zachov\u00e1n\u00ed kvality a \u00fa\u010dinnosti skladuj prysky\u0159ici v chladu nebo p\u0159i pokojov\u00e9 teplot\u011b, mimo dosah p\u0159\u00edm\u00e9ho slune\u010dn\u00edho z\u00e1\u0159en\u00ed a mimo dosah d\u011bt\u00ed. Pe\u010dliv\u00e9 skladov\u00e1n\u00ed zajist\u00ed, \u017ee prysky\u0159ice z\u016fstane \u00fa\u010dinn\u00e1 a bezpe\u010dn\u00e1 k pou\u017eit\u00ed. <\/p>\n<h4>Komplexn\u00ed zdravotn\u00ed p\u0159\u00ednosy:<\/h4>\n<p>CBD konopn\u00e1 prysky\u0159ice Agrosloven\u2122 je navr\u017eena nejen pro specifick\u00e9 zdravotn\u00ed pot\u00ed\u017ee, ale i pro pos\u00edlen\u00ed celkov\u00e9 pohody. Jej\u00ed \u0161irok\u00e9 spektrum \u00fa\u010dinn\u00fdch l\u00e1tek z n\u00ed \u010din\u00ed v\u0161estrann\u00fd produkt vhodn\u00fd pro r\u016fzn\u00e9 zdravotn\u00ed pot\u0159eby. <\/p>\n<h4>Z\u00e1ruka kvality:<\/h4>\n<p>N\u00e1\u0161 z\u00e1vazek ke kvalit\u011b je neochv\u011bjn\u00fd, od v\u00fdb\u011bru surovin a\u017e po fin\u00e1ln\u00ed produkt. Ka\u017ed\u00e1 \u0161ar\u017ee CBD konopn\u00e9 prysky\u0159ice je vyr\u00e1b\u011bna pod p\u0159\u00edsnou kontrolou kvality, co\u017e zaru\u010duje vysoce kvalitn\u00ed a \u00fa\u010dinn\u00fd produkt. <\/p>\n<p>Pro v\u00edce informac\u00ed nebo \u017e\u00e1dost o bezplatnou konzultaci n\u00e1s kontaktuj na <a href=\"mailto:info@agrosloven.com\" target=\"_new\" rel=\"noopener\">info@agrosloven.com<\/a>. Vyzkou\u0161ej p\u0159\u00edrodn\u00ed a komplexn\u00ed v\u00fdhody CBD konopn\u00e9 prysky\u0159ice Agrosloven\u2122 na sv\u00e9 cest\u011b za zdrav\u00edm. <\/p>\n<\/div>\n<\/div>\n","protected":false},"excerpt":{"rendered":"<p>CBD konopn\u00e1 prysky\u0159ice Agrosloven\u2122 nab\u00edz\u00ed silnou sm\u011bs plnospektr\u00e1ln\u00edho konopn\u00e9ho extraktu, v\u010detn\u011b 2500 mg CBD, v kombinaci s p\u0159\u00edrodn\u00edm za studena lisovan\u00fdm konopn\u00fdm olejem a v\u010del\u00edm voskem. Tato prysky\u0159ice vyroben\u00e1 ze slovinsk\u00e9ho konop\u00ed poskytuje komplexn\u00ed \u0161k\u00e1lu kanabinoid\u016f a terpen\u016f pro holistick\u00fd p\u0159\u00edstup k wellness. <\/p>\n","protected":false},"featured_media":5131,"comment_status":"open","ping_status":"closed","template":"","meta":{"_acf_changed":false,"bwfblock_default_font":""},"product_brand":[],"product_cat":[515,507],"product_tag":[],"class_list":{"0":"post-5130","1":"product","2":"type-product","3":"status-publish","4":"has-post-thumbnail","6":"product_cat-konopna-pryskyrice","7":"product_cat-zelena-akce","8":"pa_useful-celkova-pohoda","9":"pa_useful-podpora-pri-bolesti-a-zanetu","10":"pa_useful-posileni-imunitniho-systemu","11":"pa_useful-uleva-od-uzkosti-a-stresu","12":"pa_useful-zlepseni-kvality-spanku","14":"first","15":"instock","16":"sale","17":"taxable","18":"shipping-taxable","19":"purchasable","20":"product-type-simple"},"acf":[],"_links":{"self":[{"href":"https:\/\/agrosloven.com\/cs\/wp-json\/wp\/v2\/product\/5130","targetHints":{"allow":["GET"]}}],"collection":[{"href":"https:\/\/agrosloven.com\/cs\/wp-json\/wp\/v2\/product"}],"about":[{"href":"https:\/\/agrosloven.com\/cs\/wp-json\/wp\/v2\/types\/product"}],"replies":[{"embeddable":true,"href":"https:\/\/agrosloven.com\/cs\/wp-json\/wp\/v2\/comments?post=5130"}],"wp:featuredmedia":[{"embeddable":true,"href":"https:\/\/agrosloven.com\/cs\/wp-json\/wp\/v2\/media\/5131"}],"wp:attachment":[{"href":"https:\/\/agrosloven.com\/cs\/wp-json\/wp\/v2\/media?parent=5130"}],"wp:term":[{"taxonomy":"product_brand","embeddable":true,"href":"https:\/\/agrosloven.com\/cs\/wp-json\/wp\/v2\/product_brand?post=5130"},{"taxonomy":"product_cat","embeddable":true,"href":"https:\/\/agrosloven.com\/cs\/wp-json\/wp\/v2\/product_cat?post=5130"},{"taxonomy":"product_tag","embeddable":true,"href":"https:\/\/agrosloven.com\/cs\/wp-json\/wp\/v2\/product_tag?post=5130"}],"curies":[{"name":"wp","href":"https:\/\/api.w.org\/{rel}","templated":true}]}}