{"id":5142,"date":"2025-11-07T18:35:22","date_gmt":"2025-11-07T17:35:22","guid":{"rendered":"https:\/\/agrosloven.com\/product\/sale-konopne-kapky-10-cbn-10-cbd\/"},"modified":"2025-11-07T18:35:22","modified_gmt":"2025-11-07T17:35:22","slug":"sale-konopne-kapky-10-cbn-10-cbd","status":"publish","type":"product","link":"https:\/\/agrosloven.com\/cs\/produkt\/sale-konopne-kapky-10-cbn-10-cbd\/","title":{"rendered":"SALE: Konopn\u00e9 kapky 10% CBN + 10% CBD"},"content":{"rendered":"<h2>Popis<\/h2>\n<h2>10% CBN + 10% CBD konopn\u00e9 kapky<\/h2>\n<h4>P\u0159\u00edrodn\u00ed konopn\u00e9 kapky pro sp\u00e1nek a pohodu:<\/h4>\n<p>Konopn\u00e9 kapky Agrosloven s 10% CBN + 10% CBD jsou sm\u011bs\u00ed toho nejlep\u0161\u00edho z p\u0159\u00edrody. Na\u0161e receptura obsahuje vysokou koncentraci vitam\u00edn\u016f B komplexu a unik\u00e1tn\u00ed sm\u011bs CBD a CBN, z\u00edskan\u00fdch \u0161etrn\u00fdm lisov\u00e1n\u00edm za studena. Tato metoda zachov\u00e1v\u00e1 kanabinoidy v jejich nejlep\u0161\u00ed form\u011b a zaji\u0161\u0165uje tak \u00fa\u010dinnost a integritu aktivn\u00edch l\u00e1tek konopn\u00e9 rostliny.  <\/p>\n<h4>Cel\u00e9 spektrum pro pln\u00e9 v\u00fdhody:<\/h4>\n<p>Na\u0161e konopn\u00e9 kapky nab\u00edzej\u00ed cel\u00e9 spektrum aktivn\u00edch slo\u017eek konop\u00ed, bez rozpou\u0161t\u011bdel a chemik\u00e1li\u00ed, a zahrnuj\u00ed:<\/p>\n<ul>\n<li>1000 mg CBD<\/li>\n<li>1000 mg CBN Z\u00e1klad za studena lisovan\u00e9ho konopn\u00e9ho oleje je bohat\u00fd na esenci\u00e1ln\u00ed mastn\u00e9 kyseliny s optim\u00e1ln\u00edm pom\u011brem omega 3 a omega 6 a je bohat\u00fd na vitam\u00edny D a E.<\/li>\n<\/ul>\n<h4>Ide\u00e1ln\u00ed pro podporu imunity:<\/h4>\n<p>Na\u0161e konopn\u00e9 kapky s 20% koncentrac\u00ed jsou ide\u00e1ln\u00ed pro ty, kte\u0159\u00ed s konopn\u00fdmi produkty teprve za\u010d\u00ednaj\u00ed. Pravideln\u00e9 u\u017e\u00edv\u00e1n\u00ed m\u016f\u017ee zlep\u0161it kl\u00ed\u010dov\u00e9 \u017eivotn\u00ed funkce, zejm\u00e9na: <\/p>\n<ul>\n<li>Podpora imunitn\u00edho syst\u00e9mu<\/li>\n<li>Podpora dobr\u00e9ho sp\u00e1nku<\/li>\n<li>Antistresov\u00fd<\/li>\n<li>Vyva\u017eov\u00e1n\u00ed z\u00e1kladn\u00edch t\u011blesn\u00fdch funkc\u00ed<\/li>\n<\/ul>\n<h4>Interakce s va\u0161\u00edm t\u011blesn\u00fdm syst\u00e9mem:<\/h4>\n<p>Na\u0161e konopn\u00e9 kapky interaguj\u00ed s endokanabinoidn\u00edm syst\u00e9mem t\u011bla a ovliv\u0148uj\u00ed r\u016fzn\u00e9 funkce a procesy, v\u010detn\u011b:<\/p>\n<ul>\n<li><strong>Regulace sp\u00e1nku:<\/strong> Pom\u00e1h\u00e1 zlep\u0161it sp\u00e1nkov\u00e9 vzorce.<\/li>\n<li><strong>Rovnov\u00e1ha n\u00e1lady: <\/strong>Pom\u00e1h\u00e1 zvl\u00e1dat v\u00fdkyvy n\u00e1lad.<\/li>\n<li><strong>T\u011blesn\u00e1 teplota:<\/strong> Pom\u00e1h\u00e1 udr\u017eovat norm\u00e1ln\u00ed t\u011blesnou teplotu.<\/li>\n<li><strong>Podpora pam\u011bti: <\/strong>Zlep\u0161uje pam\u011b\u0165ov\u00e9 funkce.<\/li>\n<li><strong>Informace o svalech:<\/strong> Podporuje zdrav\u00ed sval\u016f.<\/li>\n<li><strong>Kardiovaskul\u00e1rn\u00ed syst\u00e9m: <\/strong>Prosp\u00edv\u00e1 zdrav\u00ed srdce a c\u00e9v.<\/li>\n<li><strong>Kontrola chuti k j\u00eddlu:<\/strong> Pom\u00e1h\u00e1 regulovat chu\u0165 k j\u00eddlu.<\/li>\n<li><strong>P\u00e9\u010de o ple\u0165:<\/strong> P\u0159isp\u00edv\u00e1 ke zdrav\u00ed poko\u017eky.<\/li>\n<li><strong>Zlep\u0161en\u00ed plodnosti:<\/strong> Ovliv\u0148uje hormon\u00e1ln\u00ed procesy.<\/li>\n<\/ul>\n<h4>Zaru\u010den\u00e1 kvalita a \u010distota:<\/h4>\n<p>Na\u0161e kapky obsahuj\u00ed p\u0159ibli\u017en\u011b 3000 mg extraktu z konop\u00ed s pln\u00fdm spektrem, 1000 mg CBD a 1000 mg CBN ze slovinsk\u00fdch konopn\u00fdch list\u016f a zaru\u010duj\u00ed tak kvalitu a konzistenci. I kdy\u017e se koncentrace CBD m\u016f\u017ee m\u00edrn\u011b li\u0161it, \u00fa\u010dinnost z\u016fst\u00e1v\u00e1 konstantn\u00ed. <\/p>\n<h4>Pokyny pro skladov\u00e1n\u00ed a pou\u017eit\u00ed:<\/h4>\n<p>Skladujte p\u0159i chladu nebo pokojov\u00e9 teplot\u011b, mimo dosah slune\u010dn\u00edho z\u00e1\u0159en\u00ed. Uchov\u00e1vejte mimo dosah d\u011bt\u00ed. Na\u0161e kapky, hrd\u011b vyr\u00e1b\u011bn\u00e9 ve Slovinsku, zt\u011bles\u0148uj\u00ed z\u00e1vazek spole\u010dnosti Agrosloven k p\u0159\u00edrodn\u00edm zdravotn\u00edm \u0159e\u0161en\u00edm.  <\/p>\n<p>Pro podrobn\u00e9 informace nebo bezplatnou konzultaci n\u00e1s kontaktujte na adrese <a href=\"mailto:info@agrosloven.com\" target=\"_new\" rel=\"noopener\">info@agrosloven.com<\/a>. D\u016fv\u011b\u0159ujte konopn\u00fdm kapk\u00e1m Agrosloven\u2122 pro vyv\u00e1\u017een\u00fd a zdrav\u011bj\u0161\u00ed \u017eivotn\u00ed styl. <\/p>\n","protected":false},"excerpt":{"rendered":"<p>Objevte s\u00edlu p\u0159\u00edrody s konopn\u00fdmi kapkami Agrosloven\u2122 CBN 10% + CBD 10%. Na\u0161e unik\u00e1tn\u00ed sm\u011bs kombinuje extrakt z technick\u00e9ho konop\u00ed bohat\u00fd na CBD a CBN, rozpu\u0161t\u011bn\u00fd v \u010dist\u00e9m konopn\u00e9m oleji lisovan\u00e9m za studena. Tyto kapky jsou ide\u00e1ln\u00ed pro ty, kte\u0159\u00ed s konopn\u00fdmi produkty teprve za\u010d\u00ednaj\u00ed. Jsou navr\u017eeny tak, aby zlep\u0161ily kvalitu sp\u00e1nku, imunitn\u00ed syst\u00e9m a celkovou pohodu a vyu\u017e\u00edvaj\u00ed p\u0159irozenou synergii kanabinoid\u016f a vitam\u00edn\u016f.  <\/p>\n","protected":false},"featured_media":5151,"comment_status":"open","ping_status":"closed","template":"","meta":{"_acf_changed":false,"bwfblock_default_font":""},"product_brand":[],"product_cat":[529,528,507],"product_tag":[530,532,534,535,536,531,533],"class_list":{"0":"post-5142","1":"product","2":"type-product","3":"status-publish","4":"has-post-thumbnail","6":"product_cat-cbn-kapky","7":"product_cat-konopne-kapky","8":"product_cat-zelena-akce","9":"product_tag-agrosloven","10":"product_tag-cbd","11":"product_tag-cbd-kapky","12":"product_tag-cbd-konopne-kapky","13":"product_tag-cbn","14":"product_tag-konopi","15":"product_tag-konopny-olej","16":"pa_useful-celkova-pohoda","17":"pa_useful-podpora-pri-bolesti-a-zanetu","18":"pa_useful-posileni-imunitniho-systemu","19":"pa_useful-uleva-od-uzkosti-a-stresu","20":"pa_useful-zlepseni-kvality-spanku","22":"first","23":"instock","24":"taxable","25":"shipping-taxable","26":"purchasable","27":"product-type-simple"},"acf":[],"_links":{"self":[{"href":"https:\/\/agrosloven.com\/cs\/wp-json\/wp\/v2\/product\/5142","targetHints":{"allow":["GET"]}}],"collection":[{"href":"https:\/\/agrosloven.com\/cs\/wp-json\/wp\/v2\/product"}],"about":[{"href":"https:\/\/agrosloven.com\/cs\/wp-json\/wp\/v2\/types\/product"}],"replies":[{"embeddable":true,"href":"https:\/\/agrosloven.com\/cs\/wp-json\/wp\/v2\/comments?post=5142"}],"wp:featuredmedia":[{"embeddable":true,"href":"https:\/\/agrosloven.com\/cs\/wp-json\/wp\/v2\/media\/5151"}],"wp:attachment":[{"href":"https:\/\/agrosloven.com\/cs\/wp-json\/wp\/v2\/media?parent=5142"}],"wp:term":[{"taxonomy":"product_brand","embeddable":true,"href":"https:\/\/agrosloven.com\/cs\/wp-json\/wp\/v2\/product_brand?post=5142"},{"taxonomy":"product_cat","embeddable":true,"href":"https:\/\/agrosloven.com\/cs\/wp-json\/wp\/v2\/product_cat?post=5142"},{"taxonomy":"product_tag","embeddable":true,"href":"https:\/\/agrosloven.com\/cs\/wp-json\/wp\/v2\/product_tag?post=5142"}],"curies":[{"name":"wp","href":"https:\/\/api.w.org\/{rel}","templated":true}]}}