{"id":5341,"date":"2025-03-26T13:59:48","date_gmt":"2025-03-26T12:59:48","guid":{"rendered":"https:\/\/agrosloven.com\/product\/prioritni-doruceni\/"},"modified":"2025-03-26T13:59:48","modified_gmt":"2025-03-26T12:59:48","slug":"prioritni-doruceni","status":"publish","type":"product","link":"https:\/\/agrosloven.com\/cs\/produkt\/prioritni-doruceni\/","title":{"rendered":"Prioritn\u00ed doru\u010den\u00ed"},"content":{"rendered":"","protected":false},"excerpt":{"rendered":"","protected":false},"featured_media":5342,"comment_status":"closed","ping_status":"closed","template":"","meta":{"_acf_changed":false,"bwfblock_default_font":""},"product_brand":[],"product_cat":[569],"product_tag":[],"class_list":{"0":"post-5341","1":"product","2":"type-product","3":"status-publish","4":"has-post-thumbnail","6":"product_cat-nezarazene","8":"first","9":"instock","10":"taxable","11":"shipping-taxable","12":"purchasable","13":"product-type-simple"},"acf":[],"_links":{"self":[{"href":"https:\/\/agrosloven.com\/cs\/wp-json\/wp\/v2\/product\/5341","targetHints":{"allow":["GET"]}}],"collection":[{"href":"https:\/\/agrosloven.com\/cs\/wp-json\/wp\/v2\/product"}],"about":[{"href":"https:\/\/agrosloven.com\/cs\/wp-json\/wp\/v2\/types\/product"}],"replies":[{"embeddable":true,"href":"https:\/\/agrosloven.com\/cs\/wp-json\/wp\/v2\/comments?post=5341"}],"wp:featuredmedia":[{"embeddable":true,"href":"https:\/\/agrosloven.com\/cs\/wp-json\/wp\/v2\/media\/5342"}],"wp:attachment":[{"href":"https:\/\/agrosloven.com\/cs\/wp-json\/wp\/v2\/media?parent=5341"}],"wp:term":[{"taxonomy":"product_brand","embeddable":true,"href":"https:\/\/agrosloven.com\/cs\/wp-json\/wp\/v2\/product_brand?post=5341"},{"taxonomy":"product_cat","embeddable":true,"href":"https:\/\/agrosloven.com\/cs\/wp-json\/wp\/v2\/product_cat?post=5341"},{"taxonomy":"product_tag","embeddable":true,"href":"https:\/\/agrosloven.com\/cs\/wp-json\/wp\/v2\/product_tag?post=5341"}],"curies":[{"name":"wp","href":"https:\/\/api.w.org\/{rel}","templated":true}]}}