{"id":5349,"date":"2025-03-26T13:58:21","date_gmt":"2025-03-26T12:58:21","guid":{"rendered":"https:\/\/agrosloven.com\/product\/pojisteni-baliku\/"},"modified":"2025-03-26T13:58:21","modified_gmt":"2025-03-26T12:58:21","slug":"pojisteni-baliku","status":"publish","type":"product","link":"https:\/\/agrosloven.com\/cs\/produkt\/pojisteni-baliku\/","title":{"rendered":"Poji\u0161t\u011bn\u00ed bal\u00edku"},"content":{"rendered":"","protected":false},"excerpt":{"rendered":"","protected":false},"featured_media":5350,"comment_status":"closed","ping_status":"closed","template":"","meta":{"_acf_changed":false,"bwfblock_default_font":""},"product_brand":[],"product_cat":[569],"product_tag":[],"class_list":{"0":"post-5349","1":"product","2":"type-product","3":"status-publish","4":"has-post-thumbnail","6":"product_cat-nezarazene","8":"first","9":"instock","10":"taxable","11":"shipping-taxable","12":"purchasable","13":"product-type-simple"},"acf":[],"_links":{"self":[{"href":"https:\/\/agrosloven.com\/cs\/wp-json\/wp\/v2\/product\/5349","targetHints":{"allow":["GET"]}}],"collection":[{"href":"https:\/\/agrosloven.com\/cs\/wp-json\/wp\/v2\/product"}],"about":[{"href":"https:\/\/agrosloven.com\/cs\/wp-json\/wp\/v2\/types\/product"}],"replies":[{"embeddable":true,"href":"https:\/\/agrosloven.com\/cs\/wp-json\/wp\/v2\/comments?post=5349"}],"wp:featuredmedia":[{"embeddable":true,"href":"https:\/\/agrosloven.com\/cs\/wp-json\/wp\/v2\/media\/5350"}],"wp:attachment":[{"href":"https:\/\/agrosloven.com\/cs\/wp-json\/wp\/v2\/media?parent=5349"}],"wp:term":[{"taxonomy":"product_brand","embeddable":true,"href":"https:\/\/agrosloven.com\/cs\/wp-json\/wp\/v2\/product_brand?post=5349"},{"taxonomy":"product_cat","embeddable":true,"href":"https:\/\/agrosloven.com\/cs\/wp-json\/wp\/v2\/product_cat?post=5349"},{"taxonomy":"product_tag","embeddable":true,"href":"https:\/\/agrosloven.com\/cs\/wp-json\/wp\/v2\/product_tag?post=5349"}],"curies":[{"name":"wp","href":"https:\/\/api.w.org\/{rel}","templated":true}]}}