{"id":4556,"date":"2023-04-22T09:30:33","date_gmt":"2023-04-22T07:30:33","guid":{"rendered":"https:\/\/agrosloven.com\/kapcsolat\/"},"modified":"2025-10-29T19:39:06","modified_gmt":"2025-10-29T18:39:06","slug":"kapcsolat","status":"publish","type":"page","link":"https:\/\/agrosloven.com\/hu\/kapcsolat\/","title":{"rendered":"Kapcsolat"},"content":{"rendered":"\n\t<div id=\"gap-1706769259\" class=\"gap-element clearfix\" style=\"display:block; height:auto;\">\n\t\t\n<style>\n#gap-1706769259 {\n  padding-top: 40px;\n}\n@media (min-width:550px) {\n  #gap-1706769259 {\n    padding-top: 80px;\n  }\n}\n<\/style>\n\t<\/div>\n\t\n\n<div class=\"row align-middle align-center\"  id=\"row-1288195540\">\n\n\n\t<div id=\"col-1942229652\" class=\"col medium-6 small-12 large-6\"  >\n\t\t\t\t<div class=\"col-inner\"  >\n\t\t\t\n\t\t\t\n\n\t<div id=\"text-402467837\" class=\"text\">\n\t\t\n\n<h2><span style=\"font-size: 20px;\">Kapcsolat<\/span><br>L\u00e9pj vel\u00fcnk kapcsolatba!<\/h2>\n\t\t\n<style>\n#text-402467837 {\n  font-size: 1.5rem;\n}\n<\/style>\n\t<\/div>\n\t\n<p>K\u00e9rd\u00e9sed van a term\u00e9keinkkel, rendel\u00e9sekkel vagy haszn\u00e1lattal kapcsolatban? T\u00f6ltsd ki az al\u00e1bbi \u0171rlapot \u2013 gyorsan v\u00e1laszolunk, \u00e9s \u00f6r\u00f6mmel seg\u00edt\u00fcnk. Az Agrosloven csapata mindig el\u00e9rhet\u0151, ha term\u00e9szetes megold\u00e1sokat keresel. <\/p>\n<h4>C\u00e9ginform\u00e1ci\u00f3k:<\/h4>\n<p>N\u00e9v: AGROSLOVEN z.o.o.<br>Sz\u00e9khely: <a href=\"https:\/\/goo.gl\/maps\/7bkJL87inskkR1ks6\" target=\"_blank\" rel=\"noopener\">Trstenik 1C, 4204 Golnik, Szlov\u00e9nia<\/a><br>C\u00e9gjegyz\u00e9ksz\u00e1m: 7293135000<br>Ad\u00f3sz\u00e1m: SI73331333<\/p>\n\n\t\t<\/div>\n\t\t\t\t\n<style>\n#col-1942229652 > .col-inner {\n  padding: 0px 0px 0px 0px;\n}\n@media (min-width:550px) {\n  #col-1942229652 > .col-inner {\n    padding: 0px 100px 0px 0px;\n  }\n}\n<\/style>\n\t<\/div>\n\n\t\n\n\t<div id=\"col-744357189\" class=\"col medium-6 small-12 large-6\"  >\n\t\t\t\t<div class=\"col-inner\" style=\"background-color:rgb(255, 255, 255);\" >\n\t\t\t\n\t<div class=\"is-border\"\n\t\tstyle=\"border-color:rgba(0, 0, 0, 0.1);border-width:1px 1px 1px 1px;\">\n\t<\/div>\n\t\t\t\n\n<h2>K\u00fcldj nek\u00fcnk \u00fczenetet<\/h2>\n\n<div class=\"wpcf7 no-js\" id=\"wpcf7-f4580-o1\" lang=\"hu-HU\" dir=\"ltr\" data-wpcf7-id=\"4580\">\n<div class=\"screen-reader-response\"><p role=\"status\" aria-live=\"polite\" aria-atomic=\"true\"><\/p> <ul><\/ul><\/div>\n<form action=\"\/hu\/wp-json\/wp\/v2\/pages\/4556#wpcf7-f4580-o1\" method=\"post\" class=\"wpcf7-form init\" aria-label=\"Kapcsolatfelv\u00e9teli \u0171rlap\" novalidate=\"novalidate\" data-status=\"init\">\n<fieldset class=\"hidden-fields-container\"><input type=\"hidden\" name=\"_wpcf7\" value=\"4580\" \/><input type=\"hidden\" name=\"_wpcf7_version\" value=\"6.1.5\" \/><input type=\"hidden\" name=\"_wpcf7_locale\" value=\"hu_HU\" \/><input type=\"hidden\" name=\"_wpcf7_unit_tag\" value=\"wpcf7-f4580-o1\" \/><input type=\"hidden\" name=\"_wpcf7_container_post\" value=\"0\" \/><input type=\"hidden\" name=\"_wpcf7_posted_data_hash\" value=\"\" \/>\n<\/fieldset>\n<div class=\"inline-block first-child\">\n\t<p>Keresztn\u00e9v <span class=\"star\">*<\/span><br \/>\n<span class=\"wpcf7-form-control-wrap\" data-name=\"your-firstname\"><input size=\"40\" maxlength=\"400\" class=\"wpcf7-form-control wpcf7-text wpcf7-validates-as-required\" autocomplete=\"given-name\" aria-required=\"true\" aria-invalid=\"false\" value=\"\" type=\"text\" name=\"your-firstname\" \/><\/span>\n\t<\/p>\n<\/div>\n<div class=\"inline-block\">\n\t<p>Vezet\u00e9kn\u00e9v <span class=\"star\">*<\/span><br \/>\n<span class=\"wpcf7-form-control-wrap\" data-name=\"your-lastname\"><input size=\"40\" maxlength=\"400\" class=\"wpcf7-form-control wpcf7-text wpcf7-validates-as-required\" autocomplete=\"family-name\" aria-required=\"true\" aria-invalid=\"false\" value=\"\" type=\"text\" name=\"your-lastname\" \/><\/span>\n\t<\/p>\n<\/div>\n<div>\n\t<p>E-mail <span class=\"star\">*<\/span><br \/>\n<span class=\"wpcf7-form-control-wrap\" data-name=\"your-email\"><input size=\"40\" maxlength=\"400\" class=\"wpcf7-form-control wpcf7-email wpcf7-validates-as-required wpcf7-text wpcf7-validates-as-email\" autocomplete=\"email\" aria-required=\"true\" aria-invalid=\"false\" value=\"\" type=\"email\" name=\"your-email\" \/><\/span>\n\t<\/p>\n<\/div>\n<div>\n\t<p>\u00dczenet <span class=\"star\">*<\/span><br \/>\n<span class=\"wpcf7-form-control-wrap\" data-name=\"your-message\"><textarea cols=\"40\" rows=\"10\" maxlength=\"2000\" class=\"wpcf7-form-control wpcf7-textarea wpcf7-validates-as-required\" aria-required=\"true\" aria-invalid=\"false\" name=\"your-message\"><\/textarea><\/span>\n\t<\/p>\n<\/div>\n<p><span class=\"wpcf7-form-control-wrap\" data-name=\"capital-quiz\"><label><span class=\"wpcf7-quiz-label\">Melyik sz\u00e1m a nagyobb, 2 vagy 8?<\/span> <input size=\"40\" class=\"wpcf7-form-control wpcf7-quiz\" autocomplete=\"off\" aria-required=\"true\" aria-invalid=\"false\" type=\"text\" name=\"capital-quiz\" \/><\/label><input type=\"hidden\" name=\"_wpcf7_quiz_answer_capital-quiz\" value=\"a4f2854195b2e133bcde365357a593ca\" \/><\/span>\n<\/p>\n<p><span class=\"wpcf7-form-control-wrap\" data-name=\"acceptance-759\"><span class=\"wpcf7-form-control wpcf7-acceptance\"><span class=\"wpcf7-list-item\"><label><input type=\"checkbox\" name=\"acceptance-759\" value=\"1\" aria-invalid=\"false\" \/><span class=\"wpcf7-list-item-label\">Adataidat a k\u00e9rd\u00e9sed megv\u00e1laszol\u00e1s\u00e1ra haszn\u00e1ljuk fel, \u00e9s a k\u00fcld\u00e9si felt\u00e9teleknek megfelel\u0151en kezelj\u00fck.<\/span><\/label><\/span><\/span><\/span>\n<\/p>\n<p><input class=\"wpcf7-form-control wpcf7-submit has-spinner\" type=\"submit\" value=\"K\u00fcld\u00e9s\" \/>\n<\/p><input type='hidden' class='wpcf7-pum' value='{\"closepopup\":false,\"closedelay\":0,\"openpopup\":false,\"openpopup_id\":0}' \/><div class=\"wpcf7-response-output\" aria-hidden=\"true\"><\/div>\n<\/form>\n<\/div>\n\n\n\n\t\t<\/div>\n\t\t\t\t\n<style>\n#col-744357189 > .col-inner {\n  padding: 30px 30px 1px 30px;\n}\n<\/style>\n\t<\/div>\n\n\t\n\n<\/div>\n\t<div id=\"gap-1781045016\" class=\"gap-element clearfix\" style=\"display:block; height:auto;\">\n\t\t\n<style>\n#gap-1781045016 {\n  padding-top: 50px;\n}\n<\/style>\n\t<\/div>\n\t\n\n\n","protected":false},"excerpt":{"rendered":"","protected":false},"author":1,"featured_media":0,"parent":0,"menu_order":0,"comment_status":"closed","ping_status":"closed","template":"","meta":{"_acf_changed":false,"bwfblock_default_font":"","footnotes":""},"class_list":["post-4556","page","type-page","status-publish","hentry"],"acf":[],"_links":{"self":[{"href":"https:\/\/agrosloven.com\/hu\/wp-json\/wp\/v2\/pages\/4556","targetHints":{"allow":["GET"]}}],"collection":[{"href":"https:\/\/agrosloven.com\/hu\/wp-json\/wp\/v2\/pages"}],"about":[{"href":"https:\/\/agrosloven.com\/hu\/wp-json\/wp\/v2\/types\/page"}],"author":[{"embeddable":true,"href":"https:\/\/agrosloven.com\/hu\/wp-json\/wp\/v2\/users\/1"}],"replies":[{"embeddable":true,"href":"https:\/\/agrosloven.com\/hu\/wp-json\/wp\/v2\/comments?post=4556"}],"version-history":[{"count":5,"href":"https:\/\/agrosloven.com\/hu\/wp-json\/wp\/v2\/pages\/4556\/revisions"}],"predecessor-version":[{"id":4831,"href":"https:\/\/agrosloven.com\/hu\/wp-json\/wp\/v2\/pages\/4556\/revisions\/4831"}],"wp:attachment":[{"href":"https:\/\/agrosloven.com\/hu\/wp-json\/wp\/v2\/media?parent=4556"}],"curies":[{"name":"wp","href":"https:\/\/api.w.org\/{rel}","templated":true}]}}