{"id":4558,"date":"2023-04-22T09:30:22","date_gmt":"2023-04-22T07:30:22","guid":{"rendered":"https:\/\/agrosloven.com\/gyik\/"},"modified":"2025-09-22T16:12:33","modified_gmt":"2025-09-22T14:12:33","slug":"gyik","status":"publish","type":"page","link":"https:\/\/agrosloven.com\/hu\/gyik\/","title":{"rendered":"GYIK"},"content":{"rendered":"\n\t<div id=\"gap-2034992884\" class=\"gap-element clearfix\" style=\"display:block; height:auto;\">\n\t\t\n<style>\n#gap-2034992884 {\n  padding-top: 50px;\n}\n<\/style>\n\t<\/div>\n\t\n\n<div class=\"row align-center\"  id=\"row-1082405616\">\n\n\n\t<div id=\"col-801365586\" class=\"col medium-10 small-12 large-10\"  >\n\t\t\t\t<div class=\"col-inner\" style=\"background-color:rgb(255, 255, 255);\" >\n\t\t\t\n\t\t\t\n\n<div class=\"row align-center\"  id=\"row-212107939\">\r\n\r\n\n\t<div id=\"col-1057284735\" class=\"col small-12 large-12\"  >\n\t\t\t\t<div class=\"col-inner\"  >\n\t\t\t\n\t\t\t\r\n\r\n<h2>Gyakran Ism\u00e9telt K\u00e9rd\u00e9sek<\/h2>\r\n\r\n<div class=\"accordion\">\r\n\r\n\t<div id=\"accordion-2184899130\" class=\"accordion-item\">\n\t\t<a id=\"accordion-2184899130-label\" class=\"accordion-title plain\" href=\"#accordion-item-hogyan-v\u00e1lthatok-be-egy-prom\u00f3ci\u00f3s-k\u00f3dot?\" aria-expanded=\"false\" aria-controls=\"accordion-2184899130-content\" >\n\t\t\t<button class=\"toggle\" aria-label=\"Toggle\"><i class=\"icon-angle-down\"><\/i><\/button>\n\t\t\t<span>Hogyan v\u00e1lthatok be egy prom\u00f3ci\u00f3s k\u00f3dot?<\/span>\n\t\t<\/a>\n\t\t<div id=\"accordion-2184899130-content\" class=\"accordion-inner\" aria-labelledby=\"accordion-2184899130-label\" >\n\t\t\t\r\n\r\n<p>A bev\u00e1s\u00e1rl\u00f3kos\u00e1rban l\u00e1tni fogja a kedvezm\u00e9nyk\u00f3d hozz\u00e1ad\u00e1s\u00e1nak lehet\u0151s\u00e9g\u00e9t. Adja meg a kedvezm\u00e9nyk\u00f3dot, \u00e9s v\u00e1lassza a K\u00f3d alkalmaz\u00e1sa lehet\u0151s\u00e9get.<br \/>\r\nT\u00e1j\u00e9koztat\u00e1sul: akci\u00f3s term\u00e9kek eset\u00e9n a k\u00e9szlet ki\u00e1rus\u00edt\u00e1sa ut\u00e1n nincs lehet\u0151s\u00e9g visszat\u00e9r\u00edt\u00e9sre vagy cser\u00e9re.<\/p>\r\n\r\n\t\t<\/div>\n\t<\/div>\n\t\r\n\t<div id=\"accordion-1484102574\" class=\"accordion-item\">\n\t\t<a id=\"accordion-1484102574-label\" class=\"accordion-title plain\" href=\"#accordion-item-k\u00edn\u00e1l-e-az-agrosloven-prom\u00f3ci\u00f3s-aj\u00e1nlatokat?\" aria-expanded=\"false\" aria-controls=\"accordion-1484102574-content\" >\n\t\t\t<button class=\"toggle\" aria-label=\"Toggle\"><i class=\"icon-angle-down\"><\/i><\/button>\n\t\t\t<span>K\u00edn\u00e1l-e az Agrosloven prom\u00f3ci\u00f3s aj\u00e1nlatokat?<\/span>\n\t\t<\/a>\n\t\t<div id=\"accordion-1484102574-content\" class=\"accordion-inner\" aria-labelledby=\"accordion-1484102574-label\" >\n\t\t\t\r\n\r\n<p>Szeretj\u00fck k\u00e9nyeztetni v\u00e1s\u00e1rl\u00f3inkat, ez\u00e9rt sz\u00e1mos alkalommal k\u00edn\u00e1lunk nekik prom\u00f3ci\u00f3s k\u00f3dokat, hogy kenderterm\u00e9keken sp\u00f3rolhassanak. B\u00e1r igyeksz\u00fcnk egyszer\u0171s\u00edteni a weboldalunkon a felhaszn\u00e1l\u00f3i \u00e9lm\u00e9nyt, k\u00e9ts\u00e9gek \u00e9s tov\u00e1bbi k\u00e9rd\u00e9sek mer\u00fclhetnek fel. Ha b\u00e1rmilyen k\u00e9rd\u00e9se van, k\u00e9rj\u00fck, vegye fel a kapcsolatot \u00fcgyf\u00e9lszolg\u00e1latunkkal.<\/p>\r\n<p>Kedvezm\u00e9nyk\u00f3dok:<\/p>\r\n<p>A kedvezm\u00e9nyk\u00f3doknak meghat\u00e1rozott lej\u00e1rati d\u00e1tumuk van. A kamp\u00e1ny id\u0151tartama alatt lehet\u0151s\u00e9g van kedvezm\u00e9nyk\u00f3d haszn\u00e1lat\u00e1ra, vagy a prom\u00f3ci\u00f3s k\u00f3d korl\u00e1tlan sz\u00e1m\u00fa v\u00e1s\u00e1rl\u00e1shoz felhaszn\u00e1lhat\u00f3. A kedvezm\u00e9nyk\u00f3d nem haszn\u00e1lhat\u00f3 fel olyan term\u00e9kekre, amelyek m\u00e1r le vannak \u00e1razva.<\/p>\r\n\r\n\t\t<\/div>\n\t<\/div>\n\t\r\n\t<div id=\"accordion-3801988372\" class=\"accordion-item\">\n\t\t<a id=\"accordion-3801988372-label\" class=\"accordion-title plain\" href=\"#accordion-item-visszak\u00fcldhetem-az-agrosloven-term\u00e9ket?\" aria-expanded=\"false\" aria-controls=\"accordion-3801988372-content\" >\n\t\t\t<button class=\"toggle\" aria-label=\"Toggle\"><i class=\"icon-angle-down\"><\/i><\/button>\n\t\t\t<span>Visszak\u00fcldhetem az Agrosloven term\u00e9ket?<\/span>\n\t\t<\/a>\n\t\t<div id=\"accordion-3801988372-content\" class=\"accordion-inner\" aria-labelledby=\"accordion-3801988372-label\" >\n\t\t\t\r\n\r\n<p>Az Agroslovenn\u00e9l garant\u00e1ljuk term\u00e9keinket \u00e9s azok min\u0151s\u00e9g\u00e9t. Ha a term\u00e9k s\u00e9r\u00fclt vagy hiba van a megrendel\u00e9sben, \u00edrjon nek\u00fcnk a k\u00e9zbes\u00edt\u00e9st\u0151l sz\u00e1m\u00edtott 14 napon bel\u00fcl, \u00e9s mi felaj\u00e1nljuk a lehet\u0151s\u00e9get, hogy kicser\u00e9lje egy m\u00e1sik term\u00e9kre, vagy a teljes v\u00e9tel\u00e1rat visszat\u00e9r\u00edts\u00fck. E-mailben kap egy nyomtathat\u00f3 c\u00edmk\u00e9t, amelyet a csomagra kell ragasztani \u00e9s ingyenesen visszak\u00fcldeni. A visszak\u00fcld\u00f6tt term\u00e9k k\u00e9zhezv\u00e9tel\u00e9t k\u00f6vet\u0151en visszat\u00e9r\u00edtj\u00fck a v\u00e9tel\u00e1rat, \u00e9s err\u0151l automatikus e-mailben t\u00e1j\u00e9koztatjuk \u00d6nt.<\/p>\r\n<p>T\u00e1j\u00e9koztat\u00e1sul k\u00f6z\u00f6lj\u00fck: az akci\u00f3s term\u00e9kekre, illetve a k\u00e9szlet erej\u00e9ig nem lehets\u00e9ges visszat\u00e9r\u00edt\u00e9s vagy csere.<\/p>\r\n<p>Kattintson ide, ha t\u00f6bbet szeretne megtudni a visszak\u00fcld\u00e9si szab\u00e1lyzatunkr\u00f3l.<\/p>\r\n\r\n\t\t<\/div>\n\t<\/div>\n\t\r\n\t<div id=\"accordion-3941857873\" class=\"accordion-item\">\n\t\t<a id=\"accordion-3941857873-label\" class=\"accordion-title plain\" href=\"#accordion-item-m\u00f3dos\u00edthatom-a-rendel\u00e9sem-online-rendel\u00e9s-lead\u00e1sa-ut\u00e1n?\" aria-expanded=\"false\" aria-controls=\"accordion-3941857873-content\" >\n\t\t\t<button class=\"toggle\" aria-label=\"Toggle\"><i class=\"icon-angle-down\"><\/i><\/button>\n\t\t\t<span>M\u00f3dos\u00edthatom a rendel\u00e9sem online rendel\u00e9s lead\u00e1sa ut\u00e1n?<\/span>\n\t\t<\/a>\n\t\t<div id=\"accordion-3941857873-content\" class=\"accordion-inner\" aria-labelledby=\"accordion-3941857873-label\" >\n\t\t\t\r\n\r\n<p>Ha leadott egy rendel\u00e9st, \u00e9s szeretn\u00e9 m\u00f3dos\u00edtani a term\u00e9keket vagy a sz\u00e1ll\u00edt\u00e1si c\u00edmet, k\u00e9rj\u00fck, \u00edrjon nek\u00fcnk a <a href=\"mailto:info@agrosloven.com\">info@agrosloven.com<\/a> c\u00edmre.<\/p>\r\n\r\n\t\t<\/div>\n\t<\/div>\n\t\r\n\t<div id=\"accordion-96081613\" class=\"accordion-item\">\n\t\t<a id=\"accordion-96081613-label\" class=\"accordion-title plain\" href=\"#accordion-item-sz\u00e1ll\u00edtja-az-agrosloven-term\u00e9keit-az-eur\u00f3pai-uni\u00f3-\u00f6sszes-tag\u00e1llam\u00e1ba?\" aria-expanded=\"false\" aria-controls=\"accordion-96081613-content\" >\n\t\t\t<button class=\"toggle\" aria-label=\"Toggle\"><i class=\"icon-angle-down\"><\/i><\/button>\n\t\t\t<span>Sz\u00e1ll\u00edtja az Agrosloven term\u00e9keit az Eur\u00f3pai Uni\u00f3 \u00f6sszes tag\u00e1llam\u00e1ba?<\/span>\n\t\t<\/a>\n\t\t<div id=\"accordion-96081613-content\" class=\"accordion-inner\" aria-labelledby=\"accordion-96081613-label\" >\n\t\t\t\r\n\r\n<p>Igen, az Agrosloven\u2122 term\u00e9keket az Eur\u00f3pai Uni\u00f3 mind a 28 orsz\u00e1g\u00e1ba \u00e9rt\u00e9kes\u00edtik vagy sz\u00e1ll\u00edtj\u00e1k. Uni\u00f3.<\/p>\r\n\r\n\t\t<\/div>\n\t<\/div>\n\t\r\n\t<div id=\"accordion-3246964094\" class=\"accordion-item\">\n\t\t<a id=\"accordion-3246964094-label\" class=\"accordion-title plain\" href=\"#accordion-item-milyen-sz\u00e1ll\u00edt\u00e1si-m\u00f3dokat-k\u00edn\u00e1lnak?\" aria-expanded=\"false\" aria-controls=\"accordion-3246964094-content\" >\n\t\t\t<button class=\"toggle\" aria-label=\"Toggle\"><i class=\"icon-angle-down\"><\/i><\/button>\n\t\t\t<span>Milyen sz\u00e1ll\u00edt\u00e1si m\u00f3dokat k\u00edn\u00e1lnak?<\/span>\n\t\t<\/a>\n\t\t<div id=\"accordion-3246964094-content\" class=\"accordion-inner\" aria-labelledby=\"accordion-3246964094-label\" >\n\t\t\t\r\n\r\n<p>A DHL Expressszel \u00e9s a Po\u0161ta Slovenije d.o.o.-val m\u0171k\u00f6d\u00fcnk egy\u00fctt. V\u00e1s\u00e1rl\u00e1skor egy nyomonk\u00f6vet\u00e9si sz\u00e1mot adunk \u00d6nnek, amelyet a DHL vagy a Po\u0161ta Slovenije d.o.o. weboldal\u00e1n haszn\u00e1lhat. 100 eur\u00f3 feletti v\u00e1s\u00e1rl\u00e1sok eset\u00e9n ingyenes visszak\u00fcld\u00e9st k\u00edn\u00e1lunk.<\/p>\r\n\r\n\t\t<\/div>\n\t<\/div>\n\t\r\n\t<div id=\"accordion-3160262081\" class=\"accordion-item\">\n\t\t<a id=\"accordion-3160262081-label\" class=\"accordion-title plain\" href=\"#accordion-item-hol-tal\u00e1lom-az-agrosloven-term\u00e9kemhez-tartoz\u00f3-elemz\u00e9si-tan\u00fas\u00edtv\u00e1nyt?\" aria-expanded=\"false\" aria-controls=\"accordion-3160262081-content\" >\n\t\t\t<button class=\"toggle\" aria-label=\"Toggle\"><i class=\"icon-angle-down\"><\/i><\/button>\n\t\t\t<span>Hol tal\u00e1lom az Agrosloven term\u00e9kemhez tartoz\u00f3 elemz\u00e9si tan\u00fas\u00edtv\u00e1nyt?<\/span>\n\t\t<\/a>\n\t\t<div id=\"accordion-3160262081-content\" class=\"accordion-inner\" aria-labelledby=\"accordion-3160262081-label\" >\n\t\t\t\r\n\r\n<p>Minden term\u00e9khez tartozik egy elemz\u00e9si tan\u00fas\u00edtv\u00e1ny. Csak annyit kell tennie, hogy megadja a t\u00e9telsz\u00e1mot a linken, \u00e9s megjelenik a k\u00edv\u00e1nt term\u00e9khez tartoz\u00f3 elemz\u00e9si lap. Tov\u00e1bbi k\u00e9rd\u00e9seivel k\u00e9rj\u00fck, vegye fel vel\u00fcnk a kapcsolatot a <a href=\"mailto:info@agrosloven.com\">info@agrosloven.com<\/a> c\u00edmen.<\/p>\r\n\r\n\t\t<\/div>\n\t<\/div>\n\t\r\n\t<div id=\"accordion-1257426907\" class=\"accordion-item\">\n\t\t<a id=\"accordion-1257426907-label\" class=\"accordion-title plain\" href=\"#accordion-item-hogyan-kell-t\u00e1rolnom-az-agrosloven-term\u00e9keket?\" aria-expanded=\"false\" aria-controls=\"accordion-1257426907-content\" >\n\t\t\t<button class=\"toggle\" aria-label=\"Toggle\"><i class=\"icon-angle-down\"><\/i><\/button>\n\t\t\t<span>Hogyan kell t\u00e1rolnom az Agrosloven term\u00e9keket?<\/span>\n\t\t<\/a>\n\t\t<div id=\"accordion-1257426907-content\" class=\"accordion-inner\" aria-labelledby=\"accordion-1257426907-label\" >\n\t\t\t\r\n\r\n<p>Az Agrosloven term\u00e9keket nem kell h\u0171t\u0151szekr\u00e9nyben t\u00e1rolni, de ha h\u0171tve szeretn\u00e9 haszn\u00e1lni a term\u00e9keket, m\u00e9g a h\u0171t\u0151szekr\u00e9ny h\u0151m\u00e9rs\u00e9klete sem \u00e1rt nekik. Javasoljuk, hogy a term\u00e9keket olyan helyen t\u00e1rolja, ahol v\u00e9dve vannak a k\u00f6zvetlen napf\u00e9nyt\u0151l \u00e9s h\u0151t\u0151l. Tov\u00e1bbi inform\u00e1ci\u00f3k\u00e9rt k\u00e9rj\u00fck, vegye fel vel\u00fcnk a kapcsolatot a <a href=\"mailto:info@agrosloven.com\">info@agrosloven.com<\/a> c\u00edmen.<\/p>\r\n\r\n\t\t<\/div>\n\t<\/div>\n\t\r\n\t<div id=\"accordion-1992868350\" class=\"accordion-item\">\n\t\t<a id=\"accordion-1992868350-label\" class=\"accordion-title plain\" href=\"#accordion-item-haszn\u00e1lhatok-agrosloven-term\u00e9keket-v\u00e9nyk\u00f6teles-gy\u00f3gyszerek-szed\u00e9se-k\u00f6zben?\" aria-expanded=\"false\" aria-controls=\"accordion-1992868350-content\" >\n\t\t\t<button class=\"toggle\" aria-label=\"Toggle\"><i class=\"icon-angle-down\"><\/i><\/button>\n\t\t\t<span>Haszn\u00e1lhatok Agrosloven term\u00e9keket v\u00e9nyk\u00f6teles gy\u00f3gyszerek szed\u00e9se k\u00f6zben?<\/span>\n\t\t<\/a>\n\t\t<div id=\"accordion-1992868350-content\" class=\"accordion-inner\" aria-labelledby=\"accordion-1992868350-label\" >\n\t\t\t\r\n\r\n<p>Javasoljuk, hogy konzult\u00e1ljon orvos\u00e1val, miel\u0151tt CBD-term\u00e9keket venne be a napi rutinj\u00e1ba.<\/p>\r\n\r\n\t\t<\/div>\n\t<\/div>\n\t\r\n\t<div id=\"accordion-1705313644\" class=\"accordion-item\">\n\t\t<a id=\"accordion-1705313644-label\" class=\"accordion-title plain\" href=\"#accordion-item-veg\u00e1nok-sz\u00e1m\u00e1ra-is-alkalmasak-az-agrosloven-term\u00e9kek?\" aria-expanded=\"false\" aria-controls=\"accordion-1705313644-content\" >\n\t\t\t<button class=\"toggle\" aria-label=\"Toggle\"><i class=\"icon-angle-down\"><\/i><\/button>\n\t\t\t<span>Veg\u00e1nok sz\u00e1m\u00e1ra is alkalmasak az Agrosloven term\u00e9kek?<\/span>\n\t\t<\/a>\n\t\t<div id=\"accordion-1705313644-content\" class=\"accordion-inner\" aria-labelledby=\"accordion-1705313644-label\" >\n\t\t\t\r\n\r\n<p>Igen, minden term\u00e9k\u00fcnk veg\u00e1nbar\u00e1t \u00f6sszetev\u0151ket tartalmaz, kiv\u00e9ve a m\u00e9hviaszt, amely ken\u0151cs\u00f6kben \u00e9s paszt\u00e1kban tal\u00e1lhat\u00f3.<\/p>\r\n\r\n\t\t<\/div>\n\t<\/div>\n\t\r\n\r\n<\/div>\r\n\r\n\t\t<\/div>\n\t\t\t\t\t<\/div>\n\n\t\r\n\n\t<div id=\"col-689166742\" class=\"col medium-8 small-12 large-8\"  >\n\t\t\t\t<div class=\"col-inner\"  >\n\t\t\t\n\t<div class=\"is-border\"\n\t\tstyle=\"border-color:rgb(221, 221, 221);border-width:1px 0px 0px 0px;\">\n\t<\/div>\n\t\t\t\r\n\r\n\t<div id=\"text-1933686266\" class=\"text\">\n\t\t\r\n\r\n<p>Van m\u00e9g megv\u00e1laszolatlan k\u00e9rd\u00e9se?<br \/>\r\nK\u00fcldje el nek\u00fcnk az <a href=\"mailto:info@agrosloven.com\">info@agrosloven.com<\/a> c\u00edmre, \u00e9s \u00f6r\u00f6mmel v\u00e1laszolunk. te.<\/p>\r\n\r\n\t\t\n<style>\n#text-1933686266 {\n  text-align: center;\n}\n<\/style>\n\t<\/div>\n\t\r\n\r\n\t\t<\/div>\n\t\t\t\t\n<style>\n#col-689166742 > .col-inner {\n  padding: 20px 0px 0px 0px;\n}\n<\/style>\n\t<\/div>\n\n\t\r\n\r\n<\/div>\n\n\n\t\t<\/div>\n\t\t\t\t\n<style>\n#col-801365586 > .col-inner {\n  padding: 30px 30px 0px 30px;\n}\n<\/style>\n\t<\/div>\n\n\t\n\n<\/div>\n\n","protected":false},"excerpt":{"rendered":"","protected":false},"author":1,"featured_media":0,"parent":0,"menu_order":0,"comment_status":"closed","ping_status":"closed","template":"","meta":{"_acf_changed":false,"bwfblock_default_font":"","footnotes":""},"class_list":["post-4558","page","type-page","status-publish","hentry"],"acf":[],"_links":{"self":[{"href":"https:\/\/agrosloven.com\/hu\/wp-json\/wp\/v2\/pages\/4558","targetHints":{"allow":["GET"]}}],"collection":[{"href":"https:\/\/agrosloven.com\/hu\/wp-json\/wp\/v2\/pages"}],"about":[{"href":"https:\/\/agrosloven.com\/hu\/wp-json\/wp\/v2\/types\/page"}],"author":[{"embeddable":true,"href":"https:\/\/agrosloven.com\/hu\/wp-json\/wp\/v2\/users\/1"}],"replies":[{"embeddable":true,"href":"https:\/\/agrosloven.com\/hu\/wp-json\/wp\/v2\/comments?post=4558"}],"version-history":[{"count":1,"href":"https:\/\/agrosloven.com\/hu\/wp-json\/wp\/v2\/pages\/4558\/revisions"}],"predecessor-version":[{"id":4559,"href":"https:\/\/agrosloven.com\/hu\/wp-json\/wp\/v2\/pages\/4558\/revisions\/4559"}],"wp:attachment":[{"href":"https:\/\/agrosloven.com\/hu\/wp-json\/wp\/v2\/media?parent=4558"}],"curies":[{"name":"wp","href":"https:\/\/api.w.org\/{rel}","templated":true}]}}