{"id":4574,"date":"2023-04-22T09:30:06","date_gmt":"2023-04-22T07:30:06","guid":{"rendered":"https:\/\/agrosloven.com\/nagykereskedelem\/"},"modified":"2025-10-29T19:33:27","modified_gmt":"2025-10-29T18:33:27","slug":"nagykereskedelem","status":"publish","type":"page","link":"https:\/\/agrosloven.com\/hu\/nagykereskedelem\/","title":{"rendered":"Nagykereskedelem"},"content":{"rendered":"\n\n  <div class=\"banner has-hover\" id=\"banner-2115197592\">\n          <div class=\"banner-inner fill\">\n        <div class=\"banner-bg fill\" >\n                                                \n                    <\/div>\n\t\t\n        <div class=\"banner-layers container\">\n            <div class=\"fill banner-link\"><\/div>            \n\n   <div id=\"text-box-1854139641\" class=\"text-box banner-layer x50 md-x0 lg-x0 y100 md-y50 lg-y50 res-text\">\n                                <div class=\"text-box-content text \">\n              \n              <div class=\"text-inner text-left\">\n                  \n\n\t<div id=\"text-1880067386\" class=\"text\">\n\t\t\n\n<h1>Ind\u00edtsd el saj\u00e1t CBD m\u00e1rk\u00e1dat \u2013 n\u00f6veld a bev\u00e9teled st\u00edlusosan<\/h1>\n\n\t\t\n<style>\n#text-1880067386 {\n  font-size: 1rem;\n}\n<\/style>\n\t<\/div>\n\t\n\t<div id=\"text-3901950876\" class=\"text\">\n\t\t\n\n<p>Szeretn\u00e9l bel\u00e9pni a dinamikusan n\u00f6vekv\u0151 CBD-piacra? Az Agrosloven lehet\u0151s\u00e9get k\u00edn\u00e1l saj\u00e1t m\u00e1rk\u00e1s vagy \u2018white-label\u2019 term\u00e9kek forgalmaz\u00e1s\u00e1ra \u2013 megb\u00edzhat\u00f3 partnerek\u00e9nt v\u00e9gigk\u00eds\u00e9r\u00fcnk a siker \u00fatj\u00e1n. Ezzel magasabb hozz\u00e1adott \u00e9rt\u00e9ket teremt a v\u00e9gfelhaszn\u00e1l\u00f3 \u00e9s saj\u00e1t maga sz\u00e1m\u00e1ra. <\/p>\n\n\t\t\n<style>\n#text-3901950876 {\n  font-size: 1rem;\n}\n<\/style>\n\t<\/div>\n\t\n<a href=\"https:\/\/agrosloven.com\/hu\/kapcsolat\/\" class=\"button primary\"  style=\"padding:10px 30px 10px 30px;\">\n\t\t<span>Kapcsolat<\/span>\n\t<\/a>\n\n\n<a href=\"\/shop\/\" class=\"button primary\"  style=\"padding:10px 30px 10px 30px;\">\n\t\t<span>Bolt<\/span>\n\t<\/a>\n\n\n\n              <\/div>\n           <\/div>\n                            \n<style>\n#text-box-1854139641 .text-inner {\n  padding: 0px 10px 10px 10px;\n}\n#text-box-1854139641 {\n  width: 100%;\n}\n#text-box-1854139641 .text-box-content {\n  font-size: 100%;\n}\n@media (min-width:550px) {\n  #text-box-1854139641 {\n    width: 40%;\n  }\n}\n<\/style>\n    <\/div>\n \n   <div id=\"text-box-399194837\" class=\"text-box banner-layer x50 md-x85 lg-x85 y0 md-y50 lg-y50 res-text\">\n                     <div data-animate=\"fadeInRight\">           <div class=\"text-box-content text dark\">\n              \n              <div class=\"text-inner text-center\">\n                  \n\n\t<div class=\"img has-hover x md-x lg-x y md-y lg-y\" id=\"image_971609597\">\n\t\t\t\t\t\t\t\t<div class=\"img-inner dark\" >\n\t\t\t<img loading=\"lazy\" decoding=\"async\" width=\"435\" height=\"503\" src=\"https:\/\/agrosloven.com\/wp-content\/uploads\/2023\/05\/your-brand-here.png\" class=\"attachment-original size-original\" alt=\"saj\u00e1t-m\u00e1rka\" srcset=\"https:\/\/agrosloven.com\/wp-content\/uploads\/2023\/05\/your-brand-here.png 435w, https:\/\/agrosloven.com\/wp-content\/uploads\/2023\/05\/your-brand-here-259x300.png 259w\" sizes=\"auto, (max-width: 435px) 100vw, 435px\" \/>\t\t\t\t\t\t\n\t\t\t\t\t<\/div>\n\t\t\t\t\t\t\t\t\n<style>\n#image_971609597 {\n  width: 100%;\n}\n<\/style>\n\t<\/div>\n\t\n\n\n              <\/div>\n           <\/div>\n       <\/div>                     \n<style>\n#text-box-399194837 {\n  width: 40%;\n}\n#text-box-399194837 .text-box-content {\n  font-size: 100%;\n}\n@media (min-width:550px) {\n  #text-box-399194837 {\n    width: 30%;\n  }\n}\n<\/style>\n    <\/div>\n \n\n        <\/div>\n      <\/div>\n\n            \n<style>\n#banner-2115197592 {\n  padding-top: 500px;\n  background-color: rgb(240, 228, 206);\n}\n@media (min-width:550px) {\n  #banner-2115197592 {\n    padding-top: 500px;\n  }\n}\n<\/style>\n  <\/div>\n\n\n<div class=\"row align-middle\"  id=\"row-1681249181\">\n\n\n\t<div id=\"col-1878252236\" class=\"col medium-6 small-12 large-6\"  >\n\t\t\t\t<div class=\"col-inner\"  >\n\t\t\t\n\t\t\t\n\n\t<div id=\"text-3236922567\" class=\"text\">\n\t\t\n\n<h1>Nagykereskedelem<\/h1>\n\n\t\t\n<style>\n#text-3236922567 {\n  font-size: 1.5rem;\n}\n<\/style>\n\t<\/div>\n\t\n<p>A pr\u00e9mium min\u0151s\u00e9g\u0171 CBD \u00e9s CBG term\u00e9kek ir\u00e1nti kereslet folyamatosan n\u00f6vekszik. Az Agrosloven elk\u00f6telezett amellett, hogy \u00fczleti partnereinek megb\u00edzhat\u00f3, term\u00e9szetes eredet\u0171 kenderterm\u00e9keket biztos\u00edtson. F\u00f3kuszunk a k\u00f6z\u00f6s \u00e9rt\u00e9keken, \u00e1tl\u00e1that\u00f3s\u00e1gon \u00e9s a hossz\u00fa t\u00e1v\u00fa egy\u00fcttm\u0171k\u00f6d\u00e9sen alapul. C\u00e9lunk, hogy term\u00e9keink seg\u00edts\u00e9g\u00e9vel partnereink n\u00f6velhess\u00e9k v\u00e1s\u00e1rl\u00f3ik el\u00e9gedetts\u00e9g\u00e9t \u00e9s saj\u00e1t bev\u00e9tel\u00fcket is.Mindig friss kenderterm\u00e9keket \u00e9s akt\u00edv hat\u00f3anyagaikat, p\u00e9ld\u00e1ul a kannabinoid CBD-t sz\u00e1ll\u00edtjuk.    <\/p>\n<p>Az Agrosloven m\u00e1rka b\u00fcszk\u00e9n \u00e1ll saj\u00e1t term\u00e9kei \u00e9s alapanyagai m\u00f6g\u00f6tt. Elk\u00f6telezettek vagyunk a szil\u00e1rd \u00e9s k\u00f6lcs\u00f6n\u00f6s egy\u00fcttm\u0171k\u00f6d\u00e9s ir\u00e1nt \u00d6nnel, \u00fczleti partnereinkkel. Az \u00d6n sikere a mi siker\u00fcnk is. Hisz\u00fcnk abban, hogy k\u00f6z\u00f6s er\u0151vel pozit\u00edvan befoly\u00e1solhatjuk m\u00e1sok \u00e9let\u00e9t, ez\u00e9rt szem\u00e9lyes \u00e9s \u0151szinte partneri kapcsolatot biztos\u00edtunk. Ha olyan term\u00e9k ir\u00e1nt \u00e9rdekl\u0151dik, amely jelenleg nincs rakt\u00e1ron vagy akci\u00f3s, ne habozzon kapcsolatba l\u00e9pni vel\u00fcnk.    <\/p>\n\n\n\t\t<\/div>\n\t\t\t\t\n<style>\n#col-1878252236 > .col-inner {\n  padding: 0px 0px 0px 0px;\n}\n@media (min-width:550px) {\n  #col-1878252236 > .col-inner {\n    padding: 0px 50px 0px 0px;\n  }\n}\n<\/style>\n\t<\/div>\n\n\t\n\n\t<div id=\"col-842604396\" class=\"col medium-6 small-12 large-6\"  >\n\t\t\t\t<div class=\"col-inner\"  >\n\t\t\t\n\t\t\t\n\n\t<div class=\"img has-hover x md-x lg-x y md-y lg-y\" id=\"image_241532569\">\n\t\t\t\t\t\t\t\t<div class=\"img-inner box-shadow-5 dark\" >\n\t\t\t<img loading=\"lazy\" decoding=\"async\" width=\"1020\" height=\"587\" src=\"https:\/\/agrosloven.com\/wp-content\/uploads\/2023\/05\/agrosloven-1024x589.jpg\" class=\"attachment-large size-large\" alt=\"agrosloven kenderterm\u00e9kek\" srcset=\"https:\/\/agrosloven.com\/wp-content\/uploads\/2023\/05\/agrosloven-1024x589.jpg 1024w, https:\/\/agrosloven.com\/wp-content\/uploads\/2023\/05\/agrosloven-300x173.jpg 300w, https:\/\/agrosloven.com\/wp-content\/uploads\/2023\/05\/agrosloven-768x442.jpg 768w, https:\/\/agrosloven.com\/wp-content\/uploads\/2023\/05\/agrosloven-600x345.jpg 600w, https:\/\/agrosloven.com\/wp-content\/uploads\/2023\/05\/agrosloven.jpg 1197w\" sizes=\"auto, (max-width: 1020px) 100vw, 1020px\" \/>\t\t\t\t\t\t\n\t\t\t\t\t<\/div>\n\t\t\t\t\t\t\t\t\n<style>\n#image_241532569 {\n  width: 100%;\n}\n<\/style>\n\t<\/div>\n\t\n\n\n\t\t<\/div>\n\t\t\t\t\n<style>\n#col-842604396 > .col-inner {\n  padding: 0px 0px 0px 0px;\n}\n<\/style>\n\t<\/div>\n\n\t\n\n<\/div>\n<div class=\"row align-middle\"  id=\"row-1955940388\">\n\n\n\t<div id=\"col-31022070\" class=\"col medium-6 small-12 large-6\"  >\n\t\t\t\t<div class=\"col-inner\"  >\n\t\t\t\n\t\t\t\n\n\t<div class=\"img has-hover x md-x lg-x y md-y lg-y\" id=\"image_319047400\">\n\t\t\t\t\t\t\t\t<div class=\"img-inner box-shadow-5 dark\" >\n\t\t\t<img loading=\"lazy\" decoding=\"async\" width=\"800\" height=\"800\" src=\"https:\/\/agrosloven.com\/wp-content\/uploads\/2023\/05\/agrosloven-white-label.png\" class=\"attachment-large size-large\" alt=\"agrosloven white label\" srcset=\"https:\/\/agrosloven.com\/wp-content\/uploads\/2023\/05\/agrosloven-white-label.png 800w, https:\/\/agrosloven.com\/wp-content\/uploads\/2023\/05\/agrosloven-white-label-300x300.png 300w, https:\/\/agrosloven.com\/wp-content\/uploads\/2023\/05\/agrosloven-white-label-150x150.png 150w, https:\/\/agrosloven.com\/wp-content\/uploads\/2023\/05\/agrosloven-white-label-768x768.png 768w, https:\/\/agrosloven.com\/wp-content\/uploads\/2023\/05\/agrosloven-white-label-600x600.png 600w, https:\/\/agrosloven.com\/wp-content\/uploads\/2023\/05\/agrosloven-white-label-100x100.png 100w\" sizes=\"auto, (max-width: 800px) 100vw, 800px\" \/>\t\t\t\t\t\t\n\t\t\t\t\t<\/div>\n\t\t\t\t\t\t\t\t\n<style>\n#image_319047400 {\n  width: 100%;\n}\n<\/style>\n\t<\/div>\n\t\n\n\n\t\t<\/div>\n\t\t\t\t\n<style>\n#col-31022070 > .col-inner {\n  padding: 0px 0px 0px 0px;\n}\n<\/style>\n\t<\/div>\n\n\t\n\n\t<div id=\"col-918176328\" class=\"col medium-6 small-12 large-6\"  >\n\t\t\t\t<div class=\"col-inner\"  >\n\t\t\t\n\t\t\t\n\n\t<div id=\"text-798339503\" class=\"text\">\n\t\t\n\n<h1>\u201eWHITE-LABEL\u201d vagy \u201eBULK\u201d<\/h1>\n\n\t\t\n<style>\n#text-798339503 {\n  font-size: 1.5rem;\n}\n<\/style>\n\t<\/div>\n\t\n<p>Az Agrosloven sz\u00f6vetkezetben arra t\u00f6reksz\u00fcnk, hogy term\u00e9keinket min\u00e9l sz\u00e9lesebb k\u00f6rben eljuttassuk az emberekhez. Tev\u00e9kenys\u00e9g\u00fcnk mag\u00e1ban foglalja a nagykereskedelmet is. Olyan term\u00e9keket is k\u00edn\u00e1lunk, amelyekre az \u00d6n nyomtatott anyagai \u00e9s inform\u00e1ci\u00f3i ker\u00fclnek. A hossz\u00fa t\u00e1v\u00fa \u00e9s szil\u00e1rd partneri kapcsolatok lehet\u0151v\u00e9 teszik sz\u00e1munkra, hogy folyamatosan min\u0151s\u00e9gi term\u00e9keket, versenyk\u00e9pes \u00e1rakat \u00e9s a term\u00e9kek eredet\u00e9re vonatkoz\u00f3 ismereteket biztos\u00edtsunk. M\u0171k\u00f6d\u00e9s\u00fcnkkel a legjobb szolg\u00e1ltat\u00e1sokra t\u00f6reksz\u00fcnk, amelyekkel kiel\u00e9g\u00edthetj\u00fck \u00fczleti ig\u00e9nyeit.    <\/p>\n<p>\u00e1laszd a teljes szabads\u00e1got: k\u00edn\u00e1lunk saj\u00e1t m\u00e1rk\u00e1s (white-label) \u00e9s nagy t\u00e9telben (bulk) rendelhet\u0151 CBD term\u00e9keket. Ak\u00e1r kis startupk\u00e9nt, ak\u00e1r nemzetk\u00f6zi c\u00e9ggel dolgozol \u2013 rugalmas megold\u00e1sokat ny\u00fajtunk pr\u00e9mium szinten. <\/p>\n<p>\u00dczleti egy\u00fcttm\u0171k\u00f6d\u00e9s\u00e9rt h\u00edvjon minket a k\u00f6vetkez\u0151 telefonsz\u00e1mon: <a href=\"tel:38640129672\">+386 40 12 96 72<\/a> vagy <a href=\"tel:38640206022\">+386 40 206 022<\/p>\n\n\n\t\t<\/div>\n\t\t\t\t\n<style>\n#col-918176328 > .col-inner {\n  padding: 0px 0px 0px 0px;\n}\n@media (min-width:550px) {\n  #col-918176328 > .col-inner {\n    padding: 0px 0px 0px 50px;\n  }\n}\n<\/style>\n\t<\/div>\n\n\t\n\n<\/div>\n\t<div id=\"gap-329265222\" class=\"gap-element clearfix\" style=\"display:block; height:auto;\">\n\t\t\n<style>\n#gap-329265222 {\n  padding-top: 0px;\n}\n@media (min-width:550px) {\n  #gap-329265222 {\n    padding-top: 50px;\n  }\n}\n<\/style>\n\t<\/div>\n\t\n\n\n\t<section class=\"section\" id=\"section_1963316592\">\n\t\t<div class=\"section-bg fill\" >\n\t\t\t\t\t\t\t\t\t\n\t\t\t\n\n\t\t<\/div>\n\n\t\t\n\n\t\t<div class=\"section-content relative\">\n\t\t\t\n\n<div class=\"row row-collapse align-middle align-center\"  id=\"row-1490759899\">\n\n\n\t<div id=\"col-355974608\" class=\"col medium-9 small-12 large-9\"  >\n\t\t\t\t<div class=\"col-inner\"  >\n\t\t\t\n\t\t\t\n\n<p class=\"lead\">Ha szeretn\u00e9 megkapni nagykereskedelmi \u00e1rlist\u00e1nkat, vagy tov\u00e1bbi k\u00e9rd\u00e9sei vannak, vegye fel vel\u00fcnk a kapcsolatot a <span style=\"text-decoration: underline\"><a href=\"https:\/\/agrosloven.com\/hu\/kapcsolat\/\">kapcsolatfelv\u00e9teli \u0171rlapon<\/a><\/span> kereszt\u00fcl. J\u00f3 h\u00edr, nincs minim\u00e1lis rendel\u00e9si mennyis\u00e9g. Tekintse meg aj\u00e1nlatunkat.  <\/p>\n\n\n\t\t<\/div>\n\t\t\t\t\n<style>\n#col-355974608 > .col-inner {\n  padding: 5px 15px 0px 15px;\n}\n<\/style>\n\t<\/div>\n\n\t\n\n\t<div id=\"col-1388204340\" class=\"col medium-2 small-12 large-2\"  >\n\t\t\t\t<div class=\"col-inner text-center\"  >\n\t\t\t\n\t\t\t\n\n<a href=\"\/shop\/\" class=\"button primary\"  style=\"padding:10px 30px 10px 30px;\">\n\t\t<span>Bolt<\/span>\n\t<\/a>\n\n\n\n\t\t<\/div>\n\t\t\t\t\t<\/div>\n\n\t\n\n<\/div>\n\n\t\t<\/div>\n\n\t\t\n<style>\n#section_1963316592 {\n  padding-top: 15px;\n  padding-bottom: 15px;\n  background-color: rgb(240, 228, 206);\n}\n@media (min-width:550px) {\n  #section_1963316592 {\n    padding-top: 30px;\n    padding-bottom: 30px;\n  }\n}\n<\/style>\n\t<\/section>\n\t\n\t<div id=\"gap-1249097363\" class=\"gap-element clearfix\" style=\"display:block; height:auto;\">\n\t\t\n<style>\n#gap-1249097363 {\n  padding-top: 50px;\n}\n<\/style>\n\t<\/div>\n\t\n\n<div class=\"row row-large\"  id=\"row-428280736\">\n\n\n\t<div id=\"col-2092729185\" class=\"col medium-6 small-12 large-6\"  >\n\t\t\t\t<div class=\"col-inner\"  >\n\t\t\t\n\t\t\t\n\n\t<div class=\"img has-hover x md-x lg-x y md-y lg-y\" id=\"image_1740941465\">\n\t\t\t\t\t\t\t\t<div class=\"img-inner box-shadow-5 dark\" >\n\t\t\t<img loading=\"lazy\" decoding=\"async\" width=\"400\" height=\"200\" src=\"https:\/\/agrosloven.com\/wp-content\/uploads\/2023\/05\/veleprodaja-cbd2.jpg\" class=\"attachment-original size-original\" alt=\"cbd nagykereskedelem\" srcset=\"https:\/\/agrosloven.com\/wp-content\/uploads\/2023\/05\/veleprodaja-cbd2.jpg 400w, https:\/\/agrosloven.com\/wp-content\/uploads\/2023\/05\/veleprodaja-cbd2-300x150.jpg 300w\" sizes=\"auto, (max-width: 400px) 100vw, 400px\" \/>\t\t\t\t\t\t\n\t\t\t\t\t<\/div>\n\t\t\t\t\t\t\t\t\n<style>\n#image_1740941465 {\n  width: 100%;\n}\n<\/style>\n\t<\/div>\n\t\n\n\t<div id=\"gap-2123590953\" class=\"gap-element clearfix\" style=\"display:block; height:auto;\">\n\t\t\n<style>\n#gap-2123590953 {\n  padding-top: 30px;\n}\n<\/style>\n\t<\/div>\n\t\n\n<h3>CBD vir\u00e1g nagykereskedelem<\/h3>\n<p>A CBD vir\u00e1g leg\u00e1lis term\u00e9k, amelyet \u00e1ltal\u00e1ban kenderkivonatok el\u0151\u00e1ll\u00edt\u00e1s\u00e1ra haszn\u00e1lnak kender CBD cseppek, paszt\u00e1k, kapszul\u00e1k stb. gy\u00e1rt\u00e1s\u00e1hoz. A CBD vir\u00e1g klasszikus m\u00f3don vagy vaporiz\u00e1tor seg\u00edts\u00e9g\u00e9vel is fogyaszthat\u00f3. A CBD kender vir\u00e1g kiv\u00e1l\u00f3 alternat\u00edva azoknak, akik \u00e9lvezik a kannabisz fogyaszt\u00e1s\u00e1t, de el akarj\u00e1k ker\u00fclni a sz\u00e9d\u00fcl\u00e9s \u00e9rz\u00e9s\u00e9t, azaz a \u201ebet\u00e9p\u00e9st\u201d.  <\/p>\n<p>A leg\u00e1lis CBD vir\u00e1g nem pszichoakt\u00edv, magas CBD-tartalommal \u00e9s alacsony THC-szinttel rendelkezik. Tov\u00e1bbi inform\u00e1ci\u00f3kat olvashatsz a blogon. <\/p>\n\n\n\t\t<\/div>\n\t\t\t\t\t<\/div>\n\n\t\n\n\t<div id=\"col-924125884\" class=\"col medium-6 small-12 large-6\"  >\n\t\t\t\t<div class=\"col-inner\"  >\n\t\t\t\n\t\t\t\n\n\t<div class=\"img has-hover x md-x lg-x y md-y lg-y\" id=\"image_1444311003\">\n\t\t\t\t\t\t\t\t<div class=\"img-inner box-shadow-5 dark\" >\n\t\t\t<img loading=\"lazy\" decoding=\"async\" width=\"400\" height=\"200\" src=\"https:\/\/agrosloven.com\/wp-content\/uploads\/2023\/05\/biomasa-2.jpg\" class=\"attachment-original size-original\" alt=\"biomassza\" srcset=\"https:\/\/agrosloven.com\/wp-content\/uploads\/2023\/05\/biomasa-2.jpg 400w, https:\/\/agrosloven.com\/wp-content\/uploads\/2023\/05\/biomasa-2-300x150.jpg 300w\" sizes=\"auto, (max-width: 400px) 100vw, 400px\" \/>\t\t\t\t\t\t\n\t\t\t\t\t<\/div>\n\t\t\t\t\t\t\t\t\n<style>\n#image_1444311003 {\n  width: 100%;\n}\n<\/style>\n\t<\/div>\n\t\n\n\t<div id=\"gap-1596973877\" class=\"gap-element clearfix\" style=\"display:block; height:auto;\">\n\t\t\n<style>\n#gap-1596973877 {\n  padding-top: 30px;\n}\n<\/style>\n\t<\/div>\n\t\n\n<h3>BIOMASSZA nagykereskedelem<\/h3>\n<p>A kender biomassza az ipari kender szerves anyaga. A vir\u00e1gok szed\u00e9se\/betakar\u00edt\u00e1sa \u00e9s feldolgoz\u00e1sa ut\u00e1n nyerik. K\u00fcl\u00f6nb\u00f6z\u0151 kenderterm\u00e9keket, p\u00e9ld\u00e1ul kenderolajat, \u00e9lelmiszereket, kr\u00e9meket \u00e9s hasonl\u00f3kat \u00e1ltal\u00e1ban biomassz\u00e1b\u00f3l k\u00e9sz\u00edtenek. Sok termel\u0151 biomassz\u00e1t haszn\u00e1l kenderkivonatok, CBD desztill\u00e1tum \u00e9s CBD izol\u00e1tum el\u0151\u00e1ll\u00edt\u00e1s\u00e1ra is.   <\/p>\n<p>A biomassza r\u00e9szei, mint a sz\u00e1rak \u00e9s rostok, alternat\u00edv m\u00f3don is felhaszn\u00e1lhat\u00f3k, leggyakrabban energiahordoz\u00f3k\u00e9nt. Tov\u00e1bbi inform\u00e1ci\u00f3kat olvashatsz a blogon. <\/p>\n\n\n\t\t<\/div>\n\t\t\t\t\t<\/div>\n\n\t\n\n\t<div id=\"col-442054185\" class=\"col medium-6 small-12 large-6\"  >\n\t\t\t\t<div class=\"col-inner\"  >\n\t\t\t\n\t\t\t\n\n\t<div class=\"img has-hover x md-x lg-x y md-y lg-y\" id=\"image_1485407217\">\n\t\t\t\t\t\t\t\t<div class=\"img-inner box-shadow-5 dark\" >\n\t\t\t<img loading=\"lazy\" decoding=\"async\" width=\"400\" height=\"200\" src=\"https:\/\/agrosloven.com\/wp-content\/uploads\/2023\/05\/greypowder.jpg\" class=\"attachment-original size-original\" alt=\"sz\u00fcrke por\" srcset=\"https:\/\/agrosloven.com\/wp-content\/uploads\/2023\/05\/greypowder.jpg 400w, https:\/\/agrosloven.com\/wp-content\/uploads\/2023\/05\/greypowder-300x150.jpg 300w\" sizes=\"auto, (max-width: 400px) 100vw, 400px\" \/>\t\t\t\t\t\t\n\t\t\t\t\t<\/div>\n\t\t\t\t\t\t\t\t\n<style>\n#image_1485407217 {\n  width: 100%;\n}\n<\/style>\n\t<\/div>\n\t\n\n\t<div id=\"gap-1555291377\" class=\"gap-element clearfix\" style=\"display:block; height:auto;\">\n\t\t\n<style>\n#gap-1555291377 {\n  padding-top: 30px;\n}\n<\/style>\n\t<\/div>\n\t\n\n<h3>KIEF nagykereskedelem<\/h3>\n<p>A kief a kannabisz levelein \u00e9s vir\u00e1gain k\u00e9pz\u0151d\u0151 gyant\u00e1s trichom\u00e1k gy\u0171jtem\u00e9nye. A trichom\u00e1k apr\u00f3, f\u00e9nyes, hagym\u00e1s mirigyek, amelyek a kannabisz vir\u00e1gz\u00e1s\u00e1nak k\u00e9s\u0151i szakasz\u00e1ban l\u00e1that\u00f3k. Amikor a trichom\u00e1kat elv\u00e1lasztj\u00e1k a kender n\u00f6v\u00e9nyi anyagt\u00f3l, kief keletkezik. A sz\u00f3 arabb\u00f3l sz\u00e1rmazik, \u00e9s \u201e\u00e9lvezetet\u201d vagy \u201em\u00e1mort\u201d jelent. Alapj\u00e1ban v\u00e9ve a kief magas koncentr\u00e1ci\u00f3ban tartalmaz kannabinoidokat \u00e9s terp\u00e9neket, sokkal magasabban, mint az ipari kender klasszikus vir\u00e1ga.    <\/p>\n<p>Ugyanakkor a kief kev\u00e9sb\u00e9 hat\u00e1sos, mint az extrah\u00e1lt koncentr\u00e1tumok, p\u00e9ld\u00e1ul a kannabisz kivonatok. A kief \u201esz\u00e1raz szit\u00e1l\u00e1sk\u00e9nt\u201d vagy \u201epollenk\u00e9nt\u201d is ismert. F\u00e9nyes, porszer\u0171 krist\u00e1lyok megjelen\u00e9s\u00e9r\u0151l ismerhet\u0151 fel. A kiv\u00e1l\u00f3 min\u0151s\u00e9g\u0171 kief \u00e1ltal\u00e1ban vil\u00e1gosbarna vagy \u201esz\u0151ke\u201d sz\u00edn\u0171, \u00e9s er\u0151s arom\u00e1j\u00fa. A z\u00f6ldebb kief marad\u00e9k n\u00f6v\u00e9nyi anyagot tartalmaz, \u00e9s nem olyan tiszta vagy koncentr\u00e1lt, mint a vil\u00e1gosabb v\u00e1ltozat. Tov\u00e1bbi inform\u00e1ci\u00f3kat olvashatsz a blogon.     <\/p>\n\n\n\t\t<\/div>\n\t\t\t\t\t<\/div>\n\n\t\n\n\t<div id=\"col-1291125975\" class=\"col medium-6 small-12 large-6\"  >\n\t\t\t\t<div class=\"col-inner\"  >\n\t\t\t\n\t\t\t\n\n\t<div class=\"img has-hover x md-x lg-x y md-y lg-y\" id=\"image_604193388\">\n\t\t\t\t\t\t\t\t<div class=\"img-inner box-shadow-5 dark\" >\n\t\t\t<img loading=\"lazy\" decoding=\"async\" width=\"400\" height=\"200\" src=\"https:\/\/agrosloven.com\/wp-content\/uploads\/2023\/05\/bradspektrum.jpg\" class=\"attachment-original size-original\" alt=\"sz\u00e9lesspektrum\" srcset=\"https:\/\/agrosloven.com\/wp-content\/uploads\/2023\/05\/bradspektrum.jpg 400w, https:\/\/agrosloven.com\/wp-content\/uploads\/2023\/05\/bradspektrum-300x150.jpg 300w\" sizes=\"auto, (max-width: 400px) 100vw, 400px\" \/>\t\t\t\t\t\t\n\t\t\t\t\t<\/div>\n\t\t\t\t\t\t\t\t\n<style>\n#image_604193388 {\n  width: 100%;\n}\n<\/style>\n\t<\/div>\n\t\n\n\t<div id=\"gap-485056078\" class=\"gap-element clearfix\" style=\"display:block; height:auto;\">\n\t\t\n<style>\n#gap-485056078 {\n  padding-top: 30px;\n}\n<\/style>\n\t<\/div>\n\t\n\n<h3>FULL SPECTRUM KIVONAT nagykereskedelem<\/h3>\n<p>A teljes spektrum\u00fa term\u00e9kek olyan kivonatok, amelyek szinte az \u00f6sszes n\u00f6v\u00e9nyi molekul\u00e1t tartalmazz\u00e1k, a terp\u00e9nekt\u0151l a kannabinoidokig, bele\u00e9rtve a tetrahidrokannabinolt (THC) is. Ezek a term\u00e9kek m\u00e1s molekul\u00e1kat is tartalmazhatnak, p\u00e9ld\u00e1ul flavonoidokat. <\/p>\n<p>Bizonyos kutat\u00f3k \u00fagy v\u00e9lik, hogy a kannabisz vegy\u00fcletek szinergikusan m\u0171k\u00f6dnek, l\u00e9trehozva az \u201eentourage hat\u00e1st\u201d, ahol a kannabinoidok \u00e9s terp\u00e9nek hat\u00e1sai feler\u0151s\u00f6dnek, ha egy\u00fctt fogyasztj\u00e1k \u0151ket. Tov\u00e1bbi inform\u00e1ci\u00f3kat olvashatsz a blogon. <\/p>\n\n\n\t\t<\/div>\n\t\t\t\t\t<\/div>\n\n\t\n\n\t<div id=\"col-594480630\" class=\"col medium-6 small-12 large-6\"  >\n\t\t\t\t<div class=\"col-inner\"  >\n\t\t\t\n\t\t\t\n\n\t<div class=\"img has-hover x md-x lg-x y md-y lg-y\" id=\"image_499108312\">\n\t\t\t\t\t\t\t\t<div class=\"img-inner box-shadow-5 dark\" >\n\t\t\t<img loading=\"lazy\" decoding=\"async\" width=\"400\" height=\"200\" src=\"https:\/\/agrosloven.com\/wp-content\/uploads\/2023\/05\/smola.jpg\" class=\"attachment-original size-original\" alt=\"gyanta\" srcset=\"https:\/\/agrosloven.com\/wp-content\/uploads\/2023\/05\/smola.jpg 400w, https:\/\/agrosloven.com\/wp-content\/uploads\/2023\/05\/smola-300x150.jpg 300w\" sizes=\"auto, (max-width: 400px) 100vw, 400px\" \/>\t\t\t\t\t\t\n\t\t\t\t\t<\/div>\n\t\t\t\t\t\t\t\t\n<style>\n#image_499108312 {\n  width: 100%;\n}\n<\/style>\n\t<\/div>\n\t\n\n\t<div id=\"gap-1199095320\" class=\"gap-element clearfix\" style=\"display:block; height:auto;\">\n\t\t\n<style>\n#gap-1199095320 {\n  padding-top: 30px;\n}\n<\/style>\n\t<\/div>\n\t\n\n<h3>BROAD SPECTRUM KIVONAT nagykereskedelem<\/h3>\n<p>A \u201esz\u00e9les spektrum\u00fa CBD\u201d kivonatok hasonl\u00f3ak a teljes spektrum\u00faakhoz. A nagyobb k\u00fcl\u00f6nbs\u00e9g a THC-tartalomban van. A teljes spektrum\u00fa CBD kivonatoknak kevesebb mint 0,2% THC-t kell tartalmazniuk, m\u00edg a \u201esz\u00e9les spektrum\u00fa\u201d CBD kivonatok olyan mennyis\u00e9g\u0171 THC-t tartalmaznak, amely a coa tesztekkel nem mutathat\u00f3 ki.  <\/p>\n<p>Nagyon \u00e9rdekes azoknak a fogyaszt\u00f3knak, akik THC molekul\u00e1k n\u00e9lk\u00fcli CBD kivonatot keresnek. Tov\u00e1bbi inform\u00e1ci\u00f3kat olvashatsz a blogon. <\/p>\n\n\n\t\t<\/div>\n\t\t\t\t\t<\/div>\n\n\t\n\n\t<div id=\"col-1700484036\" class=\"col medium-6 small-12 large-6\"  >\n\t\t\t\t<div class=\"col-inner\"  >\n\t\t\t\n\t\t\t\n\n\t<div class=\"img has-hover x md-x lg-x y md-y lg-y\" id=\"image_306225286\">\n\t\t\t\t\t\t\t\t<div class=\"img-inner box-shadow-5 dark\" >\n\t\t\t<img loading=\"lazy\" decoding=\"async\" width=\"400\" height=\"200\" src=\"https:\/\/agrosloven.com\/wp-content\/uploads\/2023\/05\/cbd-isolate.jpg\" class=\"attachment-original size-original\" alt=\"\" srcset=\"https:\/\/agrosloven.com\/wp-content\/uploads\/2023\/05\/cbd-isolate.jpg 400w, https:\/\/agrosloven.com\/wp-content\/uploads\/2023\/05\/cbd-isolate-300x150.jpg 300w\" sizes=\"auto, (max-width: 400px) 100vw, 400px\">\t\t\t\t\t\t\n\t\t\t\t\t<\/div>\n\t\t\t\t\t\t\t\t\n<style>\n#image_306225286 {\n  width: 100%;\n}\n<\/style>\n\t<\/div>\n\t\n\n\t<div id=\"gap-1788629105\" class=\"gap-element clearfix\" style=\"display:block; height:auto;\">\n\t\t\n<style>\n#gap-1788629105 {\n  padding-top: 30px;\n}\n<\/style>\n\t<\/div>\n\t\n\n<h3>CBD IZOL\u00c1TUM nagykereskedelem<\/h3>\n<p>Ez egy 99+% tisztas\u00e1g\u00fa izol\u00e1lt CBD kannabidiol koncentr\u00e1tum. Feh\u00e9r krist\u00e1lyos pork\u00e9nt ismerhet\u0151 fel, ipari kenderb\u0151l k\u00e9sz\u00fcl. <\/p>\n<p>Ez a legtiszt\u00e1bb el\u00e9rhet\u0151 kivonat, t\u00f6k\u00e9letes mindazok sz\u00e1m\u00e1ra, akik 0% THC tartalm\u00fa term\u00e9keket szeretn\u00e9nek fejleszteni. Tov\u00e1bbi inform\u00e1ci\u00f3kat olvashatsz a blogon. <\/p>\n\n\n\t\t<\/div>\n\t\t\t\t\t<\/div>\n\n\t\n\n<\/div>\n\n","protected":false},"excerpt":{"rendered":"","protected":false},"author":1,"featured_media":0,"parent":0,"menu_order":0,"comment_status":"closed","ping_status":"closed","template":"page-blank.php","meta":{"_acf_changed":false,"bwfblock_default_font":"","footnotes":""},"class_list":["post-4574","page","type-page","status-publish","hentry"],"acf":[],"_links":{"self":[{"href":"https:\/\/agrosloven.com\/hu\/wp-json\/wp\/v2\/pages\/4574","targetHints":{"allow":["GET"]}}],"collection":[{"href":"https:\/\/agrosloven.com\/hu\/wp-json\/wp\/v2\/pages"}],"about":[{"href":"https:\/\/agrosloven.com\/hu\/wp-json\/wp\/v2\/types\/page"}],"author":[{"embeddable":true,"href":"https:\/\/agrosloven.com\/hu\/wp-json\/wp\/v2\/users\/1"}],"replies":[{"embeddable":true,"href":"https:\/\/agrosloven.com\/hu\/wp-json\/wp\/v2\/comments?post=4574"}],"version-history":[{"count":8,"href":"https:\/\/agrosloven.com\/hu\/wp-json\/wp\/v2\/pages\/4574\/revisions"}],"predecessor-version":[{"id":4829,"href":"https:\/\/agrosloven.com\/hu\/wp-json\/wp\/v2\/pages\/4574\/revisions\/4829"}],"wp:attachment":[{"href":"https:\/\/agrosloven.com\/hu\/wp-json\/wp\/v2\/media?parent=4574"}],"curies":[{"name":"wp","href":"https:\/\/api.w.org\/{rel}","templated":true}]}}