{"id":4632,"date":"2023-04-25T11:35:37","date_gmt":"2023-04-25T09:35:37","guid":{"rendered":"https:\/\/agrosloven.com\/suti-szabalyzat\/"},"modified":"2025-09-23T14:28:09","modified_gmt":"2025-09-23T12:28:09","slug":"suti-szabalyzat","status":"publish","type":"page","link":"https:\/\/agrosloven.com\/hu\/suti-szabalyzat\/","title":{"rendered":"S\u00fcti szab\u00e1lyzat"},"content":{"rendered":"\n<div class=\"row\"  id=\"row-289530299\">\n\n\n\t<div id=\"col-272402374\" class=\"col small-12 large-12\"  >\n\t\t\t\t<div class=\"col-inner\"  >\n\t\t\t\n\t\t\t\n\n\t<div id=\"text-744964351\" class=\"text\">\n\t\t\n\n<h1>S\u00fcti szab\u00e1lyzat<\/h1>\n\t\t\n<style>\n#text-744964351 {\n  font-size: 1.5rem;\n  text-align: center;\n}\n<\/style>\n\t<\/div>\n\t\n\n\t\t<\/div>\n\t\t\t\t\t<\/div>\n\n\t\n\n\t<div id=\"col-1808643826\" class=\"col small-12 large-12\"  >\n\t\t\t\t<div class=\"col-inner\"  >\n\t\t\t\n\t\t\t\n\n<p>Az AGROSLOVEN z.o.o. tiszteletben tartja \u00e9s v\u00e9di az \u00d6n mag\u00e1n\u00e9let\u00e9t. Itt olvashatja, hogyan kezelj\u00fck szem\u00e9lyes adatait. <\/p>\n<p>Ez a s\u00fcti szab\u00e1lyzat le\u00edrja a s\u00fctik \u00e9s s\u00fcti-szer\u0171 technol\u00f3gi\u00e1k \u00e1ltal sz\u00e1munkra biztos\u00edtott adatok kezel\u00e9s\u00e9t. Ez a szab\u00e1lyzat megfelel az EU \u00e1ltal\u00e1nos adatv\u00e9delmi rendelet\u00e9nek \u00e9s a helyi jogszab\u00e1lyoknak. <\/p>\n<h3>A s\u00fctikr\u0151l: mik azok a s\u00fctik \u00e9s mi\u00e9rt sz\u00fcks\u00e9gesek?<\/h3>\n<p>A s\u00fcti egy kis sz\u00f6vegr\u00e9sz, amelyet egy weboldal k\u00fcld a b\u00f6ng\u00e9sz\u0151dnek, amikor megl\u00e1togatod. \u00cdgy a weboldal felismer t\u00e9ged, megjegyzi a l\u00e1togat\u00e1sodra vonatkoz\u00f3 adatokat, \u00e9s bar\u00e1ts\u00e1gosabb, egyszer\u0171bb webes szolg\u00e1ltat\u00e1st ny\u00fajt. A s\u00fctik seg\u00edts\u00e9g\u00e9vel szem\u00e9lyre szabjuk weboldalunk tartalm\u00e1t, megjegyezz\u00fck a preferenci\u00e1idat, \u00e9s nyomon k\u00f6vetj\u00fck az online \u00e1ruh\u00e1zunkban tett l\u00e1togat\u00e1saidat. Online \u00e1ruh\u00e1zunk b\u00f6ng\u00e9sz\u00e9se kellemesebb, gyorsabb \u00e9s mindenekel\u0151tt hat\u00e9konyabb a s\u00fctikkel.   <\/p>\n<h3>Weboldalunkon haszn\u00e1lt s\u00fctik: k\u00fcl\u00f6nb\u00f6z\u0151 kateg\u00f3ri\u00e1kba soroljuk \u0151ket:<\/h3>\n<ul>\n<li>sz\u00fcks\u00e9ges s\u00fctik<\/li>\n<li>funkcion\u00e1lis s\u00fctik<\/li>\n<li>hirdet\u00e9si vagy marketing s\u00fctik.<\/li>\n<\/ul>\n<p>A sz\u00fcks\u00e9ges s\u00fctik olyan s\u00fctik, amelyek n\u00e9lk\u00fcl weboldalunk nem tud m\u0171k\u00f6dni. Ezek a s\u00fctik automatikusan telep\u00fclnek az eszk\u00f6z\u00f6dre, \u00e9s nem kapcsolhat\u00f3k ki. A sz\u00fcks\u00e9ges s\u00fctik nem azonos\u00edtanak t\u00e9ged, \u00e9s csak a weboldal megfelel\u0151 megjelen\u00edt\u00e9s\u00e9t biztos\u00edtj\u00e1k.  <\/p>\n<p>A funkcion\u00e1lis s\u00fctik olyan s\u00fctik, amelyek weboldalunk k\u00fcl\u00f6nb\u00f6z\u0151 funkci\u00f3it teszik lehet\u0151v\u00e9, mint p\u00e9ld\u00e1ul a nyelvi be\u00e1ll\u00edt\u00e1sok, a kos\u00e1r tartalm\u00e1nak meg\u0151rz\u00e9se stb. Ezeket a s\u00fctiket csak az el\u0151zetes hozz\u00e1j\u00e1rul\u00e1soddal telep\u00edtj\u00fck. <\/p>\n<p>A marketing s\u00fctiket szem\u00e9lyre szabott hirdet\u00e9sek megjelen\u00edt\u00e9s\u00e9re haszn\u00e1ljuk. Adatok alapj\u00e1n ezek a s\u00fctik l\u00e9trehozz\u00e1k a profilodat, amely meghat\u00e1rozza, hogy milyen hirdet\u00e9sek jelennek meg sz\u00e1modra, amelyek \u00e9rdekelhetnek t\u00e9ged. Ezeket a s\u00fctiket csak a hozz\u00e1j\u00e1rul\u00e1soddal telep\u00edtj\u00fck. K\u00e9rj\u00fck, vedd figyelembe, hogy a s\u00fctik haszn\u00e1lat\u00e1nak elutas\u00edt\u00e1sa nem akad\u00e1lyozza meg a hirdet\u00e9sek megjelen\u00e9s\u00e9t a weboldalakon, mivel tov\u00e1bbra is kapsz hirdet\u00e9seket, de azok nem lesznek az \u00e9rdekl\u0151d\u00e9si k\u00f6r\u00f6dre szabva.   <\/p>\n<h3>S\u00fcti be\u00e1ll\u00edt\u00e1sok kezel\u00e9se: te d\u00f6nt\u00f6d el, hogy enged\u00e9lyezed-e a s\u00fctik t\u00e1rol\u00e1s\u00e1t az eszk\u00f6z\u00f6d\u00f6n.<\/h3>\n<p>S\u00fcti be\u00e1ll\u00edt\u00e1saidat b\u00e1rmikor megv\u00e1ltoztathatod a weboldal alj\u00e1n tal\u00e1lhat\u00f3 \u201eS\u00fcti kezel\u00e9s\u201d bannerben.<\/p>\n<p>Amikor megl\u00e1togatod weboldalunkat, csak a sz\u00fcks\u00e9ges s\u00fctik telep\u00fclnek automatikusan. A preferenci\u00e1lis \u00e9s marketing s\u00fctiket csak a hozz\u00e1j\u00e1rul\u00e1sod alapj\u00e1n telep\u00edtj\u00fck. <\/p>\n<h3>Hogyan adhatok hozz\u00e1j\u00e1rul\u00e1st?<\/h3>\n<p>Amikor el\u0151sz\u00f6r l\u00e1togatod meg oldalunkat, egy felugr\u00f3 ablak ny\u00edlik meg, ahol kiv\u00e1laszthatod a megfelel\u0151 s\u00fcti be\u00e1ll\u00edt\u00e1sokat. A be\u00e1ll\u00edt\u00e1sokat megv\u00e1ltoztathatod, ha r\u00e1kattintasz a weboldalunk alj\u00e1n tal\u00e1lhat\u00f3 \u201es\u00fcti kezel\u00e9s\u201d bannerre. Ekkor egy felugr\u00f3 ablak ny\u00edlik meg, ahol m\u00f3dos\u00edthatod a s\u00fcti be\u00e1ll\u00edt\u00e1sokat.  <\/p>\n<p>Ha m\u00e1r j\u00e1rt\u00e1l oldalunkon \u00e9s meger\u0151s\u00edtetted a s\u00fctiket, itt m\u00f3dos\u00edthatod a be\u00e1ll\u00edt\u00e1sokat: S\u00fcti Kezel\u00e9s.<\/p>\n<p>K\u00e9rj\u00fck, vedd figyelembe, hogy a hirdet\u00e9si s\u00fctik elutas\u00edt\u00e1sa nem akad\u00e1lyozza meg a hirdet\u00e9sek megjelen\u00e9s\u00e9t a weboldalon, mivel tov\u00e1bbra is kapsz hirdet\u00e9seket, de azok nem lesznek az \u00e9rdekl\u0151d\u00e9si k\u00f6r\u00f6dre szabva.<\/p>\n<h3>Hogyan adhatok hozz\u00e1j\u00e1rul\u00e1st?<\/h3>\n<p>Amikor el\u0151sz\u00f6r l\u00e1togatod meg weboldalunkat, egy felugr\u00f3 ablak jelenik meg, ahol kiv\u00e1laszthatod a megfelel\u0151 s\u00fcti be\u00e1ll\u00edt\u00e1sokat. A be\u00e1ll\u00edt\u00e1sokat megv\u00e1ltoztathatod, ha r\u00e1kattintasz a weboldalunk alj\u00e1n tal\u00e1lhat\u00f3 \u201es\u00fcti kezel\u00e9s\u201d bannerre. Ekkor egy felugr\u00f3 ablak ny\u00edlik meg, ahol m\u00f3dos\u00edthatod a s\u00fcti be\u00e1ll\u00edt\u00e1sokat.  <\/p>\n<p>Ha m\u00e1r j\u00e1rt\u00e1l weboldalunkon \u00e9s elfogadtad a s\u00fctiket, itt m\u00f3dos\u00edthatod a be\u00e1ll\u00edt\u00e1sokat: S\u00fcti Kezel\u00e9s.<\/p>\n<p>K\u00e9rj\u00fck, vedd figyelembe, hogy a hirdet\u00e9si s\u00fctik elutas\u00edt\u00e1sa nem akad\u00e1lyozza meg a hirdet\u00e9sek megjelen\u00e9s\u00e9t, mivel tov\u00e1bbra is ugyanannyi hirdet\u00e9st fogsz l\u00e1tni, mintha elfogadtad volna a hirdet\u00e9si s\u00fctiket. A hirdet\u00e9si s\u00fctik elutas\u00edt\u00e1sa csak azt eredm\u00e9nyezi, hogy \u00e1ltal\u00e1nos, nem szem\u00e9lyre szabott hirdet\u00e9seket fogsz l\u00e1tni, a preferenci\u00e1idra \u00e9s ig\u00e9nyeidre szabott hirdet\u00e9sek helyett. <\/p>\n<p>A s\u00fcti be\u00e1ll\u00edt\u00e1sokat a webb\u00f6ng\u00e9sz\u0151dben is szab\u00e1lyozhatod \u00e9s m\u00f3dos\u00edthatod.<\/p>\n<p>A s\u00fcti be\u00e1ll\u00edt\u00e1sokkal kapcsolatos inform\u00e1ci\u00f3k\u00e9rt v\u00e1laszd ki az \u00e1ltalad haszn\u00e1lt webb\u00f6ng\u00e9sz\u0151t.<\/p>\n<ul>\n<li>Chrome<\/li>\n<li>Firefox<\/li>\n<li>Internet Explorer<\/li>\n<li>Safari<\/li>\n<li>Opera<\/li>\n<\/ul>\n<p>Ha megv\u00e1ltoztatod vagy t\u00f6rl\u00f6d a b\u00f6ng\u00e9sz\u0151d s\u00fcti f\u00e1jlj\u00e1t, friss\u00edted a b\u00f6ng\u00e9sz\u0151det vagy az eszk\u00f6z\u00f6det, el\u0151fordulhat, hogy \u00fajra le kell tiltanod a s\u00fctiket. A s\u00fctik kezel\u00e9s\u00e9nek \u00e9s t\u00f6rl\u00e9s\u00e9nek folyamata b\u00f6ng\u00e9sz\u0151nk\u00e9nt elt\u00e9r\u0151. Ha seg\u00edts\u00e9gre van sz\u00fcks\u00e9ged ehhez, tekintsd meg a b\u00f6ng\u00e9sz\u0151 felhaszn\u00e1l\u00f3i s\u00fag\u00f3j\u00e1t.  <\/p>\n<p>A Google Analytics k\u00f6vet\u00e9st az al\u00e1bbi linken is letilthatod: <a href=\"https:\/\/marketingplatform.google.com\/about\/\" target=\"_blank\" rel=\"noopener\">https:\/\/marketingplatform.google.com\/about\/<\/a>.<\/p>\n<p>T\u00f6bbet olvashatsz a s\u00fctikr\u0151l itt: <a href=\"http:\/\/youronlinechoices.com\/\" target=\"_blank\" rel=\"noopener\">http:\/\/youronlinechoices.com\/<\/a>.<\/p>\n<h3>C\u00e9lok, amelyekre a s\u00fctiket haszn\u00e1ljuk weboldalunkon: A s\u00fctiket weboldalunkon k\u00fcl\u00f6nb\u00f6z\u0151 c\u00e9lokra haszn\u00e1ljuk, t\u00f6bbek k\u00f6z\u00f6tt:<\/h3>\n<ul>\n<li>a felhaszn\u00e1l\u00f3 felismer\u00e9se a k\u00f6vetkez\u0151 l\u00e1togat\u00e1skor,<\/li>\n<li>az \u00e1ltalad adott term\u00e9k\u00e9rt\u00e9kel\u00e9sek meg\u0151rz\u00e9se,<\/li>\n<li>a weboldal elemz\u00e9se,<\/li>\n<li>a weboldal biztons\u00e1g\u00e1nak biztos\u00edt\u00e1sa,<\/li>\n<li>munkamenet s\u00fcti a kos\u00e1r nyomon k\u00f6vet\u00e9s\u00e9hez \u00e9s fenntart\u00e1s\u00e1hoz,<\/li>\n<li>s\u00fcti a befejezetlen v\u00e1s\u00e1rl\u00e1sokr\u00f3l sz\u00f3l\u00f3 \u00fczenetek k\u00fcld\u00e9s\u00e9hez,<\/li>\n<li>vide\u00f3 tartalom m\u0171k\u00f6dtet\u00e9se,<\/li>\n<li>chat funkci\u00f3 az oldalon, \u00e9s<\/li>\n<li>hirdet\u00e9s.<\/li>\n<li>Jogok, amelyekkel rendelkezel a szem\u00e9lyes adatok s\u00fctikkel t\u00f6rt\u00e9n\u0151 kezel\u00e9s\u00e9vel kapcsolatban<\/li>\n<\/ul>\n<p>A fent meghat\u00e1rozott s\u00fcti be\u00e1ll\u00edt\u00e1sok kezel\u00e9s\u00e9n t\u00fal jogod van gyakorolni a szem\u00e9lyes adatok kezel\u00e9s\u00e9vel kapcsolatos jogaidat. Ezek a jogok adatv\u00e9delmi szab\u00e1lyzatunkban vannak r\u00e9szletesebben meghat\u00e1rozva. <\/p>\n<h3>M\u00f3dos\u00edt\u00e1sok \u00e9s kapcsolat<\/h3>\n<p>Ez a s\u00fcti szab\u00e1lyzat b\u00e1rmikor m\u00f3dosulhat. A friss\u00edtett verzi\u00f3 a k\u00f6vetkez\u0151 c\u00edmen lesz k\u00f6zz\u00e9t\u00e9ve: <a href=\"http:\/\/www.agrosloven.com\/\">www.agrosloven.com<\/a>. <\/p>\n<p>Ha b\u00e1rmilyen k\u00e9rd\u00e9sed van, vagy tov\u00e1bbi inform\u00e1ci\u00f3ra van sz\u00fcks\u00e9ged a s\u00fctikr\u0151l vagy a szem\u00e9lyes adatok kezel\u00e9s\u00e9r\u0151l, k\u00e9rj\u00fck, vedd fel vel\u00fcnk a kapcsolatot az <a href=\"mailto:info@agrosloven.com\">info@agrosloven.com<\/a> c\u00edmen.<\/p>\n\n\t\t<\/div>\n\t\t\t\t\t<\/div>\n\n\t\n\n<\/div>\n\n","protected":false},"excerpt":{"rendered":"","protected":false},"author":1,"featured_media":0,"parent":0,"menu_order":0,"comment_status":"closed","ping_status":"closed","template":"","meta":{"_acf_changed":false,"bwfblock_default_font":"","footnotes":""},"class_list":["post-4632","page","type-page","status-publish","hentry"],"acf":[],"_links":{"self":[{"href":"https:\/\/agrosloven.com\/hu\/wp-json\/wp\/v2\/pages\/4632","targetHints":{"allow":["GET"]}}],"collection":[{"href":"https:\/\/agrosloven.com\/hu\/wp-json\/wp\/v2\/pages"}],"about":[{"href":"https:\/\/agrosloven.com\/hu\/wp-json\/wp\/v2\/types\/page"}],"author":[{"embeddable":true,"href":"https:\/\/agrosloven.com\/hu\/wp-json\/wp\/v2\/users\/1"}],"replies":[{"embeddable":true,"href":"https:\/\/agrosloven.com\/hu\/wp-json\/wp\/v2\/comments?post=4632"}],"version-history":[{"count":1,"href":"https:\/\/agrosloven.com\/hu\/wp-json\/wp\/v2\/pages\/4632\/revisions"}],"predecessor-version":[{"id":4633,"href":"https:\/\/agrosloven.com\/hu\/wp-json\/wp\/v2\/pages\/4632\/revisions\/4633"}],"wp:attachment":[{"href":"https:\/\/agrosloven.com\/hu\/wp-json\/wp\/v2\/media?parent=4632"}],"curies":[{"name":"wp","href":"https:\/\/api.w.org\/{rel}","templated":true}]}}