{"id":4514,"date":"2023-04-22T12:11:03","date_gmt":"2023-04-22T10:11:03","guid":{"rendered":"https:\/\/agrosloven.com\/product\/5-cbd-3-cbg-kender-cseppek\/"},"modified":"2026-04-18T16:18:16","modified_gmt":"2026-04-18T14:18:16","slug":"5-cbd-3-cbg-kender-cseppek","status":"publish","type":"product","link":"https:\/\/agrosloven.com\/hu\/termek\/5-cbd-3-cbg-kender-cseppek\/","title":{"rendered":"5% CBD + 3% CBG kender cseppek"},"content":{"rendered":"<h2>Le\u00edr\u00e1s<\/h2>\n<h4>A CBD \u00e9s CBG szinergi\u00e1ja<strong>:<\/strong><\/h4>\n<p>Agrosloven\u2122 CBD + CBG cseppjeink k\u00e9t kulcsfontoss\u00e1g\u00fa kannabinoid egyedi kever\u00e9ke: kannabidiol (CBD) \u00e9s kannabigerol (CBG). A CBG-t, amelyet gyakran \u201eminden kannabinoid anyj\u00e1nak\u201d neveznek, szinergikusan m\u0171k\u00f6dik a CBD-vel, hogy fokozza az entourage hat\u00e1st, n\u00f6velve a cseppek \u00e1ltal\u00e1nos hat\u00e9konys\u00e1g\u00e1t. <\/p>\n<h4>Gazdag t\u00e1panyagtartalom:<\/h4>\n<p>Cseppjeinkben tal\u00e1lhat\u00f3 kenderkivonatot gondos elj\u00e1r\u00e1ssal nyerik, amely meg\u0151rzi a kannabinoidok, terp\u00e9nek \u00e9s m\u00e1s j\u00f3t\u00e9kony kendervegy\u00fcletek legsz\u00e9lesebb spektrum\u00e1t. A viv\u0151olajk\u00e9nt haszn\u00e1lt hidegen sajtolt kenderolaj gazdag esszenci\u00e1lis zs\u00edrsavakban, D-, E- \u00e9s B-komplex vitaminokban, t\u00e1panyagokban gazdag \u00f6sszet\u00e9telt biztos\u00edtva. <\/p>\n<h4>A jobb k\u00f6z\u00e9rzet\u00e9rt szabva:<\/h4>\n<p>Ezek a cseppek t\u00f6k\u00e9letesek azoknak, akik \u00fajak a kenderterm\u00e9kek vil\u00e1g\u00e1ban, vagy b\u00e1rkinek, aki rendszeres kannabinoid-bevitellel szeretn\u00e9 jav\u00edtani eg\u00e9szs\u00e9g\u00e9t, k\u00fcl\u00f6n\u00f6sen az immunrendszerhez hasonl\u00f3 funkci\u00f3k t\u00e1mogat\u00e1s\u00e1ban.<\/p>\n<p><strong>K\u00e9tf\u00e9le fajta \u00f6sszet\u00e9tele:<\/strong><\/p>\n<ul>\n<li>A cseppek k\u00e9t kenderfajta kever\u00e9k\u00e9t tartalmazz\u00e1k: az egyik CBD-ben, a m\u00e1sik CBG-ben gazdag.<\/li>\n<li>K\u00f6r\u00fclbel\u00fcl 1000 mg teljes spektrum\u00fa kenderkivonatot tartalmaznak, 500 mg CBD-vel \u00e9s 300 mg CBG-vel, szlov\u00e9n kenderlevelekb\u0151l sz\u00e1rmaz\u00f3an.<\/li>\n<\/ul>\n<h4>A testfunkci\u00f3k term\u00e9szetes szab\u00e1lyoz\u00e1sa:<\/h4>\n<p>Cseppjeinkben tal\u00e1lhat\u00f3 kannabinoidok kulcsfontoss\u00e1g\u00fa szerepet j\u00e1tszanak az endokannabinoid rendszerrel val\u00f3 k\u00f6lcs\u00f6nhat\u00e1sban, szab\u00e1lyozva a k\u00fcl\u00f6nb\u00f6z\u0151 testi funkci\u00f3kat, mint p\u00e9ld\u00e1ul az alv\u00e1s, hangulat, testh\u0151m\u00e9rs\u00e9klet, mem\u00f3ria \u00e9s m\u00e9g sok m\u00e1s.<\/p>\n<p><strong>Biztons\u00e1g \u00e9s min\u0151s\u00e9gbiztos\u00edt\u00e1s:<\/strong><\/p>\n<ul>\n<li>Term\u00e9keinket olyan k\u00f6r\u00fclm\u00e9nyek k\u00f6z\u00f6tt t\u00e1roljuk, amelyek meg\u0151rzik min\u0151s\u00e9g\u00fcket \u00e9s hat\u00e9konys\u00e1gukat.<\/li>\n<li>Helyben termesztett szlov\u00e9n kenderb\u0151l k\u00e9sz\u00fclt, magas min\u0151s\u00e9g\u0171 \u00e9s term\u00e9szetes term\u00e9ket biztos\u00edtva.<\/li>\n<\/ul>\n<p>Fedezd fel a CBD \u00e9s CBG kombin\u00e1lt el\u0151nyeit az Agrosloven\u2122-nel. Tov\u00e1bbi inform\u00e1ci\u00f3\u00e9rt vagy ingyenes konzult\u00e1ci\u00f3 egyeztet\u00e9s\u00e9hez l\u00e9pj vel\u00fcnk kapcsolatba a <a href=\"mailto:info@agrosloven.com\" target=\"_new\" rel=\"noopener\">info@agrosloven.com<\/a> c\u00edmen. Tapasztald meg az Agrosloven\u2122 CBD + CBG cseppek egyedi el\u0151nyeit az eg\u00e9szs\u00e9ged \u00e9s j\u00f3l\u00e9ted \u00fatj\u00e1n.  <\/p>\n","protected":false},"excerpt":{"rendered":"<p>Az Agrosloven\u2122 CBD + CBG cseppek 500 mg CBD \u00e9s 300 mg CBG egyedi kever\u00e9k\u00e9t k\u00edn\u00e1lj\u00e1k, fokozva az entourage hat\u00e1st az optim\u00e1lis eg\u00e9szs\u00e9g\u00e9rt. Kiv\u00e1l\u00f3 min\u0151s\u00e9g\u0171 ipari kenderkivonattal speci\u00e1lisan \u00f6ssze\u00e1ll\u00edtva, ezek a cseppek ide\u00e1lisak azok sz\u00e1m\u00e1ra, akik most ismerkednek a kenderterm\u00e9kekkel, vagy rendszeres kannabinoid-bevitelt keresnek. <\/p>\n","protected":false},"featured_media":4508,"comment_status":"open","ping_status":"closed","template":"","meta":{"_acf_changed":false,"bwfblock_default_font":""},"product_brand":[],"product_cat":[431,432,429],"product_tag":[446,447,449,452,456,464,460,445],"class_list":{"0":"post-4514","1":"product","2":"type-product","3":"status-publish","4":"has-post-thumbnail","6":"product_cat-cbd-cseppek","7":"product_cat-cbg-cseppek","8":"product_cat-kendercseppek","9":"product_tag-agrosloven","10":"product_tag-cbd","11":"product_tag-cbd-cseppek","12":"product_tag-cbd-kendercseppek","13":"product_tag-cbg","14":"product_tag-kanabigerol","15":"product_tag-kender","16":"product_tag-kenderolaj","17":"pa_useful-altalanos-jolet","18":"pa_useful-az-alvas-minosegenek-javitasa","19":"pa_useful-az-immunrendszer-erositese","20":"pa_useful-fajdalom-es-gyulladas-tamogatasa","21":"pa_useful-szorongas-es-stresszoldas","23":"first","24":"instock","25":"taxable","26":"shipping-taxable","27":"purchasable","28":"product-type-simple"},"acf":[],"_links":{"self":[{"href":"https:\/\/agrosloven.com\/hu\/wp-json\/wp\/v2\/product\/4514","targetHints":{"allow":["GET"]}}],"collection":[{"href":"https:\/\/agrosloven.com\/hu\/wp-json\/wp\/v2\/product"}],"about":[{"href":"https:\/\/agrosloven.com\/hu\/wp-json\/wp\/v2\/types\/product"}],"replies":[{"embeddable":true,"href":"https:\/\/agrosloven.com\/hu\/wp-json\/wp\/v2\/comments?post=4514"}],"wp:featuredmedia":[{"embeddable":true,"href":"https:\/\/agrosloven.com\/hu\/wp-json\/wp\/v2\/media\/4508"}],"wp:attachment":[{"href":"https:\/\/agrosloven.com\/hu\/wp-json\/wp\/v2\/media?parent=4514"}],"wp:term":[{"taxonomy":"product_brand","embeddable":true,"href":"https:\/\/agrosloven.com\/hu\/wp-json\/wp\/v2\/product_brand?post=4514"},{"taxonomy":"product_cat","embeddable":true,"href":"https:\/\/agrosloven.com\/hu\/wp-json\/wp\/v2\/product_cat?post=4514"},{"taxonomy":"product_tag","embeddable":true,"href":"https:\/\/agrosloven.com\/hu\/wp-json\/wp\/v2\/product_tag?post=4514"}],"curies":[{"name":"wp","href":"https:\/\/api.w.org\/{rel}","templated":true}]}}