{"id":4519,"date":"2023-04-22T12:11:03","date_gmt":"2023-04-22T10:11:03","guid":{"rendered":"https:\/\/agrosloven.com\/product\/30-cbd-kendergyanta\/"},"modified":"2025-10-29T20:53:23","modified_gmt":"2025-10-29T19:53:23","slug":"30-cbd-kendergyanta","status":"publish","type":"product","link":"https:\/\/agrosloven.com\/hu\/termek\/30-cbd-kendergyanta\/","title":{"rendered":"30% CBD kendergyanta"},"content":{"rendered":"<h2>Le\u00edr\u00e1s<\/h2>\n<div class=\"min-h-[20px] text-message flex flex-col items-start gap-3 whitespace-pre-wrap break-words [.text-message+&amp;]:mt-5 overflow-x-auto\" data-message-author-role=\"assistant\" data-message-id=\"9eb7e32f-0633-4dcf-86a7-bb8b235b4b91\">\n<div class=\"markdown prose w-full break-words dark:prose-invert light\">\n<h4>Koncentr\u00e1lt term\u00e9szetes j\u00f3 k\u00f6z\u00e9rzet:<\/h4>\n<p>CBD kendergyant\u00e1nk a j\u00f3 k\u00f6z\u00e9rzet er\u0151teljes \u00e9s koncentr\u00e1lt form\u00e1j\u00e1t k\u00edn\u00e1lja. Kiv\u00e1l\u00f3 min\u0151s\u00e9g\u0171 szlov\u00e9n kenderb\u0151l k\u00e9sz\u00fcl, fitokannabinoidok teljes spektrum\u00e1t biztos\u00edtja, \u00e1tfog\u00f3 eg\u00e9szs\u00e9g\u00fcgyi \u00e9lm\u00e9nyt ny\u00fajtva.<\/p>\n<h4>J\u00f3t\u00e9kony vegy\u00fcletekben gazdag:<\/h4>\n<p>A gyanta f\u0151bb jellemz\u0151i:<\/p>\n<ul>\n<li>Hidegen sajtolt kenderolaj, esszenci\u00e1lis zs\u00edrsavakban gazdag, ide\u00e1lis omega-3 \u00e9s omega-6 ar\u00e1nnyal.<\/li>\n<li>80% esszenci\u00e1lis zs\u00edrsavak, D-, E- \u00e9s B-komplex vitaminok.<\/li>\n<li>M\u00e9hviasz, amely \u00e1llagot ad \u00e9s j\u00f3t\u00e9kony vegy\u00fcleteket, p\u00e9ld\u00e1ul A-vitamint tartalmaz.<\/li>\n<\/ul>\n<h4>Magas CBD koncentr\u00e1ci\u00f3 a maxim\u00e1lis el\u0151ny\u00e9rt:<\/h4>\n<p>A gyanta tartalmazza:<\/p>\n<ul>\n<li>30% vagy 1500 mg CBD (kannabidiol)<\/li>\n<li>K\u00f6r\u00fclbel\u00fcl 3000 mg teljes spektrum\u00fa kenderkivonat<\/li>\n<li>CBD-tartalom konzisztenci\u00e1ja, enyhe term\u00e9szetes elt\u00e9r\u00e9sekkel.<\/li>\n<\/ul>\n<h4>A test szab\u00e1lyoz\u00e1s\u00e1nak jav\u00edt\u00e1sa kannabinoidokkal:<\/h4>\n<p>A gyant\u00e1ban tal\u00e1lhat\u00f3 CBD \u00e9s m\u00e1s kannabinoidok k\u00f6lcs\u00f6nhat\u00e1sba l\u00e9pnek a test endokannabinoid rendszer\u00e9vel, kulcsfontoss\u00e1g\u00fa szerepet j\u00e1tszva k\u00fcl\u00f6nb\u00f6z\u0151 funkci\u00f3k \u00e9s folyamatok szab\u00e1lyoz\u00e1s\u00e1ban:<\/p>\n<ul>\n<li><strong>Alv\u00e1s jav\u00edt\u00e1sa<\/strong>: Seg\u00edt a jobb alv\u00e1sban.<\/li>\n<li><strong>Hangulat szab\u00e1lyoz\u00e1sa<\/strong>: Seg\u00edt az \u00e9rzelmek kiegyens\u00falyoz\u00e1s\u00e1ban.<\/li>\n<li><strong>H\u0151m\u00e9rs\u00e9klet-szab\u00e1lyoz\u00e1s<\/strong>: Seg\u00edt a testh\u0151m\u00e9rs\u00e9klet fenntart\u00e1s\u00e1ban.<\/li>\n<li><strong>Mem\u00f3ria jav\u00edt\u00e1sa<\/strong>: T\u00e1mogatja a kognit\u00edv funkci\u00f3kat.<\/li>\n<li><strong>Motoros \u00e9s izom eg\u00e9szs\u00e9g<\/strong>: J\u00f3t\u00e9konyan hat a mozg\u00e1sra \u00e9s az izomfunkci\u00f3kra.<\/li>\n<li><strong>Sz\u00edv- \u00e9s \u00e9rrendszeri j\u00f3 k\u00f6z\u00e9rzet<\/strong>: T\u00e1mogatja a sz\u00edv eg\u00e9szs\u00e9g\u00e9t.<\/li>\n<li><strong>\u00c9tv\u00e1gy \u00e9s em\u00e9szt\u00e9s<\/strong>: Szab\u00e1lyozza az \u00e9tkez\u00e9si szok\u00e1sokat.<\/li>\n<li><strong>B\u0151r\u00e1pol\u00e1s<\/strong>: Jav\u00edtja a b\u0151r eg\u00e9szs\u00e9g\u00e9t.<\/li>\n<li><strong>Term\u00e9kenys\u00e9g \u00e9s hormon\u00e1lis egyens\u00faly<\/strong>: Befoly\u00e1solja a reprodukt\u00edv eg\u00e9szs\u00e9get.<\/li>\n<\/ul>\n<h4>\u00d6sszetev\u0151k \u00e9s haszn\u00e1lat:<\/h4>\n<p>Az \u00f6sszetev\u0151k k\u00f6z\u00f6tt szerepel kenderolaj, 30% CBD-t tartalmaz\u00f3 kenderkivonat \u00e9s m\u00e9hviasz. Szobah\u0151m\u00e9rs\u00e9kleten, napf\u00e9nyt\u0151l v\u00e9dve \u00e9s gyermekekt\u0151l elz\u00e1rva t\u00e1roland\u00f3.<\/p>\n<h4>Elk\u00f6telezve a term\u00e9szetes eg\u00e9szs\u00e9g mellett:<\/h4>\n<p>Szlov\u00e9ni\u00e1ban gy\u00e1rtva, CBD kendergyant\u00e1nk nem betegs\u00e9gek diagnosztiz\u00e1l\u00e1s\u00e1ra, megel\u0151z\u00e9s\u00e9re vagy kezel\u00e9s\u00e9re szolg\u00e1l, hanem term\u00e9szetes kieg\u00e9sz\u00edt\u0151k\u00e9nt k\u00e9sz\u00fclt a j\u00f3 k\u00f6z\u00e9rzet jav\u00edt\u00e1s\u00e1ra.<\/p>\n<p>Tov\u00e1bbi inform\u00e1ci\u00f3\u00e9rt vagy ingyenes konzult\u00e1ci\u00f3\u00e9rt keress minket az <a href=\"mailto:info@agrosloven.com\" target=\"_new\" rel=\"noopener\">info@agrosloven.com<\/a> c\u00edmen. B\u00edzz az Agrosloven\u2122-ben, ha term\u00e9szetes megk\u00f6zel\u00edt\u00e9st keresel <span style=\"font-size: 14.4px;\">eg\u00e9szs\u00e9ged \u00e9s j\u00f3 k\u00f6z\u00e9rzeted meg\u0151rz\u00e9s\u00e9re pr\u00e9mium CBD kendergyant\u00e1nkkal.<\/span><\/p>\n<\/div>\n<\/div>\n","protected":false},"excerpt":{"rendered":"<p>30% CBD gyanta \u2013 pr\u00e9mium koncentr\u00e1lt kivonat a nyugalom\u00e9rt \u00e9s f\u00f3kusz\u00e9rt<\/p>\n<p data-start=\"1056\" data-end=\"1287\">Pr\u00e9mium 30% CBD tartalommal rendelkez\u0151 gyant\u00e1nk a term\u00e9szet erej\u00e9t k\u00edn\u00e1lja koncentr\u00e1lt form\u00e1ban. Teljes spektrum\u00fa, szlov\u00e9n kenderb\u0151l k\u00e9sz\u00fclt kivonat, amely ide\u00e1lis v\u00e1laszt\u00e1s a kiegyens\u00falyozott \u00e9lethez \u00e9s a ment\u00e1lis frissess\u00e9ghez.<\/p>\n<p data-start=\"1294\" data-end=\"1418\">Tartalmaz:<br data-start=\"1304\" data-end=\"1307\" \/>\u2013 1500 mg CBD<br data-start=\"1322\" data-end=\"1325\" \/>\u2013 3000 mg teljes kivonat<br data-start=\"1351\" data-end=\"1354\" \/>\u2013 esszenci\u00e1lis zs\u00edrsavakat, B-komplex vitaminokat \u00e9s m\u00e9hviaszt<\/p>\n","protected":false},"featured_media":4516,"comment_status":"open","ping_status":"closed","template":"","meta":{"_acf_changed":false,"bwfblock_default_font":""},"product_brand":[208],"product_cat":[434,427],"product_tag":[446,447,449,452,453,454,458,463,460],"class_list":{"0":"post-4519","1":"product","2":"type-product","3":"status-publish","4":"has-post-thumbnail","6":"product_brand-agrosloven","7":"product_cat-kendergyanta","8":"product_cat-zold-akcio","9":"product_tag-agrosloven","10":"product_tag-cbd","11":"product_tag-cbd-cseppek","12":"product_tag-cbd-kendercseppek","13":"product_tag-cbd-kendergyanta","14":"product_tag-cbd-paszta","15":"product_tag-endokannabinoid-rendszer","16":"product_tag-kanabidiol","17":"product_tag-kender","18":"pa_useful-altalanos-jolet","19":"pa_useful-az-alvas-minosegenek-javitasa","20":"pa_useful-az-immunrendszer-erositese","21":"pa_useful-fajdalom-es-gyulladas-tamogatasa","22":"pa_useful-szorongas-es-stresszoldas","24":"first","25":"instock","26":"sale","27":"featured","28":"taxable","29":"shipping-taxable","30":"purchasable","31":"product-type-simple"},"acf":[],"_links":{"self":[{"href":"https:\/\/agrosloven.com\/hu\/wp-json\/wp\/v2\/product\/4519","targetHints":{"allow":["GET"]}}],"collection":[{"href":"https:\/\/agrosloven.com\/hu\/wp-json\/wp\/v2\/product"}],"about":[{"href":"https:\/\/agrosloven.com\/hu\/wp-json\/wp\/v2\/types\/product"}],"replies":[{"embeddable":true,"href":"https:\/\/agrosloven.com\/hu\/wp-json\/wp\/v2\/comments?post=4519"}],"wp:featuredmedia":[{"embeddable":true,"href":"https:\/\/agrosloven.com\/hu\/wp-json\/wp\/v2\/media\/4516"}],"wp:attachment":[{"href":"https:\/\/agrosloven.com\/hu\/wp-json\/wp\/v2\/media?parent=4519"}],"wp:term":[{"taxonomy":"product_brand","embeddable":true,"href":"https:\/\/agrosloven.com\/hu\/wp-json\/wp\/v2\/product_brand?post=4519"},{"taxonomy":"product_cat","embeddable":true,"href":"https:\/\/agrosloven.com\/hu\/wp-json\/wp\/v2\/product_cat?post=4519"},{"taxonomy":"product_tag","embeddable":true,"href":"https:\/\/agrosloven.com\/hu\/wp-json\/wp\/v2\/product_tag?post=4519"}],"curies":[{"name":"wp","href":"https:\/\/api.w.org\/{rel}","templated":true}]}}