{"id":4530,"date":"2023-04-22T12:11:03","date_gmt":"2023-04-22T10:11:03","guid":{"rendered":"https:\/\/agrosloven.com\/product\/10-cbd-kender-cseppek\/"},"modified":"2025-10-29T20:55:55","modified_gmt":"2025-10-29T19:55:55","slug":"10-cbd-kender-cseppek","status":"publish","type":"product","link":"https:\/\/agrosloven.com\/hu\/termek\/10-cbd-kender-cseppek\/","title":{"rendered":"10% CBD kender cseppek"},"content":{"rendered":"<h2>Le\u00edr\u00e1s<\/h2>\n<div class=\"min-h-[20px] text-message flex flex-col items-start gap-3 whitespace-pre-wrap break-words [.text-message+&amp;]:mt-5 overflow-x-auto\" data-message-author-role=\"assistant\" data-message-id=\"c6ad7a58-7c6d-4dfc-8924-ea835fad66a0\">\n<div class=\"markdown prose w-full break-words dark:prose-invert light\">\n<h4>Pr\u00e9mium CBD az optim\u00e1lis eg\u00e9szs\u00e9g\u00e9rt:<\/h4>\n<p>10% CBD cseppjeinket azoknak fejlesztett\u00fck ki, akik a kender j\u00f3t\u00e9kony hat\u00e1sait szeretn\u00e9k be\u00e9p\u00edteni a mindennapjaikba. Ezek a cseppek er\u0151s kenderkivonatot tartalmaznak, biztos\u00edtva a kannabinoidok \u00e9s terp\u00e9nek sz\u00e9les spektrum\u00e1t, amelyek kulcsfontoss\u00e1g\u00faak az \u00e1ltal\u00e1nos j\u00f3 k\u00f6z\u00e9rzethez.<\/p>\n<h4>T\u00e1panyagokban gazdag \u00f6sszet\u00e9tel:<\/h4>\n<p>A cseppek tartalmazz\u00e1k:<\/p>\n<ul>\n<li>Hidegen sajtolt kenderolaj, b\u0151s\u00e9gesen tartalmaz esszenci\u00e1lis zs\u00edrsavakat ide\u00e1lis omega-3 \u00e9s omega-6 ar\u00e1nnyal.<\/li>\n<li>Magas D-, E- \u00e9s B-komplex vitamin tartalom, mely t\u00e1mogatja a k\u00fcl\u00f6nb\u00f6z\u0151 testi funkci\u00f3kat.<\/li>\n<\/ul>\n<h4>Az immunrendszer er\u0151s\u00edt\u00e9s\u00e9re szabva:<\/h4>\n<p>Kifejezetten a mindennapi \u00e9letbe val\u00f3 k\u00f6nny\u0171 beilleszt\u00e9sre fejlesztett\u00fck ki, 10%-os kender cseppjeink k\u00fcl\u00f6n\u00f6sen hat\u00e9konyak az immunrendszer \u00e9s m\u00e1s l\u00e9tfontoss\u00e1g\u00fa \u00e9letfunkci\u00f3k t\u00e1mogat\u00e1s\u00e1ban.<\/p>\n<p><strong>Koncentr\u00e1ci\u00f3 \u00e9s min\u0151s\u00e9g:<\/strong><\/p>\n<ul>\n<li>10% vagy 1000 mg CBD-t (kannabidiolt) tartalmaz.<\/li>\n<li>K\u00f6r\u00fclbel\u00fcl 2000 mg teljes spektrum\u00fa kenderkivonat.<\/li>\n<li>Szlov\u00e9n kenderlevelekb\u0151l sz\u00e1rmazik.<\/li>\n<li>\u00c1lland\u00f3 CBD tartalom enyhe term\u00e9szetes elt\u00e9r\u00e9sekkel.<\/li>\n<\/ul>\n<h4>A test szab\u00e1lyoz\u00e1s\u00e1nak jav\u00edt\u00e1sa:<\/h4>\n<p>Kender cseppjeinkben tal\u00e1lhat\u00f3 kannabinoidok k\u00f6lcs\u00f6nhat\u00e1sba l\u00e9pnek a test endokannabinoid rendszer\u00e9vel, befoly\u00e1solva sz\u00e1mos funkci\u00f3t, t\u00f6bbek k\u00f6z\u00f6tt:<\/p>\n<ul>\n<li><strong>Alv\u00e1s<\/strong>: Jav\u00edtja az alv\u00e1si mint\u00e1kat.<\/li>\n<li><strong>Hangulat<\/strong>: Seg\u00edt a hangulat stabiliz\u00e1l\u00e1s\u00e1ban.<\/li>\n<li><strong>Testh\u0151m\u00e9rs\u00e9klet<\/strong>: Szab\u00e1lyozza a testh\u0151m\u00e9rs\u00e9kletet.<\/li>\n<li><strong>Mem\u00f3ria<\/strong>: T\u00e1mogatja a kognit\u00edv funkci\u00f3kat.<\/li>\n<li><strong>Motoros \u00e9s izom eg\u00e9szs\u00e9g<\/strong>: J\u00f3t\u00e9kony hat\u00e1ssal van az izom- \u00e9s mozg\u00e1sfunkci\u00f3kra.<\/li>\n<li><strong>Sz\u00edv- \u00e9s \u00e9rrendszeri eg\u00e9szs\u00e9g<\/strong>: Seg\u00edt fenntartani a sz\u00edv \u00e9s az erek eg\u00e9szs\u00e9g\u00e9t.<\/li>\n<li><strong>\u00c9tv\u00e1gy \u00e9s em\u00e9szt\u00e9s<\/strong>: Szab\u00e1lyozza az \u00e9tkez\u00e9si szok\u00e1sokat.<\/li>\n<li><strong>B\u0151r\u00e1pol\u00e1s:<\/strong> Jav\u00edtja a b\u0151r eg\u00e9szs\u00e9g\u00e9t.<\/li>\n<li><strong>Term\u00e9kenys\u00e9g \u00e9s hormon\u00e1lis folyamatok<\/strong>: Befoly\u00e1solja a reprodukt\u00edv eg\u00e9szs\u00e9get.<\/li>\n<\/ul>\n<\/div>\n<\/div>\n<div class=\"min-h-[20px] text-message flex flex-col items-start gap-3 whitespace-pre-wrap break-words [.text-message+&amp;]:mt-5 overflow-x-auto\" data-message-author-role=\"assistant\" data-message-id=\"d851e446-7c45-448d-b630-0b1fcf956239\">\n<div class=\"markdown prose w-full break-words dark:prose-invert light\">\n<h4>T\u00e1rol\u00e1s \u00e9s biztons\u00e1g:<\/h4>\n<p>CBD cseppjeink hat\u00e9konys\u00e1g\u00e1nak meg\u0151rz\u00e9se \u00e9rdek\u00e9ben t\u00e1rold h\u0171v\u00f6s vagy szobah\u0151m\u00e9rs\u00e9klet\u0171 helyen, k\u00f6zvetlen napf\u00e9nyt\u0151l v\u00e9dve, \u00e9s tartsd t\u00e1vol gyermekekt\u0151l. Ez a gondos t\u00e1rol\u00e1s seg\u00edt meg\u0151rizni a cseppek hat\u00f3erej\u00e9t \u00e9s min\u0151s\u00e9g\u00e9t.<\/p>\n<h4>Szlov\u00e9n gy\u00e1rtm\u00e1ny, glob\u00e1lis min\u0151s\u00e9g:<\/h4>\n<p>B\u00fcszk\u00e9n, Szlov\u00e9ni\u00e1ban termesztett alapanyagokb\u00f3l k\u00e9sz\u00fclnek az Agrosloven\u2122 CBD cseppek, melyek tan\u00fabizonys\u00e1got tesznek a term\u00e9szetes, hat\u00e9kony eg\u00e9szs\u00e9g\u00fcgyi megold\u00e1sok ir\u00e1nti elk\u00f6telezetts\u00e9g\u00fcnkr\u0151l. Gy\u00e1rt\u00e1si folyamatunk biztos\u00edtja a legmagasabb min\u0151s\u00e9get \u00e9s hat\u00f3er\u0151t minden egyes t\u00e9tel eset\u00e9ben.<\/p>\n<h4>J\u00f3 k\u00f6z\u00e9rzeted a mi priorit\u00e1sunk:<\/h4>\n<p>Az Agrosloven z.o.o.-n\u00e1l meg\u00e9rtj\u00fck a term\u00e9szetes eg\u00e9szs\u00e9g\u00fcgyi term\u00e9kek fontoss\u00e1g\u00e1t. 10% CBD kender cseppjeinket ezzel a filoz\u00f3fi\u00e1val k\u00e9sz\u00edtett\u00fck, azzal a c\u00e9llal, hogy term\u00e9szetes, j\u00f3t\u00e9kony kieg\u00e9sz\u00edt\u00e9st ny\u00fajtsanak a napi eg\u00e9szs\u00e9g\u00fcgyi rutinodhoz.<\/p>\n<p>Tov\u00e1bbi inform\u00e1ci\u00f3\u00e9rt vagy ingyenes konzult\u00e1ci\u00f3 egyeztet\u00e9s\u00e9hez l\u00e9pj vel\u00fcnk kapcsolatba az <a href=\"mailto:info@agrosloven.com\" target=\"_new\" rel=\"noopener\">info@agrosloven.com<\/a> c\u00edmen. Fogadd el az Agrosloven\u2122 10% CBD cseppek term\u00e9szetes erej\u00e9t az eg\u00e9szs\u00e9gesebb, kiegyens\u00falyozottabb \u00e9letm\u00f3d\u00e9rt.<\/p>\n<\/div>\n<\/div>\n","protected":false},"excerpt":{"rendered":"<p data-start=\"294\" data-end=\"412\">10% teljes spektrum\u00fa CBD olaj \u2013 term\u00e9szetes t\u00e1mogat\u00e1s a mindennapi j\u00f3l\u00e9thez<\/p>\n<p data-start=\"294\" data-end=\"412\">Fedezd fel az Agrosloven\u2122 10% CBD olaj\u00e1t \u2013 teljes spektrum\u00fa, pr\u00e9mium min\u0151s\u00e9g\u0171 kivonat hidegen sajtolt kenderolajjal.<\/p>\n<p data-start=\"419\" data-end=\"600\">1000 mg CBD-t tartalmaz, amely seg\u00edt a szervezet egyens\u00faly\u00e1nak meg\u0151rz\u00e9s\u00e9ben, t\u00e1mogatja az immunrendszert, a ment\u00e1lis frissess\u00e9get \u00e9s a stresszkezel\u00e9st \u2013 term\u00e9szetesen, minden nap.<\/p>\n<p data-start=\"607\" data-end=\"823\">\ud83c\udf31 <strong data-start=\"610\" data-end=\"627\">F\u0151bb el\u0151ny\u00f6k:<\/strong><br data-start=\"627\" data-end=\"630\" \/>\u2013 Teljes spektrum\u00fa kivonat (CBG, CBDa, terp\u00e9nek)<br data-start=\"680\" data-end=\"683\" \/>\u2013 Magas B-komplex, D- \u00e9s E-vitamin tartalom<br data-start=\"728\" data-end=\"731\" \/>\u2013 Esszenci\u00e1lis zs\u00edrsavak ide\u00e1lis omega ar\u00e1nyban<br data-start=\"780\" data-end=\"783\" \/>\u2013 Szlov\u00e9ni\u00e1ban termesztett kenderb\u0151l<\/p>\n<p data-start=\"830\" data-end=\"916\">\u2705 T\u00f6k\u00e9letes kezd\u0151knek \u00e9s napi haszn\u00e1latra<br data-start=\"871\" data-end=\"874\" \/>\u2705 GMO-, vegyszer- \u00e9s adal\u00e9kanyagmentes<\/p>\n<p data-start=\"923\" data-end=\"1042\"><strong data-start=\"923\" data-end=\"937\">Haszn\u00e1lat:<\/strong> 5\u201310 csepp naponta, k\u00f6zvetlen\u00fcl a nyelv al\u00e1.<br data-start=\"982\" data-end=\"985\" \/><strong data-start=\"987\" data-end=\"999\">T\u00e1rol\u00e1s:<\/strong> H\u0171v\u00f6s, s\u00f6t\u00e9t helyen, gyermekekt\u0151l elz\u00e1rva.<\/p>\n","protected":false},"featured_media":4839,"comment_status":"open","ping_status":"closed","template":"","meta":{"_acf_changed":false,"bwfblock_default_font":""},"product_brand":[208],"product_cat":[431,429,427],"product_tag":[446,447,449,452,460,445],"class_list":{"0":"post-4530","1":"product","2":"type-product","3":"status-publish","4":"has-post-thumbnail","6":"product_brand-agrosloven","7":"product_cat-cbd-cseppek","8":"product_cat-kendercseppek","9":"product_cat-zold-akcio","10":"product_tag-agrosloven","11":"product_tag-cbd","12":"product_tag-cbd-cseppek","13":"product_tag-cbd-kendercseppek","14":"product_tag-kender","15":"product_tag-kenderolaj","16":"pa_useful-altalanos-jolet","17":"pa_useful-az-alvas-minosegenek-javitasa","18":"pa_useful-az-immunrendszer-erositese","19":"pa_useful-fajdalom-es-gyulladas-tamogatasa","20":"pa_useful-szorongas-es-stresszoldas","22":"first","23":"instock","24":"sale","25":"taxable","26":"shipping-taxable","27":"purchasable","28":"product-type-simple"},"acf":[],"_links":{"self":[{"href":"https:\/\/agrosloven.com\/hu\/wp-json\/wp\/v2\/product\/4530","targetHints":{"allow":["GET"]}}],"collection":[{"href":"https:\/\/agrosloven.com\/hu\/wp-json\/wp\/v2\/product"}],"about":[{"href":"https:\/\/agrosloven.com\/hu\/wp-json\/wp\/v2\/types\/product"}],"replies":[{"embeddable":true,"href":"https:\/\/agrosloven.com\/hu\/wp-json\/wp\/v2\/comments?post=4530"}],"wp:featuredmedia":[{"embeddable":true,"href":"https:\/\/agrosloven.com\/hu\/wp-json\/wp\/v2\/media\/4839"}],"wp:attachment":[{"href":"https:\/\/agrosloven.com\/hu\/wp-json\/wp\/v2\/media?parent=4530"}],"wp:term":[{"taxonomy":"product_brand","embeddable":true,"href":"https:\/\/agrosloven.com\/hu\/wp-json\/wp\/v2\/product_brand?post=4530"},{"taxonomy":"product_cat","embeddable":true,"href":"https:\/\/agrosloven.com\/hu\/wp-json\/wp\/v2\/product_cat?post=4530"},{"taxonomy":"product_tag","embeddable":true,"href":"https:\/\/agrosloven.com\/hu\/wp-json\/wp\/v2\/product_tag?post=4530"}],"curies":[{"name":"wp","href":"https:\/\/api.w.org\/{rel}","templated":true}]}}