{"id":4564,"date":"2025-03-27T13:02:58","date_gmt":"2025-03-27T12:02:58","guid":{"rendered":"https:\/\/agrosloven.com\/product\/5-cbd-kender-csepp-xxl-ajanlat\/"},"modified":"2025-12-17T23:05:51","modified_gmt":"2025-12-17T22:05:51","slug":"5-cbd-kender-csepp-xxl-ajanlat","status":"publish","type":"product","link":"https:\/\/agrosloven.com\/hu\/termek\/5-cbd-kender-csepp-xxl-ajanlat\/","title":{"rendered":"5% CBD kender csepp XXL aj\u00e1nlat"},"content":{"rendered":"<h2>Le\u00edr\u00e1s<\/h2>\n<h4>Nagyobb mennyis\u00e9g, min\u0151s\u00e9gi j\u00f3ll\u00e9t:<\/h4>\n<p>Agrosloven\u2122 XXL 5% CBD cseppjeink egy b\u0151s\u00e9ges 15 ml-es \u00fcvegben kaphat\u00f3k, hosszabb haszn\u00e1latra tervezve. Gazdag CBD kannabidiol koncentr\u00e1ci\u00f3val rendelkeznek, kenderlevelekb\u0151l kivonva, olyan m\u00f3dszerrel, amely elker\u00fcli a magas h\u0151m\u00e9rs\u00e9kletet, hogy meg\u0151rizze a kannabinoidok, terp\u00e9nek \u00e9s m\u00e1s \u00e9rt\u00e9kes kenderanyagok teljes spektrum\u00e1t.<\/p>\n<h4>T\u00e1pl\u00e1lkoz\u00e1si szempontb\u00f3l gazdag \u00f6sszet\u00e9tel:<\/h4>\n<p>Cseppjeink hidegen sajtolt kenderolaja tartalmazza:<\/p>\n<ul>\n<li>80% esszenci\u00e1lis zs\u00edrsav ide\u00e1lis omega-3 \u00e9s omega-6 ar\u00e1nnyal<\/li>\n<li>Gazdag D- \u00e9s E-vitaminban<\/li>\n<li>Magas B-komplex vitamin tartalom. Ez az \u00f6sszet\u00e9tel \u00fagy van kialak\u00edtva, hogy t\u00e1pl\u00e1lja \u00e9s t\u00e1mogassa tested \u00e1ltal\u00e1nos eg\u00e9szs\u00e9g\u00e9t \u00e9s j\u00f3ll\u00e9t\u00e9t.<\/li>\n<\/ul>\n<h4>Ide\u00e1lis kezd\u0151knek:<\/h4>\n<p>K\u00fcl\u00f6n\u00f6sen alkalmas azoknak, akik m\u00e9g \u00fajak a kenderterm\u00e9kek vil\u00e1g\u00e1ban, 5% CBD kender cseppjeink egyszer\u0171 m\u00f3dot k\u00edn\u00e1lnak a kannabinoidok be\u00e9p\u00edt\u00e9s\u00e9re a napi rutinodba, hozz\u00e1j\u00e1rulva olyan l\u00e9tfontoss\u00e1g\u00fa funkci\u00f3khoz, mint p\u00e9ld\u00e1ul:<\/p>\n<ul>\n<li>Immunrendszer t\u00e1mogat\u00e1sa<\/li>\n<li>\u00c1ltal\u00e1nos j\u00f3ll\u00e9t<\/li>\n<\/ul>\n<p><strong>F\u0151bb jellemz\u0151k:<\/strong><\/p>\n<ul>\n<li>Tartalmaz 5% vagy 750 mg CBD-t (kannabidiolt)<\/li>\n<li>Kb. 1500 mg teljes spektrum\u00fa kenderkivonat<\/li>\n<li>Szlov\u00e9n kenderlevelekb\u0151l sz\u00e1rmazik<\/li>\n<li>Teljes spektrum\u00fa az \u00e1tfog\u00f3 kannabinoid profil\u00e9rt<\/li>\n<li>A CBD koncentr\u00e1ci\u00f3j\u00e1nak v\u00e1ltoz\u00e1sa a term\u00e9szetes n\u00f6v\u00e9nyi n\u00f6veked\u00e9si k\u00f6r\u00fclm\u00e9nyeket t\u00fckr\u00f6zi<\/li>\n<\/ul>\n<h4>Tested rendszereinek t\u00e1mogat\u00e1sa:<\/h4>\n<p>Kender cseppjeink k\u00f6lcs\u00f6nhat\u00e1sba l\u00e9pnek az endokannabinoid rendszerrel, befoly\u00e1solva a k\u00fcl\u00f6nb\u00f6z\u0151 testfunkci\u00f3kat \u00e9s folyamatokat, bele\u00e9rtve:<\/p>\n<ul>\n<li><strong>Alv\u00e1s min\u0151s\u00e9ge<\/strong>: Seg\u00edt az alv\u00e1s jav\u00edt\u00e1s\u00e1ban.<\/li>\n<li><strong>Hangulat stabilit\u00e1sa<\/strong>: Seg\u00edt kiegyens\u00falyozni a hangulatingadoz\u00e1sokat.<\/li>\n<li><strong>Testh\u0151m\u00e9rs\u00e9klet szab\u00e1lyoz\u00e1sa<\/strong>: Seg\u00edt fenntartani a norm\u00e1lis testh\u0151m\u00e9rs\u00e9kletet.<\/li>\n<li><strong>Mem\u00f3ria \u00e9s kognit\u00edv funkci\u00f3k<\/strong>: T\u00e1mogatja az agy eg\u00e9szs\u00e9g\u00e9t.<\/li>\n<li><strong>Izom- \u00e9s motoros eg\u00e9szs\u00e9g<\/strong>: J\u00f3t\u00e9konyan hat az izom- \u00e9s mozg\u00e1sfunkci\u00f3kra.<\/li>\n<li><strong>Sz\u00edv- \u00e9s \u00e9rrendszeri j\u00f3ll\u00e9t<\/strong>: T\u00e1mogatja a sz\u00edv eg\u00e9szs\u00e9g\u00e9t.<\/li>\n<li><strong>\u00c9tv\u00e1gy \u00e9s em\u00e9szt\u00e9s<\/strong>: Szab\u00e1lyozza az \u00e9tkez\u00e9si szok\u00e1sokat.<\/li>\n<li><strong>B\u0151r\u00e1pol\u00e1s<\/strong>: Jav\u00edtja a b\u0151r eg\u00e9szs\u00e9g\u00e9t.<\/li>\n<li><strong>Term\u00e9kenys\u00e9g \u00e9s hormon\u00e1lis egyens\u00faly<\/strong>: Befoly\u00e1solja a reprodukt\u00edv eg\u00e9szs\u00e9get.<\/li>\n<\/ul>\n<h4>T\u00e1rol\u00e1s \u00e9s haszn\u00e1lat:<\/h4>\n<p>T\u00e1rold ezeket a cseppeket h\u0171v\u00f6s, szobah\u0151m\u00e9rs\u00e9klet\u0171 helyen, napf\u00e9nyt\u0151l v\u00e9dve, \u00e9s tartsd gyermekekt\u0151l elz\u00e1rva a biztons\u00e1g \u00e9rdek\u00e9ben.<\/p>\n<h4>Helyben termesztett \u00e9s el\u0151\u00e1ll\u00edtott:<\/h4>\n<p>B\u00fcszk\u00e9n, Szlov\u00e9ni\u00e1ban termesztett alapanyagokb\u00f3l k\u00e9sz\u00fclve, CBD cseppjeink az Agrosloven elk\u00f6telezetts\u00e9g\u00e9t k\u00e9pviselik a term\u00e9szetes, kiv\u00e1l\u00f3 min\u0151s\u00e9g\u0171 wellness term\u00e9kek ir\u00e1nt.<\/p>\n<p>\u00c9rdekl\u0151d\u00e9s vagy ingyenes konzult\u00e1ci\u00f3 eset\u00e9n vedd fel vel\u00fcnk a kapcsolatot az <a href=\"mailto:info@agrosloven.com\" target=\"_new\" rel=\"noopener\">info@agrosloven.com<\/a> c\u00edmen. \u00c9lj eg\u00e9szs\u00e9gesebb \u00e9letm\u00f3dot az Agrosloven\u2122 XXL 5% CBD cseppekkel.<\/p>\n","protected":false},"excerpt":{"rendered":"<p data-start=\"313\" data-end=\"438\">XXL 5% teljes spektrum\u00fa CBD olaj \u2013 nagy kiszerel\u00e9s pr\u00e9mium min\u0151s\u00e9gben<\/p>\n<p data-start=\"313\" data-end=\"438\">Ismerd meg az Agrosloven\u2122 XXL CBD cseppeket \u2013 30 ml-es, gazdas\u00e1gos kiszerel\u00e9sben, 1500 mg teljes spektrum\u00fa CBD tartalommal.<\/p>\n<p data-start=\"445\" data-end=\"626\">Hidegen sajtolt kenderolajjal, term\u00e9szetes hat\u00f3anyagokkal \u00e9s maxim\u00e1lis tisztas\u00e1ggal k\u00e9sz\u00fclt \u2013 ide\u00e1lis v\u00e1laszt\u00e1s a napi egyens\u00faly t\u00e1mogat\u00e1s\u00e1hoz, stresszkezel\u00e9shez \u00e9s koncentr\u00e1ci\u00f3hoz.<\/p>\n","protected":false},"featured_media":4560,"comment_status":"open","ping_status":"closed","template":"","meta":{"_acf_changed":false,"bwfblock_default_font":""},"product_brand":[246],"product_cat":[431,429],"product_tag":[],"class_list":{"0":"post-4564","1":"product","2":"type-product","3":"status-publish","4":"has-post-thumbnail","6":"product_brand-agrosloven-en","7":"product_cat-cbd-cseppek","8":"product_cat-kendercseppek","9":"pa_useful-altalanos-jolet","10":"pa_useful-az-alvas-minosegenek-javitasa","11":"pa_useful-az-immunrendszer-erositese","12":"pa_useful-szorongas-es-stresszoldas","14":"first","15":"instock","16":"taxable","17":"shipping-taxable","18":"purchasable","19":"product-type-simple"},"acf":[],"_links":{"self":[{"href":"https:\/\/agrosloven.com\/hu\/wp-json\/wp\/v2\/product\/4564","targetHints":{"allow":["GET"]}}],"collection":[{"href":"https:\/\/agrosloven.com\/hu\/wp-json\/wp\/v2\/product"}],"about":[{"href":"https:\/\/agrosloven.com\/hu\/wp-json\/wp\/v2\/types\/product"}],"replies":[{"embeddable":true,"href":"https:\/\/agrosloven.com\/hu\/wp-json\/wp\/v2\/comments?post=4564"}],"wp:featuredmedia":[{"embeddable":true,"href":"https:\/\/agrosloven.com\/hu\/wp-json\/wp\/v2\/media\/4560"}],"wp:attachment":[{"href":"https:\/\/agrosloven.com\/hu\/wp-json\/wp\/v2\/media?parent=4564"}],"wp:term":[{"taxonomy":"product_brand","embeddable":true,"href":"https:\/\/agrosloven.com\/hu\/wp-json\/wp\/v2\/product_brand?post=4564"},{"taxonomy":"product_cat","embeddable":true,"href":"https:\/\/agrosloven.com\/hu\/wp-json\/wp\/v2\/product_cat?post=4564"},{"taxonomy":"product_tag","embeddable":true,"href":"https:\/\/agrosloven.com\/hu\/wp-json\/wp\/v2\/product_tag?post=4564"}],"curies":[{"name":"wp","href":"https:\/\/api.w.org\/{rel}","templated":true}]}}