{"id":4587,"date":"2023-04-22T12:11:03","date_gmt":"2023-04-22T10:11:03","guid":{"rendered":"https:\/\/agrosloven.com\/product\/50-cbd-kendergyanta\/"},"modified":"2025-10-29T20:52:42","modified_gmt":"2025-10-29T19:52:42","slug":"50-cbd-kendergyanta","status":"publish","type":"product","link":"https:\/\/agrosloven.com\/hu\/termek\/50-cbd-kendergyanta\/","title":{"rendered":"50% CBD kendergyanta"},"content":{"rendered":"<h2>Le\u00edr\u00e1s<\/h2>\n<div class=\"min-h-[20px] text-message flex flex-col items-start gap-3 whitespace-pre-wrap break-words [.text-message+&amp;]:mt-5 overflow-x-auto\" data-message-author-role=\"assistant\" data-message-id=\"52eb62ca-2f05-4d9a-8492-89d164778ae7\">\n<div class=\"markdown prose w-full break-words dark:prose-invert light\">\n<h4>Term\u00e9szetes kivonatol\u00e1s a maxim\u00e1lis hat\u00e9konys\u00e1g\u00e9rt:<\/h4>\n<p>CBD kendergyant\u00e1nk k\u00edm\u00e9letes elj\u00e1r\u00e1ssal, kenderlevelekb\u0151l k\u00e9sz\u00fcl, elker\u00fclve a magas h\u0151m\u00e9rs\u00e9kletet, hogy meg\u0151rizze a kannabinoidok, terp\u00e9nek \u00e9s m\u00e1s j\u00f3t\u00e9kony kannabiszvegy\u00fcletek integrit\u00e1s\u00e1t.<\/p>\n<h4>Gazdag t\u00e1pl\u00e1lkoz\u00e1si profil:<\/h4>\n<p>A gyanta \u00f6sszet\u00e9tele:<\/p>\n<ul>\n<li>Hidegen sajtolt kenderolaj, b\u0151s\u00e9gesen tartalmaz esszenci\u00e1lis zs\u00edrsavakat ide\u00e1lis omega-3 \u00e9s omega-6 ar\u00e1nnyal.<\/li>\n<li>Gazdag D-, E- \u00e9s B-komplex vitaminokban.<\/li>\n<li>M\u00e9hviasz, amely j\u00f3t\u00e9kony zs\u00edrsavakat \u00e9s A-vitamint tartalmaz\u00f3 kever\u00e9ket ad hozz\u00e1.<\/li>\n<\/ul>\n<p><strong>Magas koncentr\u00e1ci\u00f3 a fokozott el\u0151ny\u00f6k\u00e9rt:<\/strong><\/p>\n<ul>\n<li>2500 mg CBD-t (kannabidiolt) tartalmaz.<\/li>\n<li>5000 mg teljes spektrum\u00fa kenderkivonat, amely akt\u00edv \u00f6sszetev\u0151k sz\u00e9les sk\u00e1l\u00e1j\u00e1t biztos\u00edtja.<\/li>\n<\/ul>\n<h4>Az endokannabinoid rendszer t\u00e1mogat\u00e1sa:<\/h4>\n<p>A gyant\u00e1ban tal\u00e1lhat\u00f3 CBD \u00e9s m\u00e1s kannabinoidok k\u00f6lcs\u00f6nhat\u00e1sba l\u00e9pnek a szervezet endokannabinoid rendszer\u00e9vel, amely kulcsszerepet j\u00e1tszik sz\u00e1mos funkci\u00f3 \u00e9s folyamat szab\u00e1lyoz\u00e1s\u00e1ban, bele\u00e9rtve:<\/p>\n<ul>\n<li><strong>B\u0151reg\u00e9szs\u00e9g<\/strong>: Jav\u00edtja a b\u0151r funkci\u00f3it.<\/li>\n<li><strong>Term\u00e9kenys\u00e9g \u00e9s hormon\u00e1lis egyens\u00faly<\/strong>: Befoly\u00e1solja a reprodukt\u00edv eg\u00e9szs\u00e9get.<\/li>\n<li><strong>Alv\u00e1s szab\u00e1lyoz\u00e1sa<\/strong>: Jav\u00edtja az alv\u00e1s min\u0151s\u00e9g\u00e9t.<\/li>\n<li><strong>Hangulat stabilit\u00e1sa<\/strong>: Seg\u00edt az \u00e9rzelmi egyens\u00falyban.<\/li>\n<li><strong>Testh\u0151m\u00e9rs\u00e9klet<\/strong>: Seg\u00edt a testh\u0151m\u00e9rs\u00e9klet szab\u00e1lyoz\u00e1s\u00e1ban.<\/li>\n<li><strong>Mem\u00f3ria \u00e9s kognit\u00edv funkci\u00f3k<\/strong>: T\u00e1mogatja az agy eg\u00e9szs\u00e9g\u00e9t.<\/li>\n<li><strong>Motoros \u00e9s izom eg\u00e9szs\u00e9g<\/strong>: J\u00f3t\u00e9kony hat\u00e1ssal van az izomfunkci\u00f3kra.<\/li>\n<li><strong>Sz\u00edv- \u00e9s \u00e9rrendszeri j\u00f3l\u00e9t<\/strong>: Seg\u00edti a sz\u00edv- \u00e9s kering\u00e9si eg\u00e9szs\u00e9get.<\/li>\n<li><strong>\u00c9tv\u00e1gy \u00e9s em\u00e9szt\u00e9s<\/strong>: Szab\u00e1lyozza az \u00e9tkez\u00e9si szok\u00e1sokat.<\/li>\n<\/ul>\n<h4>Szlov\u00e9ni\u00e1ban termesztett, EU-ban k\u00e9sz\u00fclt:<\/h4>\n<p>B\u00fcszk\u00e9n, szlov\u00e9n kenderb\u0151l k\u00e9sz\u00fclt CBD kendergyant\u00e1nk az EU-ban k\u00e9sz\u00fcl, t\u00fckr\u00f6zve elk\u00f6telezetts\u00e9g\u00fcnket a min\u0151s\u00e9g \u00e9s a term\u00e9szetes j\u00f3l\u00e9t ir\u00e1nt.<\/p>\n<\/div>\n<\/div>\n<div class=\"min-h-[20px] text-message flex flex-col items-start gap-3 whitespace-pre-wrap break-words [.text-message+&amp;]:mt-5 overflow-x-auto\" data-message-author-role=\"assistant\" data-message-id=\"80eebed4-76fc-491c-99ee-19b6805dea87\">\n<div class=\"markdown prose w-full break-words dark:prose-invert light\">\n<h4>T\u00e1rol\u00e1s \u00e9s biztons\u00e1g:<\/h4>\n<p>Gyant\u00e1nk min\u0151s\u00e9g\u00e9nek \u00e9s hat\u00e9konys\u00e1g\u00e1nak meg\u0151rz\u00e9se \u00e9rdek\u00e9ben t\u00e1rold h\u0171v\u00f6s vagy szobah\u0151m\u00e9rs\u00e9kleten, k\u00f6zvetlen napf\u00e9nyt\u0151l v\u00e9dve, \u00e9s tartsd t\u00e1vol gyermekekt\u0151l. Ez a gondos t\u00e1rol\u00e1s biztos\u00edtja, hogy a gyanta hat\u00e9kony \u00e9s biztons\u00e1gos maradjon a haszn\u00e1latra.<\/p>\n<h4>\u00c1tfog\u00f3 eg\u00e9szs\u00e9g\u00fcgyi el\u0151ny\u00f6k:<\/h4>\n<p>Az Agrosloven\u2122 CBD kendergyanta nem csup\u00e1n specifikus eg\u00e9szs\u00e9g\u00fcgyi probl\u00e9m\u00e1kra, hanem az \u00e1ltal\u00e1nos j\u00f3l\u00e9t fokoz\u00e1s\u00e1ra is k\u00e9sz\u00fclt. Akt\u00edv \u00f6sszetev\u0151inek sz\u00e9les spektruma sokoldal\u00fa term\u00e9kk\u00e9 teszi, amely sz\u00e1mos eg\u00e9szs\u00e9g\u00fcgyi ig\u00e9nyre alkalmas.<\/p>\n<h4>Min\u0151s\u00e9gbiztos\u00edt\u00e1s:<\/h4>\n<p>Min\u0151s\u00e9g ir\u00e1nti elk\u00f6telezetts\u00e9g\u00fcnk rend\u00edthetetlen, az alapanyagok kiv\u00e1laszt\u00e1s\u00e1t\u00f3l a v\u00e9gterm\u00e9kig. A CBD kendergyanta minden egyes t\u00e9tele szigor\u00fa min\u0151s\u00e9gellen\u0151rz\u00e9si szabv\u00e1nyok szerint k\u00e9sz\u00fcl, biztos\u00edtva a kiv\u00e1l\u00f3 min\u0151s\u00e9g\u0171, hat\u00e9kony term\u00e9ket.<\/p>\n<p>Tov\u00e1bbi inform\u00e1ci\u00f3\u00e9rt vagy ingyenes konzult\u00e1ci\u00f3 k\u00e9r\u00e9s\u00e9hez l\u00e9pj kapcsolatba vel\u00fcnk az <a href=\"mailto:info@agrosloven.com\" target=\"_new\" rel=\"noopener\">info@agrosloven.com<\/a> c\u00edmen. Tapasztald meg az Agrosloven\u2122 CBD kendergyanta term\u00e9szetes \u00e9s \u00e1tfog\u00f3 el\u0151nyeit eg\u00e9szs\u00e9ged \u00e9s j\u00f3l\u00e9ted \u00e9rdek\u00e9ben.<\/p>\n<\/div>\n<\/div>\n","protected":false},"excerpt":{"rendered":"<p data-start=\"307\" data-end=\"536\">50% CBD gyanta \u2013 ultraer\u0151s teljes spektrum\u00fa kenderkivonat halad\u00f3knak<\/p>\n<p data-start=\"307\" data-end=\"536\">Tapasztalt felhaszn\u00e1l\u00f3knak k\u00e9sz\u00fclt, a leger\u0151sebb term\u00e9szetes t\u00e1mogat\u00e1s\u00e9rt: az Agrosloven\u2122 50% CBD gyanta kiemelked\u0151en koncentr\u00e1lt, teljes spektrum\u00fa kenderkivonatot k\u00edn\u00e1l, hidegen sajtolt kenderolajban \u00e9s m\u00e9hviasszal kombin\u00e1lva.<\/p>\n<p data-start=\"543\" data-end=\"696\">Minden t\u00e9gely 2500 mg CBD-t tartalmaz, t\u00f6bb mint 5000 mg kivonattal. T\u00f6k\u00e9letes a napi stressz enyh\u00edt\u00e9s\u00e9re, pihen\u00e9sre \u00e9s a tudatos \u00e9letvitel t\u00e1mogat\u00e1s\u00e1ra.<\/p>\n","protected":false},"featured_media":4586,"comment_status":"open","ping_status":"closed","template":"","meta":{"_acf_changed":false,"bwfblock_default_font":""},"product_brand":[],"product_cat":[434,427],"product_tag":[],"class_list":{"0":"post-4587","1":"product","2":"type-product","3":"status-publish","4":"has-post-thumbnail","6":"product_cat-kendergyanta","7":"product_cat-zold-akcio","8":"pa_useful-altalanos-jolet","9":"pa_useful-az-alvas-minosegenek-javitasa","10":"pa_useful-az-immunrendszer-erositese","11":"pa_useful-fajdalom-es-gyulladas-tamogatasa","12":"pa_useful-szorongas-es-stresszoldas","14":"first","15":"instock","16":"sale","17":"taxable","18":"shipping-taxable","19":"purchasable","20":"product-type-simple"},"acf":[],"_links":{"self":[{"href":"https:\/\/agrosloven.com\/hu\/wp-json\/wp\/v2\/product\/4587","targetHints":{"allow":["GET"]}}],"collection":[{"href":"https:\/\/agrosloven.com\/hu\/wp-json\/wp\/v2\/product"}],"about":[{"href":"https:\/\/agrosloven.com\/hu\/wp-json\/wp\/v2\/types\/product"}],"replies":[{"embeddable":true,"href":"https:\/\/agrosloven.com\/hu\/wp-json\/wp\/v2\/comments?post=4587"}],"wp:featuredmedia":[{"embeddable":true,"href":"https:\/\/agrosloven.com\/hu\/wp-json\/wp\/v2\/media\/4586"}],"wp:attachment":[{"href":"https:\/\/agrosloven.com\/hu\/wp-json\/wp\/v2\/media?parent=4587"}],"wp:term":[{"taxonomy":"product_brand","embeddable":true,"href":"https:\/\/agrosloven.com\/hu\/wp-json\/wp\/v2\/product_brand?post=4587"},{"taxonomy":"product_cat","embeddable":true,"href":"https:\/\/agrosloven.com\/hu\/wp-json\/wp\/v2\/product_cat?post=4587"},{"taxonomy":"product_tag","embeddable":true,"href":"https:\/\/agrosloven.com\/hu\/wp-json\/wp\/v2\/product_tag?post=4587"}],"curies":[{"name":"wp","href":"https:\/\/api.w.org\/{rel}","templated":true}]}}