{"id":4596,"date":"2023-04-22T12:11:03","date_gmt":"2023-04-22T10:11:03","guid":{"rendered":"https:\/\/agrosloven.com\/product\/5-cbg-kender-cseppek\/"},"modified":"2025-10-29T20:59:46","modified_gmt":"2025-10-29T19:59:46","slug":"5-cbg-kender-cseppek","status":"publish","type":"product","link":"https:\/\/agrosloven.com\/hu\/termek\/5-cbg-kender-cseppek\/","title":{"rendered":"5% CBG kender cseppek"},"content":{"rendered":"<h2>Le\u00edr\u00e1s<\/h2>\n<div class=\"min-h-[20px] text-message flex flex-col items-start gap-3 whitespace-pre-wrap break-words [.text-message+&amp;]:mt-5 overflow-x-auto\" data-message-author-role=\"assistant\" data-message-id=\"ff962308-1086-4d40-a544-41dd99fca76c\">\n<div class=\"markdown prose w-full break-words dark:prose-invert light\">\n<h4>Fedezd fel a &#8216;kannabinoidok anyj\u00e1t&#8217;:<\/h4>\n<p>Az Agrosloven\u2122 CBG cseppek kiemelkednek a kannabinoid piacon egyedi f\u00f3kuszukkal a kannabigerolra (CBG), amelyet gyakran &#8216;a kannabinoidok anyjak\u00e9nt&#8217; emlegetnek. A CBG prekurzork\u00e9nt szolg\u00e1l, amelyb\u0151l m\u00e1s kannabinoidok szintetiz\u00e1l\u00f3dnak. Cseppjeink CBG-ben gazdag kenderkivonatot tartalmaznak, tiszta, hidegen sajtolt kendermagolajban oldva, min\u0151s\u00e9gi szlov\u00e9n kenderb\u0151l k\u00e9sz\u00fclve.<\/p>\n<h4>Gazdag \u00f6sszet\u00e9tel a jobb k\u00f6z\u00e9rzet\u00e9rt:<\/h4>\n<p>CBG cseppjeinkben tal\u00e1lhat\u00f3 kendermagolaj igazi t\u00e1panyagbomba, 80% esszenci\u00e1lis zs\u00edrsavat tartalmaz optim\u00e1lis omega-3 \u00e9s omega-6 egyens\u00fallyal. Ez az olaj gazdag D-, E- \u00e9s B-komplex vitaminokban is, amelyek hozz\u00e1j\u00e1rulnak a k\u00fcl\u00f6nb\u00f6z\u0151 testi funkci\u00f3khoz \u00e9s az \u00e1ltal\u00e1nos eg\u00e9szs\u00e9ghez.<\/p>\n<h4>Az eg\u00e9szs\u00e9gre \u00e9s j\u00f3ll\u00e9tre szabva:<\/h4>\n<p>Kannabiszterm\u00e9kek \u00faj \u00e9s rendszeres felhaszn\u00e1l\u00f3i sz\u00e1m\u00e1ra egyar\u00e1nt tervezve, CBG cseppjeink egyszer\u0171 \u00e9s hat\u00e9kony m\u00f3dot k\u00edn\u00e1lnak a l\u00e9tfontoss\u00e1g\u00fa \u00e9letfunkci\u00f3k, bele\u00e9rtve az immunrendszer t\u00e1mogat\u00e1s\u00e1ra. A cseppek tartalmaznak:<\/p>\n<ul>\n<li>5% vagy 500 mg CBG (kannabigerol).<\/li>\n<li>K\u00f6r\u00fclbel\u00fcl 1000 mg teljes spektrum\u00fa kenderkivonat.<\/li>\n<\/ul>\n<h4>Alacsony h\u0151m\u00e9rs\u00e9klet\u0171 extrakci\u00f3 a tisztas\u00e1g \u00e9s hat\u00e9konys\u00e1g \u00e9rdek\u00e9ben:<\/h4>\n<p>A kannabinoidok, terp\u00e9nek \u00e9s m\u00e1s j\u00f3t\u00e9kony kendervegy\u00fcletek meg\u0151rz\u00e9se \u00e9rdek\u00e9ben alacsony h\u0151m\u00e9rs\u00e9kleten vonjuk ki a kendert. Ez a m\u00f3dszer fenntartja CBG cseppjeink hat\u00e9konys\u00e1g\u00e1t \u00e9s tisztas\u00e1g\u00e1t, \u00edgy a kender term\u00e9szetes el\u0151nyeinek teljes spektrum\u00e1t k\u00edn\u00e1lja neked.<\/p>\n<h4>A testfunkci\u00f3k term\u00e9szetes szab\u00e1lyoz\u00e1sa:<\/h4>\n<p>A CBG k\u00f6lcs\u00f6nhat\u00e1sba l\u00e9p a szervezet endokannabinoid rendszer\u00e9vel, amely kulcsfontoss\u00e1g\u00fa szerepet j\u00e1tszik olyan funkci\u00f3k szab\u00e1lyoz\u00e1s\u00e1ban, mint az alv\u00e1s, hangulat, testh\u0151m\u00e9rs\u00e9klet, mem\u00f3ria \u00e9s m\u00e9g sok m\u00e1s. Ez a k\u00f6lcs\u00f6nhat\u00e1s al\u00e1h\u00fazza a CBG fontoss\u00e1g\u00e1t a k\u00fcl\u00f6nb\u00f6z\u0151 testi folyamatok fenntart\u00e1s\u00e1ban.<\/p>\n<h4>Fenntarthat\u00f3 \u00e9s biztons\u00e1gos:<\/h4>\n<p>Helyi termeszt\u00e9s\u0171 szlov\u00e9n kenderb\u0151l el\u0151\u00e1ll\u00edtva, CBG cseppjeink t\u00fckr\u00f6zik elk\u00f6telezetts\u00e9g\u00fcnket a fenntarthat\u00f3 \u00e9s felel\u0151s termel\u00e9s ir\u00e1nt. Ide\u00e1lis k\u00f6r\u00fclm\u00e9nyek k\u00f6z\u00f6tt t\u00e1rolva a min\u0151s\u00e9g meg\u0151rz\u00e9se \u00e9rdek\u00e9ben, ezek a cseppek bizony\u00edtj\u00e1k elk\u00f6telezetts\u00e9g\u00fcnket a term\u00e9szetes eg\u00e9szs\u00e9g\u00fcgyi megold\u00e1sok ir\u00e1nt.<\/p>\n<p>Fedezd fel a CBG egyedi el\u0151nyeit \u00e9s sokoldal\u00fas\u00e1g\u00e1t az Agrosloven\u2122-nel. R\u00e9szletesebb inform\u00e1ci\u00f3k\u00e9rt vagy ingyenes konzult\u00e1ci\u00f3 k\u00e9r\u00e9s\u00e9hez b\u00e1tran vedd fel vel\u00fcnk a kapcsolatot az <a href=\"mailto:info@agrosloven.com\" target=\"_new\" rel=\"noopener\">info@agrosloven.com<\/a> c\u00edmen. Tapasztald meg az Agrosloven\u2122 CBG cseppek term\u00e9szetes hat\u00e9konys\u00e1g\u00e1t eg\u00e9szs\u00e9ged \u00e9s j\u00f3ll\u00e9ted t\u00e1mogat\u00e1s\u00e1ban.<\/p>\n<\/div>\n<\/div>\n","protected":false},"excerpt":{"rendered":"<p>5% CBG olaj \u2013 term\u00e9szetes f\u00f3kusz \u00e9s egyens\u00faly a mindennapokhoz<\/p>\n<p data-start=\"293\" data-end=\"464\">Az Agrosloven\u2122 5% CBG cseppek tiszta kannabigerolban (CBG) gazdag, teljes spektrum\u00fa kenderkivonatot tartalmaznak, amelyet hidegen sajtolt kendermagolajban oldottunk fel.<\/p>\n<p data-start=\"471\" data-end=\"724\">A CBG-t gyakran nevezik \u201ea kannabinoidok anyj\u00e1nak\u201d, mivel alapvet\u0151 szerepet j\u00e1tszik m\u00e1s kannabinoidok kialakul\u00e1s\u00e1ban. Term\u00e9k\u00fcnk ide\u00e1lis v\u00e1laszt\u00e1s azoknak, akik term\u00e9szetes m\u00f3don szeretn\u00e9k t\u00e1mogatni <strong data-start=\"669\" data-end=\"723\">a f\u00f3kuszt, immunrendszert \u00e9s a ment\u00e1lis egyens\u00falyt<\/strong>.<\/p>\n<h3 data-start=\"731\" data-end=\"755\">\ud83c\udf31 <strong data-start=\"738\" data-end=\"755\">F\u0151bb el\u0151ny\u00f6k:<\/strong><\/h3>\n<ul data-start=\"757\" data-end=\"988\">\n<li data-start=\"757\" data-end=\"794\">\n<p data-start=\"759\" data-end=\"794\">500 mg CBG 10 ml-es kiszerel\u00e9sben<\/p>\n<\/li>\n<li data-start=\"795\" data-end=\"837\">\n<p data-start=\"797\" data-end=\"837\">1000 mg teljes spektrum\u00fa kenderkivonat<\/p>\n<\/li>\n<li data-start=\"838\" data-end=\"872\">\n<p data-start=\"840\" data-end=\"872\">Gazdag B-, D-, \u00e9s E-vitaminban<\/p>\n<\/li>\n<li data-start=\"873\" data-end=\"911\">\n<p data-start=\"875\" data-end=\"911\">Optim\u00e1lis omega-3 \u00e9s omega-6 ar\u00e1ny<\/p>\n<\/li>\n<li data-start=\"912\" data-end=\"950\">\n<p data-start=\"914\" data-end=\"950\">Szlov\u00e9ni\u00e1ban termesztett kenderb\u0151l<\/p>\n<\/li>\n<li data-start=\"951\" data-end=\"988\">\n<p data-start=\"953\" data-end=\"988\">GMO-mentes, adal\u00e9kanyagokt\u00f3l mentes<\/p>\n<\/li>\n<\/ul>\n","protected":false},"featured_media":4590,"comment_status":"open","ping_status":"closed","template":"","meta":{"_acf_changed":false,"bwfblock_default_font":""},"product_brand":[208],"product_cat":[432,429,427],"product_tag":[446,447,449,452,456,464,460,445],"class_list":{"0":"post-4596","1":"product","2":"type-product","3":"status-publish","4":"has-post-thumbnail","6":"product_brand-agrosloven","7":"product_cat-cbg-cseppek","8":"product_cat-kendercseppek","9":"product_cat-zold-akcio","10":"product_tag-agrosloven","11":"product_tag-cbd","12":"product_tag-cbd-cseppek","13":"product_tag-cbd-kendercseppek","14":"product_tag-cbg","15":"product_tag-kanabigerol","16":"product_tag-kender","17":"product_tag-kenderolaj","18":"pa_useful-altalanos-jolet","19":"pa_useful-az-alvas-minosegenek-javitasa","20":"pa_useful-az-immunrendszer-erositese","21":"pa_useful-szorongas-es-stresszoldas","23":"first","24":"instock","25":"sale","26":"taxable","27":"shipping-taxable","28":"purchasable","29":"product-type-simple"},"acf":[],"_links":{"self":[{"href":"https:\/\/agrosloven.com\/hu\/wp-json\/wp\/v2\/product\/4596","targetHints":{"allow":["GET"]}}],"collection":[{"href":"https:\/\/agrosloven.com\/hu\/wp-json\/wp\/v2\/product"}],"about":[{"href":"https:\/\/agrosloven.com\/hu\/wp-json\/wp\/v2\/types\/product"}],"replies":[{"embeddable":true,"href":"https:\/\/agrosloven.com\/hu\/wp-json\/wp\/v2\/comments?post=4596"}],"wp:featuredmedia":[{"embeddable":true,"href":"https:\/\/agrosloven.com\/hu\/wp-json\/wp\/v2\/media\/4590"}],"wp:attachment":[{"href":"https:\/\/agrosloven.com\/hu\/wp-json\/wp\/v2\/media?parent=4596"}],"wp:term":[{"taxonomy":"product_brand","embeddable":true,"href":"https:\/\/agrosloven.com\/hu\/wp-json\/wp\/v2\/product_brand?post=4596"},{"taxonomy":"product_cat","embeddable":true,"href":"https:\/\/agrosloven.com\/hu\/wp-json\/wp\/v2\/product_cat?post=4596"},{"taxonomy":"product_tag","embeddable":true,"href":"https:\/\/agrosloven.com\/hu\/wp-json\/wp\/v2\/product_tag?post=4596"}],"curies":[{"name":"wp","href":"https:\/\/api.w.org\/{rel}","templated":true}]}}