{"id":4606,"date":"2023-04-22T12:11:03","date_gmt":"2023-04-22T10:11:03","guid":{"rendered":"https:\/\/agrosloven.com\/product\/cbd-kender-kenocs\/"},"modified":"2025-09-23T14:23:39","modified_gmt":"2025-09-23T12:23:39","slug":"cbd-kender-kenocs","status":"publish","type":"product","link":"https:\/\/agrosloven.com\/hu\/termek\/cbd-kender-kenocs\/","title":{"rendered":"CBD kender ken\u0151cs"},"content":{"rendered":"<h2>Le\u00edr\u00e1s<\/h2>\n<h4>Term\u00e9szetes enyh\u00fcl\u00e9s \u00e9s \u00e1pol\u00e1s:<\/h4>\n<p>Levendul\u00e1val \u00e1titatott CBD kender ken\u0151cs\u00fcnk term\u00e9szetes \u00f6sszetev\u0151k kever\u00e9k\u00e9t k\u00edn\u00e1lja a hat\u00e9kony izomf\u00e1jdalom-csillap\u00edt\u00e1sra \u00e9s b\u0151r\u00e1pol\u00e1sra. A ken\u0151cs teljes spektrum\u00fa kenderkivonatot tartalmaz, \u00e1tfog\u00f3 kannabinoid profilt biztos\u00edtva.<\/p>\n<h4>J\u00f3t\u00e9kony vegy\u00fcletekben gazdag:<\/h4>\n<p>A ken\u0151cs \u00f6sszet\u00e9tele a k\u00f6vetkez\u0151ket tartalmazza:<\/p>\n<ul>\n<li>Hidegen sajtolt kender- \u00e9s k\u00f3kuszolaj a b\u0151r t\u00e1pl\u00e1l\u00e1s\u00e1ra.<\/li>\n<li>M\u00e9hviasz a sima, kenhet\u0151 text\u00far\u00e1\u00e9rt.<\/li>\n<li>K\u00f6r\u00fclbel\u00fcl 1300 mg teljes spektrum\u00fa kenderkivonat 500 mg CBD-vel.<\/li>\n<li>Enyhe, nyugtat\u00f3 levendula aroma.<\/li>\n<\/ul>\n<h4>Min\u0151s\u00e9g \u00e9s hat\u00e9konys\u00e1g:<\/h4>\n<p>Szlov\u00e9n kenderlevelekb\u0151l sz\u00e1rmaz\u00f3, teljes spektrum\u00fa kenderkivonatunk biztos\u00edtja a CBD \u00e1lland\u00f3 mennyis\u00e9g\u00e9t, b\u00e1r a teljes kivonat tartalom kiss\u00e9 elt\u00e9rhet. H\u00e1zon bel\u00fcli kenderkivonat-el\u0151\u00e1ll\u00edt\u00e1sunk lehet\u0151v\u00e9 teszi sz\u00e1munkra a min\u0151s\u00e9g \u00e9s a kannabinoid koncentr\u00e1ci\u00f3 ellen\u0151rz\u00e9s\u00e9t.<\/p>\n<h4>A CBD szerepe a test szab\u00e1lyoz\u00e1s\u00e1ban:<\/h4>\n<p>A CBD k\u00f6lcs\u00f6nhat\u00e1sba l\u00e9p a test endokannabinoid rendszer\u00e9vel, kulcsfontoss\u00e1g\u00fa szerepet j\u00e1tszva k\u00fcl\u00f6nb\u00f6z\u0151 funkci\u00f3k, t\u00f6bbek k\u00f6z\u00f6tt a b\u0151r eg\u00e9szs\u00e9g\u00e9nek szab\u00e1lyoz\u00e1s\u00e1ban.<\/p>\n<h4>Hidegen sajtolva a maxim\u00e1lis el\u0151ny\u00f6k\u00e9rt:<\/h4>\n<p>Szlov\u00e9n ipari kender magj\u00e1b\u00f3l el\u0151\u00e1ll\u00edtott kenderolajunkat hidegen sajtoljuk, hogy meg\u0151rizz\u00fck a j\u00f3t\u00e9kony hat\u00f3anyagok, vitaminok \u00e9s \u00e1sv\u00e1nyi anyagok sz\u00e9les sk\u00e1l\u00e1j\u00e1t:<\/p>\n<ul>\n<li>80 % esszenci\u00e1lis zs\u00edrsavat tartalmaz optim\u00e1lis omega-6 \u00e9s omega-3 ar\u00e1nnyal (3:1).<\/li>\n<li>Gazdag D-, E- \u00e9s B-komplex vitaminokban.<\/li>\n<\/ul>\n<h4>Kenderolaj a b\u0151r eg\u00e9szs\u00e9g\u00e9\u00e9rt:<\/h4>\n<p>A kenderolaj ken\u0151cs\u00fcnkben val\u00f3 alkalmaz\u00e1sa olyan el\u0151ny\u00f6kkel j\u00e1r, mint:<\/p>\n<ul>\n<li>A b\u0151r t\u00e1pl\u00e1l\u00e1sa tel\u00edtetlen zs\u00edrsavakkal, feh\u00e9rj\u00e9kkel \u00e9s \u00e1sv\u00e1nyi anyagokkal.<\/li>\n<li>A b\u0151r\u00e1pol\u00e1s jav\u00edt\u00e1sa gazdag vitamintartalm\u00e1nak k\u00f6sz\u00f6nhet\u0151en.<\/li>\n<\/ul>\n<h4>Fejlett biofotonikus csomagol\u00e1s:<\/h4>\n<p>A ken\u0151cs MIRON Violetglass \u00fcvegben tal\u00e1lhat\u00f3, amely egy innovat\u00edv biofotonikus \u00fcveg, amely megv\u00e9di a term\u00e9szetes term\u00e9keket a k\u00e1ros f\u00e9nyhat\u00e1sokt\u00f3l, meghosszabb\u00edtja az eltarthat\u00f3s\u00e1got \u00e9s meg\u0151rzi a hat\u00e9konys\u00e1got.<\/p>\n<p>Tov\u00e1bbi inform\u00e1ci\u00f3\u00e9rt vagy ingyenes konzult\u00e1ci\u00f3\u00e9rt fordulj hozz\u00e1nk bizalommal az <a href=\"mailto:info@agrosloven.com\" target=\"_new\" rel=\"noopener\">info@agrosloven.com<\/a> c\u00edmen. B\u00edzz az Agrosloven\u2122-ben a term\u00e9szetes \u00e9s hat\u00e9kony izom- \u00e9s b\u0151r\u00e1pol\u00e1si megold\u00e1sok\u00e9rt.<\/p>\n","protected":false},"excerpt":{"rendered":"<p>Az Agrosloven\u2122 CBD kender ken\u0151cs levendul\u00e1val egy t\u00f6bbc\u00e9l\u00fa megold\u00e1s izomf\u00e1jdalmakra \u00e9s k\u00fcl\u00f6nb\u00f6z\u0151 b\u0151rbetegs\u00e9gekre. Teljes spektrum\u00fa kenderkivonattal, hidegen sajtolt kender- \u00e9s k\u00f3kuszolajjal, m\u00e9hviasszal \u00e9s nyugtat\u00f3 levendula arom\u00e1val gazdag\u00edtva ide\u00e1lis at\u00f3pi\u00e1s dermatitiszre, herpeszre, kicserepesedett ajkakra, sebekre, v\u00e1g\u00e1sokra \u00e9s \u00e9g\u00e9si s\u00e9r\u00fcl\u00e9sekre.<\/p>\n","protected":false},"featured_media":4605,"comment_status":"open","ping_status":"closed","template":"","meta":{"_acf_changed":false,"bwfblock_default_font":""},"product_brand":[246],"product_cat":[428],"product_tag":[],"class_list":{"0":"post-4606","1":"product","2":"type-product","3":"status-publish","4":"has-post-thumbnail","6":"product_brand-agrosloven-en","7":"product_cat-kender-kozmetikumok","8":"pa_useful-borapolas","9":"pa_useful-fajdalom-es-gyulladas-tamogatasa","10":"pa_useful-tamogatas-borproblemak-eseten","12":"first","13":"instock","14":"taxable","15":"shipping-taxable","16":"purchasable","17":"product-type-simple"},"acf":[],"_links":{"self":[{"href":"https:\/\/agrosloven.com\/hu\/wp-json\/wp\/v2\/product\/4606","targetHints":{"allow":["GET"]}}],"collection":[{"href":"https:\/\/agrosloven.com\/hu\/wp-json\/wp\/v2\/product"}],"about":[{"href":"https:\/\/agrosloven.com\/hu\/wp-json\/wp\/v2\/types\/product"}],"replies":[{"embeddable":true,"href":"https:\/\/agrosloven.com\/hu\/wp-json\/wp\/v2\/comments?post=4606"}],"wp:featuredmedia":[{"embeddable":true,"href":"https:\/\/agrosloven.com\/hu\/wp-json\/wp\/v2\/media\/4605"}],"wp:attachment":[{"href":"https:\/\/agrosloven.com\/hu\/wp-json\/wp\/v2\/media?parent=4606"}],"wp:term":[{"taxonomy":"product_brand","embeddable":true,"href":"https:\/\/agrosloven.com\/hu\/wp-json\/wp\/v2\/product_brand?post=4606"},{"taxonomy":"product_cat","embeddable":true,"href":"https:\/\/agrosloven.com\/hu\/wp-json\/wp\/v2\/product_cat?post=4606"},{"taxonomy":"product_tag","embeddable":true,"href":"https:\/\/agrosloven.com\/hu\/wp-json\/wp\/v2\/product_tag?post=4606"}],"curies":[{"name":"wp","href":"https:\/\/api.w.org\/{rel}","templated":true}]}}