{"id":4610,"date":"2023-04-22T12:11:03","date_gmt":"2023-04-22T10:11:03","guid":{"rendered":"https:\/\/agrosloven.com\/product\/cbd-kenderolaj-250-ml\/"},"modified":"2025-09-23T14:23:11","modified_gmt":"2025-09-23T12:23:11","slug":"cbd-kenderolaj-250-ml","status":"publish","type":"product","link":"https:\/\/agrosloven.com\/hu\/termek\/cbd-kenderolaj-250-ml\/","title":{"rendered":"CBD kenderolaj 250 ml"},"content":{"rendered":"<h2>Le\u00edr\u00e1s<\/h2>\n<h4>T\u00e1panyagokban gazdag term\u00e9szetes olaj:<\/h4>\n<p>Kenderolajunk val\u00f3s\u00e1gos t\u00e1panyagkincs, gondosan kivonva szlov\u00e9n ipari kendermagb\u00f3l. A hidegen sajtol\u00e1si elj\u00e1r\u00e1s, mely 50\u00b0C alatt tartja a h\u0151m\u00e9rs\u00e9kletet, biztos\u00edtja sz\u00e1mos j\u00f3t\u00e9kony anyag meg\u0151rz\u00e9s\u00e9t, bele\u00e9rtve a vitaminokat \u00e9s \u00e1sv\u00e1nyi anyagokat.<\/p>\n<h4>F\u0151bb t\u00e1pl\u00e1lkoz\u00e1si \u00f6sszetev\u0151k:<\/h4>\n<p>Az olaj jellemz\u0151i:<\/p>\n<ul>\n<li>Magas esszenci\u00e1lis zs\u00edrsavtartalom, mely az olaj 80%-\u00e1t teszi ki.<\/li>\n<li>Ide\u00e1lis ar\u00e1ny omega-3 \u00e9s omega-6 zs\u00edrsavak k\u00f6z\u00f6tt (3:1) az emberi eg\u00e9szs\u00e9g\u00e9rt.<\/li>\n<li>Gazdag D- \u00e9s E-vitaminban, valamint sz\u00e1mos B-komplex vitaminban.<\/li>\n<li>Feh\u00e9rj\u00e9k \u00e9s \u00e1sv\u00e1nyi anyagok, melyek sz\u00fcks\u00e9gesek az eg\u00e9szs\u00e9g meg\u0151rz\u00e9s\u00e9hez.<\/li>\n<\/ul>\n<h4>A kenderolaj eg\u00e9szs\u00e9g\u00fcgyi el\u0151nyei:<\/h4>\n<p>A kenderolaj sz\u00e1mos eg\u00e9szs\u00e9g\u00fcgyi el\u0151nyt k\u00edn\u00e1l, p\u00e9ld\u00e1ul:<\/p>\n<ul>\n<li><strong>V\u00e9rnyom\u00e1s szab\u00e1lyoz\u00e1s<\/strong>: Az omega-3 zs\u00edrsavak seg\u00edtenek cs\u00f6kkenteni a v\u00e9rnyom\u00e1st a magas v\u00e9rnyom\u00e1sban szenved\u0151kn\u00e9l.<\/li>\n<li><strong>Sz\u00edv eg\u00e9szs\u00e9g<\/strong>: Linolsavban gazdag, a kenderolaj cs\u00f6kkentheti az \u00f6sszkoleszterin- \u00e9s LDL-szintet, ez\u00e1ltal cs\u00f6kkentve a sz\u00edvbetegs\u00e9gek kock\u00e1zat\u00e1t.<\/li>\n<li><strong>B\u0151r javul\u00e1sa<\/strong>: J\u00f3t\u00e9kony hat\u00e1s\u00fa olyan \u00e1llapotok eset\u00e9n, mint az at\u00f3pi\u00e1s dermatitis, pikkelys\u00f6m\u00f6r \u00e9s akne; er\u0151s\u00edti a b\u0151r ellen\u00e1ll\u00e1s\u00e1t a fert\u0151z\u00e9sekkel szemben.<\/li>\n<\/ul>\n<h4>\u00cdz \u00e9s min\u0151s\u00e9g:<\/h4>\n<p>A kenderolajat di\u00f3s \u00edze jellemzi, kellemes \u00edzt adva k\u00fcl\u00f6nb\u00f6z\u0151 \u00e9teleknek. Min\u0151s\u00e9g\u00e9t a gondos, h\u0151m\u00e9rs\u00e9klet-szab\u00e1lyozott hidegen sajtol\u00e1si elj\u00e1r\u00e1s biztos\u00edtja.<\/p>\n<h4>Szlov\u00e9n kenderb\u0151l sz\u00e1rmazik:<\/h4>\n<p>Min\u0151s\u00e9g ir\u00e1nti elk\u00f6telezetts\u00e9g\u00fcnk a forr\u00e1sn\u00e1l kezd\u0151dik. Az olajunkhoz haszn\u00e1lt kendermagokat Szlov\u00e9ni\u00e1ban termesztik, ez\u00e1ltal biztos\u00edtva egy term\u00e9szetes \u00e9s a legmagasabb min\u0151s\u00e9g\u0171 term\u00e9ket.<\/p>\n<h4>Ide\u00e1lis a mindennapi eg\u00e9szs\u00e9ghez:<\/h4>\n<p>Az Agrosloven\u2122 kenderolaj be\u00e9p\u00edt\u00e9se a mindennapi \u00e9trendbe jelent\u0151sen jav\u00edthatja \u00e1ltal\u00e1nos eg\u00e9szs\u00e9gedet \u00e9s j\u00f3l\u00e9tedet, term\u00e9szetes, kiegyens\u00falyozott megk\u00f6zel\u00edt\u00e9st k\u00edn\u00e1lva a t\u00e1pl\u00e1lkoz\u00e1shoz.<\/p>\n<p>Tov\u00e1bbi inform\u00e1ci\u00f3k\u00e9rt vagy ingyenes konzult\u00e1ci\u00f3\u00e9rt k\u00e9rj\u00fck, vedd fel vel\u00fcnk a kapcsolatot az <a href=\"mailto:info@agrosloven.com\" target=\"_new\" rel=\"noopener\">info@agrosloven.com<\/a> c\u00edmen. Tapasztald meg az Agrosloven\u2122 kenderolaj term\u00e9szetes j\u00f3s\u00e1g\u00e1t, eg\u00e9szs\u00e9ged \u00e9s j\u00f3l\u00e9ted partnere.<\/p>\n","protected":false},"excerpt":{"rendered":"<p>Az Agrosloven\u2122 kenderolaj, szlov\u00e9n ipari kendermagb\u00f3l hidegen sajtol\u00e1ssal kivonva, egy t\u00e1panyagokban gazdag olaj. Tele van esszenci\u00e1lis zs\u00edrsavakkal, D-, E- \u00e9s B-komplex vitaminokkal, t\u00f6k\u00e9letes egyens\u00falyt k\u00edn\u00e1l az optim\u00e1lis eg\u00e9szs\u00e9g\u00e9rt. Egyedi elj\u00e1r\u00e1sa biztos\u00edtja a j\u00f3t\u00e9kony anyagok meg\u0151rz\u00e9s\u00e9t, \u00edgy ide\u00e1lis az \u00e1ltal\u00e1nos j\u00f3l\u00e9thez.<\/p>\n","protected":false},"featured_media":4609,"comment_status":"open","ping_status":"closed","template":"","meta":{"_acf_changed":false,"bwfblock_default_font":""},"product_brand":[],"product_cat":[433],"product_tag":[446,460,445,466,467,468],"class_list":{"0":"post-4610","1":"product","2":"type-product","3":"status-publish","4":"has-post-thumbnail","6":"product_cat-kenderolaj","7":"product_tag-agrosloven","8":"product_tag-kender","9":"product_tag-kenderolaj","10":"product_tag-omega3","11":"product_tag-omega6","12":"product_tag-omega9","13":"pa_useful-altalanos-jolet","14":"pa_useful-az-immunrendszer-erositese","16":"first","17":"instock","18":"featured","19":"taxable","20":"shipping-taxable","21":"purchasable","22":"product-type-simple"},"acf":[],"_links":{"self":[{"href":"https:\/\/agrosloven.com\/hu\/wp-json\/wp\/v2\/product\/4610","targetHints":{"allow":["GET"]}}],"collection":[{"href":"https:\/\/agrosloven.com\/hu\/wp-json\/wp\/v2\/product"}],"about":[{"href":"https:\/\/agrosloven.com\/hu\/wp-json\/wp\/v2\/types\/product"}],"replies":[{"embeddable":true,"href":"https:\/\/agrosloven.com\/hu\/wp-json\/wp\/v2\/comments?post=4610"}],"wp:featuredmedia":[{"embeddable":true,"href":"https:\/\/agrosloven.com\/hu\/wp-json\/wp\/v2\/media\/4609"}],"wp:attachment":[{"href":"https:\/\/agrosloven.com\/hu\/wp-json\/wp\/v2\/media?parent=4610"}],"wp:term":[{"taxonomy":"product_brand","embeddable":true,"href":"https:\/\/agrosloven.com\/hu\/wp-json\/wp\/v2\/product_brand?post=4610"},{"taxonomy":"product_cat","embeddable":true,"href":"https:\/\/agrosloven.com\/hu\/wp-json\/wp\/v2\/product_cat?post=4610"},{"taxonomy":"product_tag","embeddable":true,"href":"https:\/\/agrosloven.com\/hu\/wp-json\/wp\/v2\/product_tag?post=4610"}],"curies":[{"name":"wp","href":"https:\/\/api.w.org\/{rel}","templated":true}]}}