{"id":4614,"date":"2023-04-22T12:11:03","date_gmt":"2023-04-22T10:11:03","guid":{"rendered":"https:\/\/agrosloven.com\/product\/cbd-kenderkrem\/"},"modified":"2025-09-23T14:22:52","modified_gmt":"2025-09-23T12:22:52","slug":"cbd-kenderkrem","status":"publish","type":"product","link":"https:\/\/agrosloven.com\/hu\/termek\/cbd-kenderkrem\/","title":{"rendered":"CBD kenderkr\u00e9m"},"content":{"rendered":"<h2>Le\u00edr\u00e1s<\/h2>\n<div class=\"min-h-[20px] text-message flex flex-col items-start gap-3 whitespace-pre-wrap break-words [.text-message+&amp;]:mt-5 overflow-x-auto\" data-message-author-role=\"assistant\" data-message-id=\"8d3151dd-3084-4bd2-bf89-075a8236f582\">\n<div class=\"markdown prose w-full break-words dark:prose-invert light\">\n<h4>Term\u00e9szetes b\u0151r\u00e1pol\u00e1s kenderrel \u00e9s jojobaolajjal:<\/h4>\n<p>Az Agrosloven\u2122 CBD kenderkr\u00e9m egyes\u00edti a 100% term\u00e9szetes kender \u00e9s jojobaolaj nyugtat\u00f3 tulajdons\u00e1gait. Ez az egyed\u00fcl\u00e1ll\u00f3 kombin\u00e1ci\u00f3 t\u00e1pl\u00e1lja \u00e9s hidrat\u00e1lja az \u00e9rz\u00e9keny b\u0151rt an\u00e9lk\u00fcl, hogy zs\u00edros \u00e9rzetet hagyna. A kr\u00e9m formul\u00e1j\u00e1t kifejezetten a b\u0151r felt\u00f6lt\u00e9s\u00e9re \u00e9s megfiatal\u00edt\u00e1s\u00e1ra tervezt\u00e9k, b\u00e1rsonyosan puh\u00e1v\u00e1 \u00e9s friss\u00e9 t\u00e9ve azt.<\/p>\n<h4>Gazdag t\u00e1panyagtartalom az eg\u00e9szs\u00e9ges b\u0151r\u00e9rt:<\/h4>\n<p>A kr\u00e9m 5% kendermagolajat \u00e9s 5% jojobaolajat tartalmaz, mindkett\u0151 ismert a b\u0151rre gyakorolt j\u00f3t\u00e9kony hat\u00e1sair\u00f3l:<\/p>\n<ul>\n<li>A kendermagolaj gazdag gamma-linol\u00e9nsavban (GLA) \u00e9s esszenci\u00e1lis zs\u00edrsavakban, omega-3 \u00e9s omega-6 zs\u00edrsavakban, amelyek kulcsfontoss\u00e1g\u00faak az eg\u00e9szs\u00e9ges b\u0151r fenntart\u00e1s\u00e1hoz.<\/li>\n<li>A jojobaolaj, amely \u00f6sszet\u00e9tel\u00e9ben hasonl\u00f3 a b\u0151r term\u00e9szetes lipidjeihez, hat\u00e9konyan hidrat\u00e1lja \u00e9s v\u00e9di a b\u0151rt.<\/li>\n<\/ul>\n<p><strong>J\u00f3t\u00e9kony CBD koncentr\u00e1ci\u00f3ja:<\/strong><\/p>\n<ul>\n<li>A kr\u00e9m 1200 mg teljes spektrum\u00fa kenderkivonatot tartalmaz, 600 mg CBD-vel.<\/li>\n<li>A CBD ismert arr\u00f3l, hogy k\u00e9pes k\u00f6lcs\u00f6nhat\u00e1sba l\u00e9pni a b\u0151r endokannabinoid rendszer\u00e9vel, hozz\u00e1j\u00e1rulva a b\u0151r eg\u00e9szs\u00e9g\u00e9nek \u00e9s egyens\u00faly\u00e1nak fenntart\u00e1s\u00e1hoz.<\/li>\n<\/ul>\n<h4>Hidegen sajtol\u00e1s a hat\u00e9konys\u00e1g\u00e9rt \u00e9s tisztas\u00e1g\u00e9rt:<\/h4>\n<p>Kendermagolajunkat hidegen sajtol\u00e1si m\u00f3dszerrel vonjuk ki, biztos\u00edtva, hogy a h\u0151m\u00e9rs\u00e9klet ne haladja meg az 50\u00b0C-ot. Ez a folyamat meg\u0151rzi a j\u00f3t\u00e9kony hat\u00f3anyagok, vitaminok \u00e9s \u00e1sv\u00e1nyi anyagok teljes spektrum\u00e1t, optim\u00e1lis b\u0151r\u00e1pol\u00e1si el\u0151ny\u00f6ket biztos\u00edtva.<\/p>\n<p><strong>Jojobaolaj a fokozott nedvess\u00e9gszab\u00e1lyoz\u00e1s\u00e9rt:<\/strong><\/p>\n<ul>\n<li>A jojobaolaj kiv\u00e1l\u00f3 hidrat\u00e1l\u00f3 tulajdons\u00e1gokkal \u00e9s oxidat\u00edv stabilit\u00e1ssal rendelkezik.<\/li>\n<li>A b\u0151r lipidjeivel val\u00f3 kompatibilit\u00e1sa seg\u00edti a hat\u00e9kony hidrat\u00e1l\u00e1st \u00e9s v\u00e9delmet.<\/li>\n<\/ul>\n<p><strong>B\u0151r\u00f6d \u00e9s a k\u00f6rnyezet \u00e1pol\u00e1sa:<\/strong><\/p>\n<ul>\n<li>Praktikus, l\u00e9gmentes tart\u00e1lyokba csomagolva a k\u00f6nny\u0171 haszn\u00e1lat \u00e9s meg\u0151rz\u00e9s \u00e9rdek\u00e9ben.<\/li>\n<li>Hozz\u00e1adott parf\u00fcm\u00f6kt\u0151l \u00e9s ill\u00f3olajokt\u00f3l mentes, \u00edgy minden b\u0151rt\u00edpusra, k\u00fcl\u00f6n\u00f6sen az \u00e9rz\u00e9keny b\u0151rre alkalmas.<\/li>\n<\/ul>\n<h4>Elk\u00f6telezetts\u00e9g a min\u0151s\u00e9g ir\u00e1nt:<\/h4>\n<p>Az Agrosloven z.o.o. \u00e1ltal Szlov\u00e9ni\u00e1ban gy\u00e1rtott CBD kenderkr\u00e9m\u00fcnk a term\u00e9szetes \u00e9s hat\u00e9kony b\u0151r\u00e1pol\u00e1s ir\u00e1nti elk\u00f6telezetts\u00e9g\u00fcnk t\u00fckre. A legmagasabb sz\u00ednvonalat biztos\u00edtjuk gy\u00e1rt\u00e1si folyamatunkban a pr\u00e9mium min\u0151s\u00e9g\u0171 term\u00e9k \u00e9rdek\u00e9ben.<\/p>\n<p>Fogadd el az Agrosloven\u2122 CBD kenderkr\u00e9m gyeng\u00e9d \u00e1pol\u00e1s\u00e1t a mindennapi b\u0151r\u00e1pol\u00e1si ig\u00e9nyeidhez. Tov\u00e1bbi r\u00e9szletek\u00e9rt vagy k\u00e9rd\u00e9sek\u00e9rt vedd fel vel\u00fcnk a kapcsolatot az <a href=\"mailto:info@agrosloven.com\" target=\"_new\" rel=\"noopener\">info@agrosloven.com<\/a> c\u00edmen. Tapasztald meg a term\u00e9szetes \u00f6sszetev\u0151k erej\u00e9t b\u0151r\u00e1pol\u00e1si rutinodban az Agrosloven\u2122-nel.<\/p>\n<\/div>\n<\/div>\n","protected":false},"excerpt":{"rendered":"<p>Az Agrosloven\u2122 CBD kenderkr\u00e9m ide\u00e1lis mindennapi b\u0151r\u00e1pol\u00e1si megold\u00e1s, 100% term\u00e9szetes kenderb\u0151l \u00e9s jojobaolajb\u00f3l k\u00e9sz\u00fclt. Ez a nem zs\u00edros formula gyeng\u00e9den hidrat\u00e1lja, t\u00e1pl\u00e1lja \u00e9s megfiatal\u00edtja az \u00e9rz\u00e9keny b\u0151rt, friss, puha \u00e9s \u00e1polt \u00e9rzetet hagyva maga ut\u00e1n. Egyed\u00fcl\u00e1ll\u00f3 olajkever\u00e9ke alapvet\u0151 hidrat\u00e1l\u00e1st \u00e9s v\u00e9delmet biztos\u00edt.<\/p>\n","protected":false},"featured_media":4612,"comment_status":"open","ping_status":"closed","template":"","meta":{"_acf_changed":false,"bwfblock_default_font":""},"product_brand":[208],"product_cat":[428],"product_tag":[446,469,447,448,462,460,445,465],"class_list":{"0":"post-4614","1":"product","2":"type-product","3":"status-publish","4":"has-post-thumbnail","6":"product_brand-agrosloven","7":"product_cat-kender-kozmetikumok","8":"product_tag-agrosloven","9":"product_tag-borkrem","10":"product_tag-cbd","11":"product_tag-cbd-krem","12":"product_tag-jojobaolaj","13":"product_tag-kender","14":"product_tag-kenderolaj","15":"product_tag-termeszetes-kozmetikumok","16":"pa_useful-borapolas","17":"pa_useful-tamogatas-borproblemak-eseten","19":"first","20":"outofstock","21":"featured","22":"taxable","23":"shipping-taxable","24":"purchasable","25":"product-type-simple"},"acf":[],"_links":{"self":[{"href":"https:\/\/agrosloven.com\/hu\/wp-json\/wp\/v2\/product\/4614","targetHints":{"allow":["GET"]}}],"collection":[{"href":"https:\/\/agrosloven.com\/hu\/wp-json\/wp\/v2\/product"}],"about":[{"href":"https:\/\/agrosloven.com\/hu\/wp-json\/wp\/v2\/types\/product"}],"replies":[{"embeddable":true,"href":"https:\/\/agrosloven.com\/hu\/wp-json\/wp\/v2\/comments?post=4614"}],"wp:featuredmedia":[{"embeddable":true,"href":"https:\/\/agrosloven.com\/hu\/wp-json\/wp\/v2\/media\/4612"}],"wp:attachment":[{"href":"https:\/\/agrosloven.com\/hu\/wp-json\/wp\/v2\/media?parent=4614"}],"wp:term":[{"taxonomy":"product_brand","embeddable":true,"href":"https:\/\/agrosloven.com\/hu\/wp-json\/wp\/v2\/product_brand?post=4614"},{"taxonomy":"product_cat","embeddable":true,"href":"https:\/\/agrosloven.com\/hu\/wp-json\/wp\/v2\/product_cat?post=4614"},{"taxonomy":"product_tag","embeddable":true,"href":"https:\/\/agrosloven.com\/hu\/wp-json\/wp\/v2\/product_tag?post=4614"}],"curies":[{"name":"wp","href":"https:\/\/api.w.org\/{rel}","templated":true}]}}