{"id":4617,"date":"2023-04-22T12:11:03","date_gmt":"2023-04-22T10:11:03","guid":{"rendered":"https:\/\/agrosloven.com\/product\/kendertea\/"},"modified":"2025-09-23T14:22:29","modified_gmt":"2025-09-23T12:22:29","slug":"kendertea","status":"publish","type":"product","link":"https:\/\/agrosloven.com\/hu\/termek\/kendertea\/","title":{"rendered":"Kendertea"},"content":{"rendered":"<h2>Le\u00edr\u00e1s<\/h2>\n<h4>Term\u00e9szetes wellness \u00e9lm\u00e9ny:<\/h4>\n<p>Az Agrosloven kendertea a min\u0151s\u00e9g \u00e9s a term\u00e9szetes j\u00f3l\u00e9t ir\u00e1nti elk\u00f6telezetts\u00e9g\u00fcnk bizony\u00edt\u00e9ka. Pr\u00e9mium szlov\u00e9n kenderb\u0151l sz\u00e1rmazik, te\u00e1nk gazdag antioxid\u00e1nsokban \u00e9s CBD-ben, holisztikus megk\u00f6zel\u00edt\u00e9st k\u00edn\u00e1lva az eg\u00e9szs\u00e9ghez.<\/p>\n<h4>Elk\u00e9sz\u00edt\u00e9s a maxim\u00e1lis el\u0151ny\u00e9rt:<\/h4>\n<p>Kenderte\u00e1nk \u00e9lvezet\u00e9hez:<\/p>\n<ol>\n<li>Tegy\u00e9l egy csipet te\u00e1t forr\u00f3 v\u00edzbe.<\/li>\n<li>Hagyd \u00e1zni 5-8 percig, \u00edzl\u00e9sed szerint.<\/li>\n<li>A jobb felsz\u00edv\u00f3d\u00e1s \u00e9rdek\u00e9ben adj hozz\u00e1 egy kev\u00e9s zsirad\u00e9kot, p\u00e9ld\u00e1ul vajat, tejet, k\u00f3kuszolajat, olajat vagy m\u00e9zet, mivel a CBD zs\u00edrban old\u00f3dik.<\/li>\n<li>\u00c9lvezd a tea kellemes \u00edz\u00e9t \u00e9s illat\u00e1t.<\/li>\n<\/ol>\n<h4>Kannabinoidokban gazdag:<\/h4>\n<p>Kenderte\u00e1nk z\u00fazott levelek \u00e9s vir\u00e1gok kever\u00e9k\u00e9t tartalmazza, magas term\u00e9szetes kannabinoid tartalommal b\u00fcszk\u00e9lkedhet, k\u00fcl\u00f6n\u00f6sen kannabidiollal (CBD). A kannabinoid szinteket a kenderfajta befoly\u00e1solja, ez\u00e9rt olyan fajt\u00e1kat haszn\u00e1lunk, amelyek magas CBD tartalmukr\u00f3l ismertek.<\/p>\n<h4>Sokoldal\u00fa \u00e9s k\u00f6nnyen haszn\u00e1lhat\u00f3:<\/h4>\n<p>T\u00f6k\u00e9letes teafilterekhez vagy te\u00e1skann\u00e1ban val\u00f3 f\u0151z\u00e9shez, kenderte\u00e1nk sokoldal\u00fa \u00e9s k\u00f6nnyen elk\u00e9sz\u00edthet\u0151, minden cs\u00e9sz\u00e9vel kellemes \u00e9lm\u00e9nyt ny\u00fajt.<\/p>\n<h4>Szinergia m\u00e1s CBD term\u00e9kekkel:<\/h4>\n<p>Azok sz\u00e1m\u00e1ra, akik m\u00e1r haszn\u00e1lnak m\u00e1s CBD term\u00e9keket, p\u00e9ld\u00e1ul cseppeket \u00e9s paszt\u00e1kat, kenderte\u00e1nk be\u00e9p\u00edt\u00e9se a rutinba fokozhatja az \u00e1ltal\u00e1nos el\u0151ny\u00f6ket.<\/p>\n<h4>Fenntarthat\u00f3 \u00e9s helyi:<\/h4>\n<p>A fenntarthat\u00f3s\u00e1g ir\u00e1nti elk\u00f6telezetts\u00e9g\u00fcnk beszerz\u00e9si gyakorlatunkban is megmutatkozik. A te\u00e1nkban, valamint cseppjeinkben \u00e9s paszt\u00e1inkban haszn\u00e1lt kendert mi magunk termesztj\u00fck, vagy helyi szlov\u00e9n termel\u0151kt\u0151l szerezz\u00fck be, biztos\u00edtva a min\u0151s\u00e9get \u00e9s t\u00e1mogatva a helyi mez\u0151gazdas\u00e1got.<\/p>\n<h4>Fedezd fel a k\u00fcl\u00f6nbs\u00e9get:<\/h4>\n<p>Az Agrosloven kendertea t\u00f6bb, mint egy ital; egy utaz\u00e1s a term\u00e9szetes j\u00f3l\u00e9tbe. Szlov\u00e9ni\u00e1b\u00f3l sz\u00e1rmazik, a term\u00e9szet adom\u00e1nyainak tisztas\u00e1g\u00e1t \u00e9s hat\u00e9konys\u00e1g\u00e1t k\u00e9pviseli.<\/p>\n<p>Tov\u00e1bbi inform\u00e1ci\u00f3k\u00e9rt vagy kender alap\u00fa term\u00e9keink teljes v\u00e1laszt\u00e9k\u00e1nak megtekint\u00e9s\u00e9hez fordulj hozz\u00e1nk bizalommal az <a href=\"mailto:info@agrosloven.com\" target=\"_new\" rel=\"noopener\">info@agrosloven.com<\/a> c\u00edmen. Tapasztald meg az Agrosloven\u2122 kendertea nyugtat\u00f3 \u00e9s fiatal\u00edt\u00f3 erej\u00e9t a mindennapi rutinodban.<\/p>\n","protected":false},"excerpt":{"rendered":"<p>Az Agrosloven\u2122 kendertea, gondosan megtiszt\u00edtva a sz\u00e1rakt\u00f3l \u00e9s magokt\u00f3l, kiv\u00e9teles arom\u00e1t \u00e9s er\u0151teljes hat\u00e1sokat k\u00edn\u00e1l. Kiv\u00e1l\u00f3 min\u0151s\u00e9g\u0171 szlov\u00e9n kenderb\u0151l k\u00e9sz\u00fclt, gazdag antioxid\u00e1nsokban \u00e9s CBD-ben, ez a tea fokozza az energi\u00e1t, a hangulatot \u00e9s az alv\u00e1st, \u00edgy ide\u00e1lis v\u00e1laszt\u00e1s reggeli \u00e9s esti pihen\u00e9shez.<\/p>\n","protected":false},"featured_media":4616,"comment_status":"open","ping_status":"closed","template":"","meta":{"_acf_changed":false,"bwfblock_default_font":""},"product_brand":[208],"product_cat":[436],"product_tag":[446,460,461],"class_list":{"0":"post-4617","1":"product","2":"type-product","3":"status-publish","4":"has-post-thumbnail","6":"product_brand-agrosloven","7":"product_cat-teak","8":"product_tag-agrosloven","9":"product_tag-kender","10":"product_tag-kender-tea","11":"pa_useful-altalanos-jolet","12":"pa_useful-az-alvas-minosegenek-javitasa","13":"pa_useful-az-immunrendszer-erositese","14":"pa_useful-szorongas-es-stresszoldas","16":"first","17":"outofstock","18":"taxable","19":"shipping-taxable","20":"purchasable","21":"product-type-simple"},"acf":[],"_links":{"self":[{"href":"https:\/\/agrosloven.com\/hu\/wp-json\/wp\/v2\/product\/4617","targetHints":{"allow":["GET"]}}],"collection":[{"href":"https:\/\/agrosloven.com\/hu\/wp-json\/wp\/v2\/product"}],"about":[{"href":"https:\/\/agrosloven.com\/hu\/wp-json\/wp\/v2\/types\/product"}],"replies":[{"embeddable":true,"href":"https:\/\/agrosloven.com\/hu\/wp-json\/wp\/v2\/comments?post=4617"}],"wp:featuredmedia":[{"embeddable":true,"href":"https:\/\/agrosloven.com\/hu\/wp-json\/wp\/v2\/media\/4616"}],"wp:attachment":[{"href":"https:\/\/agrosloven.com\/hu\/wp-json\/wp\/v2\/media?parent=4617"}],"wp:term":[{"taxonomy":"product_brand","embeddable":true,"href":"https:\/\/agrosloven.com\/hu\/wp-json\/wp\/v2\/product_brand?post=4617"},{"taxonomy":"product_cat","embeddable":true,"href":"https:\/\/agrosloven.com\/hu\/wp-json\/wp\/v2\/product_cat?post=4617"},{"taxonomy":"product_tag","embeddable":true,"href":"https:\/\/agrosloven.com\/hu\/wp-json\/wp\/v2\/product_tag?post=4617"}],"curies":[{"name":"wp","href":"https:\/\/api.w.org\/{rel}","templated":true}]}}