{"id":4629,"date":"2023-09-15T13:05:59","date_gmt":"2023-09-15T11:05:59","guid":{"rendered":"https:\/\/agrosloven.com\/product\/cbd-melegito-husito-gel-agrosloven\/"},"modified":"2025-12-17T22:54:55","modified_gmt":"2025-12-17T21:54:55","slug":"cbd-melegito-husito-gel-agrosloven","status":"publish","type":"product","link":"https:\/\/agrosloven.com\/hu\/termek\/cbd-melegito-husito-gel-agrosloven\/","title":{"rendered":"CBD meleg\u00edt\u0151-h\u0171s\u00edt\u0151 g\u00e9l AgroSloven"},"content":{"rendered":"<div class=\"min-h-[20px] text-message flex flex-col items-start gap-3 whitespace-pre-wrap break-words [.text-message+&amp;]:mt-5 overflow-x-auto\" data-message-author-role=\"assistant\" data-message-id=\"7fc0cc6d-d6f9-4c53-9ccd-877239fc74bf\">\n<div class=\"markdown prose w-full break-words dark:prose-invert light\">\n<h2>Le\u00edr\u00e1s<\/h2>\n<p>Az AgroSloven CBD meleg\u00edt\u0151-h\u0171s\u00edt\u0151 g\u00e9lje kiv\u00e1l\u00f3 term\u00e9szetes alternat\u00edv\u00e1t k\u00edn\u00e1l a f\u00e1jdalomcsillap\u00edt\u00e1sra. Egyedi formul\u00e1nk kiv\u00e1l\u00f3 min\u0151s\u00e9g\u0171 kenderkivonatot \u00f6tv\u00f6z CBD-vel \u00e9s m\u00e1s term\u00e9szetes \u00f6sszetev\u0151kkel, mint p\u00e9ld\u00e1ul \u00e1rnika, k\u00e1mfor, mentol, paprika kivonat, levendula, kakukkf\u0171 \u00e9s eukaliptusz. Ez a kombin\u00e1ci\u00f3 maxim\u00e1lis hat\u00e9konys\u00e1got biztos\u00edt a term\u00e9szetes \u00e9s hat\u00e9kony f\u00e1jdalomcsillap\u00edt\u00e1s \u00e9rdek\u00e9ben.<\/p>\n<p>Ide\u00e1lis \u00edz\u00fcleti, izomf\u00e1jdalmakkal vagy egy\u00e9b testi kellemetlens\u00e9gekkel k\u00fczd\u0151k sz\u00e1m\u00e1ra, g\u00e9l\u00fcnk k\u00fcl\u00f6nleges \u00f6sszet\u00e9tele a f\u00e1jdalomcsillap\u00edt\u00f3 \u00e9s gyullad\u00e1scs\u00f6kkent\u0151 tulajdons\u00e1gaikr\u00f3l ismert term\u00e9szetes \u00f6sszetev\u0151ket haszn\u00e1lja fel. Minden alkalmaz\u00e1ssal gyors enyh\u00fcl\u00e9s \u00e9rhet\u0151 el, \u00edgy g\u00e9l\u00fcnk elengedhetetlen a sportol\u00f3k \u00e9s akt\u00edv egy\u00e9nek sz\u00e1m\u00e1ra.<\/p>\n<p>K\u00f6nnyen alkalmazhat\u00f3, az AgroSloven\u2122 CBD meleg\u00edt\u0151-h\u0171s\u00edt\u0151 g\u00e9l azonnali f\u00e1jdalom- \u00e9s fesz\u00fclts\u00e9gcsillap\u00edt\u00f3 \u00e9rz\u00e9st biztos\u00edt. Haszn\u00e1ld edz\u00e9s ut\u00e1n az izmok ellaz\u00edt\u00e1s\u00e1ra, vagy \u00e9p\u00edtsd be a napi wellness rutinodba az \u00e1ltal\u00e1nos j\u00f3 k\u00f6z\u00e9rzet\u00e9rt.<\/p>\n<h4>Funkcion\u00e1lis jellemz\u0151k:<\/h4>\n<ul>\n<li><strong>Meleg\u00edt\u0151 \u00e9rz\u00e9s<\/strong>: A mentol, k\u00e1mfor \u00e9s kapszaicin kivonat gyeng\u00e9d meleget hoz l\u00e9tre, jav\u00edtja a v\u00e9rkering\u00e9st, ellaz\u00edtja az izmokat \u00e9s cs\u00f6kkenti az \u00edz\u00fcleti merevs\u00e9get.<\/li>\n<li><strong>H\u0171s\u00edt\u0151 hat\u00e1s<\/strong>: Az eukaliptuszolaj \u00e9s m\u00e1s \u00f6sszetev\u0151k h\u0171s\u00edt\u0151 \u00e9rz\u00e9st biztos\u00edtanak, seg\u00edtve a gyullad\u00e1s \u00e9s az izomf\u00e1jdalom cs\u00f6kkent\u00e9s\u00e9t.<\/li>\n<li><strong>Relax\u00e1ci\u00f3 \u00e9s enyh\u00fcl\u00e9s<\/strong>: Az \u00e1rnika kivonat seg\u00edt megnyugtatni az izmokat \u00e9s \u00edz\u00fcleteket, oldja a fesz\u00fclts\u00e9get \u00e9s el\u0151seg\u00edti az ellazul\u00e1st.<\/li>\n<\/ul>\n<h4>Haszn\u00e1lati \u00fatmutat\u00f3:<\/h4>\n<ol>\n<li>Vigy\u00e9l fel egy kis mennyis\u00e9get az \u00e9rintett ter\u00fcletre.<\/li>\n<li>Gyeng\u00e9den massz\u00edrozd k\u00f6rk\u00f6r\u00f6s mozdulatokkal, am\u00edg fel nem sz\u00edv\u00f3dik.<\/li>\n<li>Aj\u00e1nlott haszn\u00e1lat: napi 2-3 alkalommal vagy sz\u00fcks\u00e9g szerint.<\/li>\n<li>Haszn\u00e1lat el\u0151tt ellen\u0151rizd az esetleges allergi\u00e1t b\u00e1rmely \u00f6sszetev\u0151re.<\/li>\n<\/ol>\n<h4>Min\u0151s\u00e9gi \u00f6sszetev\u0151k:<\/h4>\n<p>A mi <span style=\"font-size: 14.4px;\">g\u00e9l\u00fcnk nem csak a hat\u00e9kony eredm\u00e9nyekr\u0151l sz\u00f3l; a min\u0151s\u00e9gr\u0151l \u00e9s a biztons\u00e1gr\u00f3l is. Saj\u00e1t teljes spektrum\u00fa kenderkivonatunkat haszn\u00e1ljuk, biztos\u00edtva a CBD \u00e1lland\u00f3 koncentr\u00e1ci\u00f3j\u00e1t, ahogy az a term\u00e9k c\u00edmk\u00e9j\u00e9n is fel van t\u00fcntetve. A teljes spektrum\u00fa kivonat mennyis\u00e9ge kiss\u00e9 elt\u00e9rhet, t\u00fckr\u00f6zve a kenderterm\u00e9s term\u00e9szetes ingadoz\u00e1s\u00e1t. <\/span><\/p>\n<\/div>\n<\/div>\n<div class=\"min-h-[20px] text-message flex flex-col items-start gap-3 whitespace-pre-wrap break-words [.text-message+&amp;]:mt-5 overflow-x-auto\" data-message-author-role=\"assistant\" data-message-id=\"8411b4b5-2e6b-47ce-89f4-aa1b955d78e1\">\n<div class=\"markdown prose w-full break-words dark:prose-invert light\">\n<p>A CBD, mint kulcsfontoss\u00e1g\u00fa \u00f6sszetev\u0151, k\u00f6lcs\u00f6nhat\u00e1sba l\u00e9p a test endokannabinoid rendszer\u00e9vel, l\u00e9tfontoss\u00e1g\u00fa szerepet j\u00e1tszva a testi funkci\u00f3k \u00e9s folyamatok szab\u00e1lyoz\u00e1s\u00e1ban. Ez a k\u00f6lcs\u00f6nhat\u00e1s hozz\u00e1j\u00e1rul a g\u00e9l hat\u00e9konys\u00e1g\u00e1hoz a f\u00e1jdalomcsillap\u00edt\u00e1sban \u00e9s az ellazul\u00e1sban.<\/p>\n<p>A CBD mellett g\u00e9l\u00fcnk tartalmazza:<\/p>\n<ul>\n<li><strong>\u00c1rnika<\/strong>: Nyugtat\u00f3 tulajdons\u00e1gair\u00f3l ismert, az \u00e1rnika seg\u00edt enyh\u00edteni az izom- \u00e9s \u00edz\u00fcleti fesz\u00fclts\u00e9get.<\/li>\n<li><strong>K\u00e1mfor<\/strong>: H\u0171s\u00edt\u0151, friss\u00edt\u0151 \u00e9rz\u00e9st biztos\u00edt, t\u00f6k\u00e9letes edz\u00e9s ut\u00e1ni enyh\u00fcl\u00e9sre.<\/li>\n<li><strong>Mentol<\/strong>: Azonnali enyh\u00fcl\u00e9st ny\u00fajt gyors b\u0151rfelsz\u00edv\u00f3d\u00e1s\u00e1val \u00e9s friss\u00edt\u0151 \u00e9rz\u00e9s\u00e9vel.<\/li>\n<li><strong>Paprika kivonat<\/strong>: Fokozza a v\u00e9rkering\u00e9st az alkalmazott ter\u00fcleten, seg\u00edtve a f\u00e1jdalomcsillap\u00edt\u00e1st.<\/li>\n<li><strong>Levendula<\/strong>: Nyugtatja az elm\u00e9t \u00e9s a testet is, hozz\u00e1j\u00e1rulva a g\u00e9l relax\u00e1l\u00f3 tulajdons\u00e1gaihoz.<\/li>\n<li><strong>Kakukkf\u0171<\/strong>: Seg\u00edt a term\u00e9szetes izomlaz\u00edt\u00e1sban.<\/li>\n<li><strong>Eukaliptusz<\/strong>: Friss\u00edt \u00e9s m\u00e9regtelen\u00edt, fokozva a g\u00e9l alkalmaz\u00e1s\u00e1nak \u00e1ltal\u00e1nos \u00e9lm\u00e9ny\u00e9t.<\/li>\n<\/ul>\n<h4>Csomagol\u00e1s \u00e9s figyelmeztet\u00e9sek:<\/h4>\n<p>G\u00e9l\u00fcnk l\u00e9gmentes csomagol\u00e1sban kaphat\u00f3, \u00edgy utaz\u00e1sbar\u00e1t \u00e9s biztos\u00edtja a term\u00e9k integrit\u00e1s\u00e1t. Mesters\u00e9ges illatanyagokt\u00f3l \u00e9s ill\u00f3olajokt\u00f3l mentes, \u00e9s 1680 mg teljes spektrum\u00fa kenderkivonatot tartalmaz 840 mg CBD-vel.<\/p>\n<p>Tartsd be a haszn\u00e1lati figyelmeztet\u00e9seket, bele\u00e9rtve a kiz\u00e1r\u00f3lag k\u00fcls\u0151 haszn\u00e1latot, gyermekekt\u0151l elz\u00e1rva tart\u00e1st, ny\u00e1lkah\u00e1rty\u00e1val val\u00f3 \u00e9rintkez\u00e9s elker\u00fcl\u00e9s\u00e9t \u00e9s s\u00e9r\u00fclt b\u0151r\u00f6n val\u00f3 haszn\u00e1lat tilalm\u00e1t. Irrit\u00e1ci\u00f3 eset\u00e9n hagyd abba a haszn\u00e1lat\u00e1t.<\/p>\n<p>Tov\u00e1bbi r\u00e9szletek\u00e9rt \u00e9s szem\u00e9lyre szabott tan\u00e1csok\u00e9rt fordulj hozz\u00e1nk bizalommal az <a href=\"mailto:info@agrosloven.com\" target=\"_new\" rel=\"noopener\">info@agrosloven.com<\/a> c\u00edmen. B\u00edzz az <strong>AgroSloven\u2122<\/strong>-ben a term\u00e9szetes f\u00e1jdalomcsillap\u00edt\u00f3 megold\u00e1sod\u00e9rt.<\/p>\n<\/div>\n<\/div>\n","protected":false},"excerpt":{"rendered":"<p>Tapasztald meg a term\u00e9szetes f\u00e1jdalomcsillap\u00edt\u00e1st az AgroSloven\u2122 CBD meleg\u00edt\u0151-h\u0171s\u00edt\u0151 g\u00e9llel. Ide\u00e1lis sports\u00e9r\u00fcl\u00e9sekre, izom- \u00e9s \u00edz\u00fcleti kellemetlens\u00e9gekre, g\u00e9l\u00fcnk a CBD ter\u00e1pi\u00e1s el\u0151nyeit \u00f6tv\u00f6zi a meleg\u00edt\u0151 \u00e9s h\u0171s\u00edt\u0151 kett\u0151s hat\u00e1ssal. T\u00f6k\u00e9letes fizikai aktivit\u00e1s el\u0151tt \u00e9s ut\u00e1n is, seg\u00edt enyh\u00edteni a f\u00e1jdalmat, cs\u00f6kkenteni a fesz\u00fclts\u00e9get \u00e9s jav\u00edtani a regener\u00e1ci\u00f3t.<\/p>\n","protected":false},"featured_media":4626,"comment_status":"open","ping_status":"closed","template":"","meta":{"_acf_changed":false,"bwfblock_default_font":""},"product_brand":[208],"product_cat":[428],"product_tag":[446,469,447,451,450,448,457,460,459,470,465],"class_list":{"0":"post-4629","1":"product","2":"type-product","3":"status-publish","4":"has-post-thumbnail","6":"product_brand-agrosloven","7":"product_cat-kender-kozmetikumok","8":"product_tag-agrosloven","9":"product_tag-borkrem","10":"product_tag-cbd","11":"product_tag-cbd-futo-husito-gel","12":"product_tag-cbd-gel","13":"product_tag-cbd-krem","14":"product_tag-husito-krem","15":"product_tag-kender","16":"product_tag-melegito-krem","17":"product_tag-sportkrem","18":"product_tag-termeszetes-kozmetikumok","19":"pa_useful-borapolas","20":"pa_useful-tamogatas-borproblemak-eseten","22":"first","23":"instock","24":"featured","25":"taxable","26":"shipping-taxable","27":"purchasable","28":"product-type-simple"},"acf":[],"_links":{"self":[{"href":"https:\/\/agrosloven.com\/hu\/wp-json\/wp\/v2\/product\/4629","targetHints":{"allow":["GET"]}}],"collection":[{"href":"https:\/\/agrosloven.com\/hu\/wp-json\/wp\/v2\/product"}],"about":[{"href":"https:\/\/agrosloven.com\/hu\/wp-json\/wp\/v2\/types\/product"}],"replies":[{"embeddable":true,"href":"https:\/\/agrosloven.com\/hu\/wp-json\/wp\/v2\/comments?post=4629"}],"wp:featuredmedia":[{"embeddable":true,"href":"https:\/\/agrosloven.com\/hu\/wp-json\/wp\/v2\/media\/4626"}],"wp:attachment":[{"href":"https:\/\/agrosloven.com\/hu\/wp-json\/wp\/v2\/media?parent=4629"}],"wp:term":[{"taxonomy":"product_brand","embeddable":true,"href":"https:\/\/agrosloven.com\/hu\/wp-json\/wp\/v2\/product_brand?post=4629"},{"taxonomy":"product_cat","embeddable":true,"href":"https:\/\/agrosloven.com\/hu\/wp-json\/wp\/v2\/product_cat?post=4629"},{"taxonomy":"product_tag","embeddable":true,"href":"https:\/\/agrosloven.com\/hu\/wp-json\/wp\/v2\/product_tag?post=4629"}],"curies":[{"name":"wp","href":"https:\/\/api.w.org\/{rel}","templated":true}]}}