{"id":4871,"date":"2025-11-07T18:35:22","date_gmt":"2025-11-07T17:35:22","guid":{"rendered":"https:\/\/agrosloven.com\/?post_type=product&#038;p=4871"},"modified":"2026-04-18T16:16:03","modified_gmt":"2026-04-18T14:16:03","slug":"10-cbn-10-cbd-kender-cseppek-copy","status":"publish","type":"product","link":"https:\/\/agrosloven.com\/hu\/termek\/10-cbn-10-cbd-kender-cseppek-copy\/","title":{"rendered":"SALE: 10% CBN + 10% CBD kender cseppek"},"content":{"rendered":"<h2>Le\u00edr\u00e1s<\/h2>\n<h2>10% CBN + 10% CBD kendercseppek<\/h2>\n<h4>Term\u00e9szetes Alv\u00e1s \u00e9s J\u00f3ll\u00e9t Kendercseppek:<\/h4>\n<p>Az Agrosloven 10% CBN + 10% CBD kendercseppjei a term\u00e9szet legjav\u00e1nak kever\u00e9k\u00e9t alkotj\u00e1k. Formul\u00e1nk magas koncentr\u00e1ci\u00f3ban tartalmaz B-komplex vitaminokat, valamint egyedi CBD \u00e9s CBN kever\u00e9ket, amelyet gyeng\u00e9d hidegsajtol\u00e1ssal nyernek. Ez a m\u00f3dszer a kannabinoidokat a legjobb form\u00e1jukban \u0151rzi meg, biztos\u00edtva a kender n\u00f6v\u00e9ny hat\u00f3anyagainak hat\u00e9konys\u00e1g\u00e1t \u00e9s integrit\u00e1s\u00e1t.  <\/p>\n<h4>Teljes spektrum a teljes el\u0151ny\u00f6k\u00e9rt:<\/h4>\n<p>Kender cseppjeink a kender hat\u00f3anyagainak teljes spektrum\u00e1t k\u00edn\u00e1lj\u00e1k, old\u00f3szerekt\u0151l \u00e9s vegyszerekt\u0151l mentesen, \u00e9s tartalmazz\u00e1k:<\/p>\n<ul>\n<li>1000 mg CBD<\/li>\n<li>1000 mg CBN A hidegen sajtolt kenderolaj alapja esszenci\u00e1lis zs\u00edrsavakban gazdag, optim\u00e1lis omega-3 \u00e9s omega-6 ar\u00e1nnyal, valamint D- \u00e9s E-vitaminban b\u0151s\u00e9ges.<\/li>\n<\/ul>\n<h4>Ide\u00e1lis az immunrendszer t\u00e1mogat\u00e1s\u00e1ra:<\/h4>\n<p>20%-os koncentr\u00e1ci\u00f3juknak k\u00f6sz\u00f6nhet\u0151en kendercseppjeink t\u00f6k\u00e9letesek azok sz\u00e1m\u00e1ra, akik most ismerkednek a kenderterm\u00e9kekkel. Rendszeres fogyaszt\u00e1suk jav\u00edthatja az \u00e9letfontoss\u00e1g\u00fa funkci\u00f3kat, k\u00fcl\u00f6n\u00f6sen: <\/p>\n<ul>\n<li>Az immunrendszer t\u00e1mogat\u00e1sa<\/li>\n<li>J\u00f3 alv\u00e1st\u00e1mogat\u00f3<\/li>\n<li>Antistressz<\/li>\n<li>Az alapvet\u0151 testi funkci\u00f3k egyens\u00falyban tart\u00e1sa<\/li>\n<\/ul>\n<h4>K\u00f6lcs\u00f6nhat\u00e1s a tested rendszer\u00e9vel:<\/h4>\n<p>Kender cseppjeink k\u00f6lcs\u00f6nhat\u00e1sba l\u00e9pnek a test endokannabinoid rendszer\u00e9vel, befoly\u00e1solva sz\u00e1mos funkci\u00f3t \u00e9s folyamatot, t\u00f6bbek k\u00f6z\u00f6tt:<\/p>\n<ul>\n<li><strong>Alv\u00e1s szab\u00e1lyoz\u00e1sa<\/strong>: Seg\u00edt az alv\u00e1si mint\u00e1k jav\u00edt\u00e1s\u00e1ban.<\/li>\n<li><strong>Hangulat egyens\u00faly<\/strong>: Seg\u00edt a hangulatingadoz\u00e1sok kezel\u00e9s\u00e9ben.<\/li>\n<li><strong>Testh\u0151m\u00e9rs\u00e9klet<\/strong>: Seg\u00edt a norm\u00e1lis testh\u0151m\u00e9rs\u00e9klet fenntart\u00e1s\u00e1ban.<\/li>\n<li><strong>Mem\u00f3ria t\u00e1mogat\u00e1sa<\/strong>: Jav\u00edtja a mem\u00f3ria funkci\u00f3kat.<\/li>\n<li><strong>Izom eg\u00e9szs\u00e9g<\/strong>: T\u00e1mogatja az izmok eg\u00e9szs\u00e9g\u00e9t.<\/li>\n<li><strong>Sz\u00edv- \u00e9s \u00e9rrendszer<\/strong>: J\u00f3t\u00e9kony hat\u00e1ssal van a sz\u00edv \u00e9s az erek eg\u00e9szs\u00e9g\u00e9re.<\/li>\n<li><strong>\u00c9tv\u00e1gy szab\u00e1lyoz\u00e1sa<\/strong>: Seg\u00edt az \u00e9tv\u00e1gy szab\u00e1lyoz\u00e1s\u00e1ban.<\/li>\n<li><strong>B\u0151r\u00e1pol\u00e1s<\/strong>: Hozz\u00e1j\u00e1rul a b\u0151r eg\u00e9szs\u00e9g\u00e9hez.<\/li>\n<li><strong>Term\u00e9kenys\u00e9g fokoz\u00e1sa<\/strong>: Befoly\u00e1solja a hormon\u00e1lis folyamatokat.<\/li>\n<\/ul>\n<h4>Min\u0151s\u00e9g \u00e9s tisztas\u00e1g garant\u00e1lt:<\/h4>\n<p>K\u00f6r\u00fclbel\u00fcl 3000 mg teljes spektrum\u00fa kenderkivonatot, 1000 mg CBD-t \u00e9s 1000 mg szlov\u00e9n kenderlev\u00e9lb\u0151l sz\u00e1rmaz\u00f3 CBN-t tartalmaz, \u00edgy cseppjeink garant\u00e1lj\u00e1k a min\u0151s\u00e9get \u00e9s az \u00e1lland\u00f3s\u00e1got. B\u00e1r a CBD koncentr\u00e1ci\u00f3ja kiss\u00e9 v\u00e1ltozhat, a hat\u00e9konys\u00e1g \u00e1lland\u00f3 marad. <\/p>\n<h4>T\u00e1rol\u00e1si \u00e9s haszn\u00e1lati \u00fatmutat\u00f3:<\/h4>\n<p>T\u00e1rold h\u0171v\u00f6s vagy szobah\u0151m\u00e9rs\u00e9kleten, napf\u00e9nyt\u0151l v\u00e9dve. Gyermekekt\u0151l elz\u00e1rva tartand\u00f3. B\u00fcszk\u00e9n, Szlov\u00e9ni\u00e1ban gy\u00e1rtva, cseppjeink az Agrosloven elk\u00f6telezetts\u00e9g\u00e9t testes\u00edtik meg a term\u00e9szetes eg\u00e9szs\u00e9g\u00fcgyi megold\u00e1sok ir\u00e1nt.  <\/p>\n<p>R\u00e9szletes inform\u00e1ci\u00f3k\u00e9rt vagy ingyenes konzult\u00e1ci\u00f3\u00e9rt keress minket az <a href=\"mailto:info@agrosloven.com\" target=\"_new\" rel=\"noopener\">info@agrosloven.com<\/a> c\u00edmen. B\u00edzz az Agrosloven\u2122 kender cseppjeiben a kiegyens\u00falyozottabb \u00e9s eg\u00e9szs\u00e9gesebb \u00e9letm\u00f3d\u00e9rt. <\/p>\n","protected":false},"excerpt":{"rendered":"<p>Fedezze fel a term\u00e9szet erej\u00e9t az Agrosloven\u2122 CBN 10% + CBD 10% Kendercseppekkel. Egyed\u00fcl\u00e1ll\u00f3 kever\u00e9k\u00fcnk CBD-ben \u00e9s CBN-ben gazdag ipari kenderkivonatot \u00f6tv\u00f6z, tiszta, hidegen sajtolt kenderolajban oldva. Ide\u00e1lis azok sz\u00e1m\u00e1ra, akik most ismerkednek a kenderterm\u00e9kekkel, ezek a cseppek az alv\u00e1smin\u0151s\u00e9g, az immunrendszer \u00e9s az \u00e1ltal\u00e1nos j\u00f3l\u00e9t jav\u00edt\u00e1s\u00e1ra szolg\u00e1lnak, kihaszn\u00e1lva a kannabinoidok \u00e9s vitaminok term\u00e9szetes szinergi\u00e1j\u00e1t.  <\/p>\n","protected":false},"featured_media":4768,"comment_status":"open","ping_status":"closed","template":"","meta":{"_acf_changed":false,"bwfblock_default_font":""},"product_brand":[],"product_cat":[579,429,427],"product_tag":[446,447,449,452,475,460,445],"class_list":{"0":"post-4871","1":"product","2":"type-product","3":"status-publish","4":"has-post-thumbnail","6":"product_cat-cbn-cseppek","7":"product_cat-kendercseppek","8":"product_cat-zold-akcio","9":"product_tag-agrosloven","10":"product_tag-cbd","11":"product_tag-cbd-cseppek","12":"product_tag-cbd-kendercseppek","13":"product_tag-cbn","14":"product_tag-kender","15":"product_tag-kenderolaj","16":"pa_useful-altalanos-jolet","17":"pa_useful-az-alvas-minosegenek-javitasa","18":"pa_useful-az-immunrendszer-erositese","19":"pa_useful-fajdalom-es-gyulladas-tamogatasa","20":"pa_useful-szorongas-es-stresszoldas","22":"first","23":"instock","24":"taxable","25":"shipping-taxable","26":"purchasable","27":"product-type-simple"},"acf":[],"_links":{"self":[{"href":"https:\/\/agrosloven.com\/hu\/wp-json\/wp\/v2\/product\/4871","targetHints":{"allow":["GET"]}}],"collection":[{"href":"https:\/\/agrosloven.com\/hu\/wp-json\/wp\/v2\/product"}],"about":[{"href":"https:\/\/agrosloven.com\/hu\/wp-json\/wp\/v2\/types\/product"}],"replies":[{"embeddable":true,"href":"https:\/\/agrosloven.com\/hu\/wp-json\/wp\/v2\/comments?post=4871"}],"wp:featuredmedia":[{"embeddable":true,"href":"https:\/\/agrosloven.com\/hu\/wp-json\/wp\/v2\/media\/4768"}],"wp:attachment":[{"href":"https:\/\/agrosloven.com\/hu\/wp-json\/wp\/v2\/media?parent=4871"}],"wp:term":[{"taxonomy":"product_brand","embeddable":true,"href":"https:\/\/agrosloven.com\/hu\/wp-json\/wp\/v2\/product_brand?post=4871"},{"taxonomy":"product_cat","embeddable":true,"href":"https:\/\/agrosloven.com\/hu\/wp-json\/wp\/v2\/product_cat?post=4871"},{"taxonomy":"product_tag","embeddable":true,"href":"https:\/\/agrosloven.com\/hu\/wp-json\/wp\/v2\/product_tag?post=4871"}],"curies":[{"name":"wp","href":"https:\/\/api.w.org\/{rel}","templated":true}]}}