{"id":5381,"date":"2026-04-17T18:18:37","date_gmt":"2026-04-17T16:18:37","guid":{"rendered":"https:\/\/agrosloven.com\/?post_type=product&#038;p=5381"},"modified":"2026-04-18T15:39:23","modified_gmt":"2026-04-18T13:39:23","slug":"sale-16-cbd-kendergyanta","status":"publish","type":"product","link":"https:\/\/agrosloven.com\/hu\/termek\/sale-16-cbd-kendergyanta\/","title":{"rendered":"SALE: 16% CBD kendergyanta"},"content":{"rendered":"<h2>Le\u00edr\u00e1s<\/h2>\n<div class=\"min-h-[20px] text-message flex flex-col items-start gap-3 whitespace-pre-wrap break-words [.text-message+&amp;]:mt-5 overflow-x-auto\" data-message-author-role=\"assistant\" data-message-id=\"2b9f04a3-4784-46ad-bd88-0b1d9b43f6c4\">\n<div class=\"markdown prose w-full break-words dark:prose-invert light\">\n<h4>Gazdag term\u00e9szetes t\u00e1panyagokban:<\/h4>\n<p>CBD kendergyant\u00e1nk \u00fagy k\u00e9sz\u00fclt, hogy sz\u00e1mos term\u00e9szetes el\u0151nyt ny\u00fajtson. A hidegen sajtolt kenderolaj alap gazdag esszenci\u00e1lis zs\u00edrsavakban, ide\u00e1lis omega-3 \u00e9s omega-6 ar\u00e1nnyal, \u00e9s D-, E-vitaminokkal, valamint magas B-komplex vitamin tartalommal d\u00fas\u00edtva.<\/p>\n<p><strong>F\u0151 \u00f6sszetev\u0151k a maxim\u00e1lis hat\u00e9konys\u00e1g\u00e9rt:<\/strong><\/p>\n<ul>\n<li><strong>Kenderkivonat<\/strong>: Kenderlevelekb\u0151l nyerik, meg\u0151rizve a kannabinoidok \u00e9s terp\u00e9nek legsz\u00e9lesebb spektrum\u00e1t.<\/li>\n<li><strong>M\u00e9hviasz<\/strong>: Term\u00e9szetes vegy\u00fclet, amely jav\u00edtja az \u00e1llagot \u00e9s A-vitamint tartalmaz.<\/li>\n<li><strong>CBD Kannabidiol<\/strong>: A gyanta 16% vagy 800 mg CBD-t tartalmaz, er\u0151s hat\u00e1st biztos\u00edtva.<\/li>\n<\/ul>\n<h4>Teljes spektrum az \u00e1tfog\u00f3 el\u0151ny\u00f6k\u00e9rt:<\/h4>\n<p>A term\u00e9k k\u00f6r\u00fclbel\u00fcl 1600 mg teljes spektrum\u00fa kenderkivonatot tartalmaz 800 mg CBD-vel. Ez biztos\u00edtja a kannabinoidok \u00e1tfog\u00f3 sk\u00e1l\u00e1j\u00e1t, sokf\u00e9le eg\u00e9szs\u00e9g\u00fcgyi el\u0151nyt k\u00edn\u00e1lva.<\/p>\n<h4>Hat\u00e1s az endokannabinoid rendszerre:<\/h4>\n<p>A CBD \u00e9s a kendergyant\u00e1ban tal\u00e1lhat\u00f3 egy\u00e9b kannabinoidok k\u00f6lcs\u00f6nhat\u00e1sba l\u00e9pnek az endokannabinoid rendszerrel, kulcsfontoss\u00e1g\u00fa szerepet j\u00e1tszva a k\u00fcl\u00f6nb\u00f6z\u0151 testfunkci\u00f3k \u00e9s folyamatok szab\u00e1lyoz\u00e1s\u00e1ban, bele\u00e9rtve:<\/p>\n<ul>\n<li><strong>Alv\u00e1s szab\u00e1lyoz\u00e1sa<\/strong>: El\u0151seg\u00edti a jobb alv\u00e1smint\u00e1kat.<\/li>\n<li><strong>Hangulatkiegyens\u00falyoz\u00e1s<\/strong>: Seg\u00edt a hangulatingadoz\u00e1sok stabiliz\u00e1l\u00e1s\u00e1ban.<\/li>\n<li><strong>Testh\u0151m\u00e9rs\u00e9klet fenntart\u00e1sa<\/strong>: Seg\u00edt a testh\u0151m\u00e9rs\u00e9klet szab\u00e1lyoz\u00e1s\u00e1ban.<\/li>\n<li><strong>Mem\u00f3ria t\u00e1mogat\u00e1sa<\/strong>: Jav\u00edtja a kognit\u00edv funkci\u00f3kat.<\/li>\n<li><strong>Motoros \u00e9s izom eg\u00e9szs\u00e9g<\/strong>: T\u00e1mogatja az izom- \u00e9s mozg\u00e1sfunkci\u00f3kat.<\/li>\n<li><strong>Sz\u00edv- \u00e9s \u00e9rrendszeri j\u00f3ll\u00e9t<\/strong>: J\u00f3t\u00e9kony hat\u00e1ssal van a sz\u00edv \u00e9s az erek eg\u00e9szs\u00e9g\u00e9re.<\/li>\n<li><strong>\u00c9tv\u00e1gy \u00e9s em\u00e9szt\u00e9s<\/strong>: Szab\u00e1lyozza az \u00e9tkez\u00e9si szok\u00e1sokat.<\/li>\n<li><strong>B\u0151r\u00e1pol\u00e1s<\/strong>: Jav\u00edtja a b\u0151r eg\u00e9szs\u00e9g\u00e9t.<\/li>\n<li><strong>Term\u00e9kenys\u00e9g \u00e9s hormon\u00e1lis egyens\u00faly<\/strong>: Befoly\u00e1solja a reprodukt\u00edv eg\u00e9szs\u00e9get.<\/li>\n<\/ul>\n<h4>Min\u0151s\u00e9g \u00e9s eredet:<\/h4>\n<p>Szlov\u00e9n kenderb\u0151l k\u00e9sz\u00fclt gyant\u00e1nk magas min\u0151s\u00e9get \u00e9s hat\u00e9konys\u00e1got biztos\u00edt. B\u00e1r a CBD koncentr\u00e1ci\u00f3ja kiss\u00e9 elt\u00e9rhet, a min\u0151s\u00e9g ir\u00e1nti elk\u00f6telezetts\u00e9g\u00fcnk rend\u00edthetetlen marad.<\/p>\n<h4>Biztons\u00e1gos t\u00e1rol\u00e1s \u00e9s haszn\u00e1lat:<\/h4>\n<p>T\u00e1rold a gyant\u00e1t szobah\u0151m\u00e9rs\u00e9kleten, <span style=\"font-size: 14.4px;\">k\u00f6zvetlen napf\u00e9nyt\u0151l v\u00e9dve, \u00e9s tartsd t\u00e1vol gyermekekt\u0151l. A term\u00e9k nem betegs\u00e9gek diagnosztiz\u00e1l\u00e1s\u00e1ra, megel\u0151z\u00e9s\u00e9re vagy kezel\u00e9s\u00e9re szolg\u00e1l, hanem er\u0151s term\u00e9szetes kieg\u00e9sz\u00edt\u0151k\u00e9nt az \u00e1ltal\u00e1nos j\u00f3ll\u00e9t t\u00e1mogat\u00e1s\u00e1ra. <\/span><\/p>\n<\/div>\n<\/div>\n<div class=\"min-h-[20px] text-message flex flex-col items-start gap-3 whitespace-pre-wrap break-words [.text-message+&amp;]:mt-5 overflow-x-auto\" data-message-author-role=\"assistant\" data-message-id=\"473676ff-07e7-4def-b1d1-77a136c5db7f\">\n<div class=\"result-streaming markdown prose w-full break-words dark:prose-invert light\">\n<h4>Elk\u00f6telezetts\u00e9g a term\u00e9szetes eg\u00e9szs\u00e9g ir\u00e1nt:<\/h4>\n<p>Az Agrosloven z.o.o. \u00e1ltal, Szlov\u00e9ni\u00e1ban, Trstenikben gy\u00e1rtott CBD kendergyant\u00e1nk bizony\u00edt\u00e9ka elk\u00f6telezetts\u00e9g\u00fcnknek a term\u00e9szetes, hat\u00e9kony eg\u00e9szs\u00e9g\u00fcgyi megold\u00e1sok ir\u00e1nt. A legfinomabb alapanyagokb\u00f3l k\u00e9sz\u00fcl, biztos\u00edtva egy olyan term\u00e9ket, amely egyszerre hat\u00e9kony \u00e9s tiszta.<\/p>\n<p>Tov\u00e1bbi inform\u00e1ci\u00f3\u00e9rt vagy ingyenes konzult\u00e1ci\u00f3 k\u00e9r\u00e9s\u00e9hez vedd fel vel\u00fcnk a kapcsolatot az <a href=\"mailto:info@agrosloven.com\" target=\"_new\" rel=\"noopener\">info@agrosloven.com<\/a> c\u00edmen. Fogadd el az Agrosloven\u2122 CBD kendergyanta term\u00e9szetes erej\u00e9t az eg\u00e9szs\u00e9gesebb, kiegyens\u00falyozottabb \u00e9letm\u00f3d\u00e9rt.<\/p>\n<\/div>\n<\/div>\n","protected":false},"excerpt":{"rendered":"<p data-start=\"1391\" data-end=\"1659\"><strong data-start=\"1391\" data-end=\"1454\">16% CBD gyanta \u2013 koncentr\u00e1lt term\u00e9szetes kivonat halad\u00f3knak<\/strong><br data-start=\"1454\" data-end=\"1457\" \/>Er\u0151teljes, teljes spektrum\u00fa kenderkivonat hidegen sajtolt kenderolajjal \u00e9s m\u00e9hviasszal. Ide\u00e1lis tapasztalt felhaszn\u00e1l\u00f3knak, akik keresik a term\u00e9szetes megold\u00e1sokat a nyugalom \u00e9s f\u00f3kusz t\u00e1mogat\u00e1s\u00e1ra.<\/p>\n<p data-start=\"1666\" data-end=\"1746\">Egy 5 ml-es t\u00e9gely 800 mg CBD-t tartalmaz, k\u00f6r\u00fclbel\u00fcl 1600 mg teljes kivonattal.<\/p>\n","protected":false},"featured_media":4520,"comment_status":"open","ping_status":"closed","template":"","meta":{"_acf_changed":false,"bwfblock_default_font":""},"product_brand":[],"product_cat":[434,427],"product_tag":[446,447,449,452,453,454,460],"class_list":{"0":"post-5381","1":"product","2":"type-product","3":"status-publish","4":"has-post-thumbnail","6":"product_cat-kendergyanta","7":"product_cat-zold-akcio","8":"product_tag-agrosloven","9":"product_tag-cbd","10":"product_tag-cbd-cseppek","11":"product_tag-cbd-kendercseppek","12":"product_tag-cbd-kendergyanta","13":"product_tag-cbd-paszta","14":"product_tag-kender","15":"pa_useful-altalanos-jolet","16":"pa_useful-az-alvas-minosegenek-javitasa","17":"pa_useful-az-immunrendszer-erositese","18":"pa_useful-fajdalom-es-gyulladas-tamogatasa","19":"pa_useful-szorongas-es-stresszoldas","21":"first","22":"instock","23":"sale","24":"taxable","25":"shipping-taxable","26":"purchasable","27":"product-type-simple"},"acf":[],"_links":{"self":[{"href":"https:\/\/agrosloven.com\/hu\/wp-json\/wp\/v2\/product\/5381","targetHints":{"allow":["GET"]}}],"collection":[{"href":"https:\/\/agrosloven.com\/hu\/wp-json\/wp\/v2\/product"}],"about":[{"href":"https:\/\/agrosloven.com\/hu\/wp-json\/wp\/v2\/types\/product"}],"replies":[{"embeddable":true,"href":"https:\/\/agrosloven.com\/hu\/wp-json\/wp\/v2\/comments?post=5381"}],"wp:featuredmedia":[{"embeddable":true,"href":"https:\/\/agrosloven.com\/hu\/wp-json\/wp\/v2\/media\/4520"}],"wp:attachment":[{"href":"https:\/\/agrosloven.com\/hu\/wp-json\/wp\/v2\/media?parent=5381"}],"wp:term":[{"taxonomy":"product_brand","embeddable":true,"href":"https:\/\/agrosloven.com\/hu\/wp-json\/wp\/v2\/product_brand?post=5381"},{"taxonomy":"product_cat","embeddable":true,"href":"https:\/\/agrosloven.com\/hu\/wp-json\/wp\/v2\/product_cat?post=5381"},{"taxonomy":"product_tag","embeddable":true,"href":"https:\/\/agrosloven.com\/hu\/wp-json\/wp\/v2\/product_tag?post=5381"}],"curies":[{"name":"wp","href":"https:\/\/api.w.org\/{rel}","templated":true}]}}