{"id":5134,"date":"2023-04-22T12:11:03","date_gmt":"2023-04-22T10:11:03","guid":{"rendered":"https:\/\/agrosloven.com\/product\/50-zywicy-konopnej-cbd\/"},"modified":"2023-04-22T12:11:03","modified_gmt":"2023-04-22T10:11:03","slug":"50-zywicy-konopnej-cbd","status":"publish","type":"product","link":"https:\/\/agrosloven.com\/pl\/produkt\/50-zywicy-konopnej-cbd\/","title":{"rendered":"50% \u017cywicy konopnej CBD"},"content":{"rendered":"<h2>Opis<\/h2>\n<div class=\"min-h-[20px] text-message flex flex-col items-start gap-3 whitespace-pre-wrap break-words [.text-message+&amp;]:mt-5 overflow-x-auto\" data-message-author-role=\"assistant\" data-message-id=\"52eb62ca-2f05-4d9a-8492-89d164778ae7\">\n<div class=\"markdown prose w-full break-words dark:prose-invert light\">\n<h4>Naturalna ekstrakcja dla maksymalnej mocy:<\/h4>\n<p>Nasza \u017cywica konopna CBD powstaje w procesie \u0142agodnej obr\u00f3bki li\u015bci konopi, bez stosowania wysokich temperatur, co pozwala zachowa\u0107 integralno\u015b\u0107 kannabinoid\u00f3w, terpen\u00f3w i innych korzystnych zwi\u0105zk\u00f3w konopi.<\/p>\n<h4>Bogaty profil od\u017cywczy:<\/h4>\n<p>\u017bywica sk\u0142ada si\u0119 z:<\/p>\n<ul>\n<li>Olej konopny t\u0142oczony na zimno, bogaty w niezb\u0119dne kwasy t\u0142uszczowe o idealnym stosunku kwas\u00f3w omega 3 do omega 6.<\/li>\n<li>Bogate w witaminy D, E i witaminy z grupy B.<\/li>\n<li>Wosk pszczeli, dodaj\u0105cy korzystn\u0105 mieszank\u0119 kwas\u00f3w t\u0142uszczowych i witaminy A.<\/li>\n<\/ul>\n<p><strong>Wysokie st\u0119\u017cenie dla zwi\u0119kszonych korzy\u015bci:<\/strong><\/p>\n<ul>\n<li>Zawiera 2500 mg CBD (kannabidiolu).<\/li>\n<li>5000 mg pe\u0142nospektralnego ekstraktu z konopi, zapewniaj\u0105cego szerok\u0105 gam\u0119 sk\u0142adnik\u00f3w aktywnych.<\/li>\n<\/ul>\n<h4>Wspieranie uk\u0142adu endokannabinoidowego:<\/h4>\n<p>CBD i inne kannabinoidy zawarte w \u017cywicy oddzia\u0142uj\u0105 na uk\u0142ad endokannabinoidowy organizmu, odgrywaj\u0105c kluczow\u0105 rol\u0119 w regulacji r\u00f3\u017cnych funkcji i proces\u00f3w, w tym:<\/p>\n<ul>\n<li><strong>Zdrowie sk\u00f3ry:<\/strong> Poprawia funkcje sk\u00f3ry.<\/li>\n<li><strong>P\u0142odno\u015b\u0107 i r\u00f3wnowaga hormonalna:<\/strong> Wp\u0142ywa na zdrowie reprodukcyjne.<\/li>\n<li><strong>Regulacja snu:<\/strong> Poprawia jako\u015b\u0107 snu.<\/li>\n<li><strong>Stabilno\u015b\u0107 nastroju: <\/strong>pomaga zachowa\u0107 r\u00f3wnowag\u0119 emocjonaln\u0105.<\/li>\n<li><strong>Temperatura cia\u0142a:<\/strong> Pomaga regulowa\u0107 temperatur\u0119 cia\u0142a.<\/li>\n<li><strong>Pami\u0119\u0107 i funkcje poznawcze: <\/strong>wspiera zdrowie m\u00f3zgu.<\/li>\n<li><strong>Zdrowie mi\u0119\u015bni i uk\u0142adu ruchowego:<\/strong> Korzystne dzia\u0142anie na mi\u0119\u015bnie.<\/li>\n<li><strong>Dobre samopoczucie uk\u0142adu sercowo-naczyniowego:<\/strong> wspomaga zdrowie serca i uk\u0142adu kr\u0105\u017cenia.<\/li>\n<li><strong>Apetyt i trawienie:<\/strong> reguluje nawyki \u017cywieniowe.<\/li>\n<\/ul>\n<h4>Wyhodowane w S\u0142owenii, wyprodukowane w UE:<\/h4>\n<p>Nasza \u017cywica konopna CBD, produkowana z konopi s\u0142owe\u0144skich, jest produkowana w UE, co odzwierciedla nasze zaanga\u017cowanie na rzecz jako\u015bci i naturalnego dobrego samopoczucia.<\/p>\n<\/div>\n<\/div>\n<div class=\"min-h-[20px] text-message flex flex-col items-start gap-3 whitespace-pre-wrap break-words [.text-message+&amp;]:mt-5 overflow-x-auto\" data-message-author-role=\"assistant\" data-message-id=\"80eebed4-76fc-491c-99ee-19b6805dea87\">\n<div class=\"markdown prose w-full break-words dark:prose-invert light\">\n<h4>Przechowywanie i bezpiecze\u0144stwo:<\/h4>\n<p>Aby zachowa\u0107 jako\u015b\u0107 i skuteczno\u015b\u0107 naszej \u017cywicy, przechowuj j\u0105 w ch\u0142odnym lub pokojowym miejscu, z dala od bezpo\u015bredniego \u015bwiat\u0142a s\u0142onecznego i poza zasi\u0119giem dzieci. Dzi\u0119ki temu staranne przechowywanie gwarantuje, \u017ce \u017cywica zachowa swoje w\u0142a\u015bciwo\u015bci i b\u0119dzie bezpieczna w u\u017cyciu. <\/p>\n<h4>Kompleksowe korzy\u015bci zdrowotne:<\/h4>\n<p>\u017bywica konopna Agrosloven\u2122 CBD zosta\u0142a opracowana nie tylko z my\u015bl\u0105 o konkretnych problemach zdrowotnych, ale tak\u017ce o poprawie og\u00f3lnego samopoczucia. Szerokie spektrum sk\u0142adnik\u00f3w aktywnych sprawia, \u017ce \u200b\u200bjest to wszechstronny produkt, odpowiedni do szerokiego spektrum potrzeb zdrowotnych. <\/p>\n<h4>Zapewnienie jako\u015bci:<\/h4>\n<p>Nasze zaanga\u017cowanie w jako\u015b\u0107 jest niezmienne, od wyboru surowc\u00f3w po produkt ko\u0144cowy. Ka\u017cda partia \u017cywicy konopnej CBD jest produkowana zgodnie z surowymi standardami kontroli jako\u015bci, co gwarantuje wysok\u0105 jako\u015b\u0107 i skuteczno\u015b\u0107 produktu. <\/p>\n<p>Aby uzyska\u0107 wi\u0119cej informacji lub um\u00f3wi\u0107 si\u0119 na bezp\u0142atn\u0105 konsultacj\u0119, prosimy o kontakt pod adresem <a href=\"mailto:info@agrosloven.com\" target=\"_new\" rel=\"noopener\">info@agrosloven.com<\/a>. Odkryj naturalne i kompleksowe korzy\u015bci p\u0142yn\u0105ce z \u017cywicy konopnej Agrosloven\u2122 CBD dla Twojego zdrowia i dobrego samopoczucia. <\/p>\n<\/div>\n<\/div>\n","protected":false},"excerpt":{"rendered":"<p>\u017bywica konopna Agrosloven\u2122 CBD to mocna mieszanka ekstraktu z konopi o pe\u0142nym spektrum dzia\u0142ania, zawieraj\u0105ca 2500 mg CBD, w po\u0142\u0105czeniu z naturalnym olejem konopnym t\u0142oczonym na zimno i woskiem pszczelim. Wytwarzana ze s\u0142owe\u0144skich konopi, \u017cywica ta dostarcza kompleksow\u0105 gam\u0119 kannabinoid\u00f3w i terpen\u00f3w, gwarantuj\u0105c holistyczne podej\u015bcie do dobrego samopoczucia. <\/p>\n","protected":false},"featured_media":5135,"comment_status":"open","ping_status":"closed","template":"","meta":{"_acf_changed":false,"bwfblock_default_font":""},"product_brand":[],"product_cat":[508,521],"product_tag":[],"class_list":{"0":"post-5134","1":"product","2":"type-product","3":"status-publish","4":"has-post-thumbnail","6":"product_cat-zielona-akcja","7":"product_cat-zywica-konopna","8":"pa_useful-ogolne-samopoczucie","9":"pa_useful-poprawa-jakosci-snu","10":"pa_useful-ulge-w-leku-i-stresie","11":"pa_useful-wsparcie-w-bolu-i-stanach-zapalnych","12":"pa_useful-wzmocnienie-ukladu-odpornosciowego","14":"first","15":"instock","16":"sale","17":"taxable","18":"shipping-taxable","19":"purchasable","20":"product-type-simple"},"acf":[],"_links":{"self":[{"href":"https:\/\/agrosloven.com\/pl\/wp-json\/wp\/v2\/product\/5134","targetHints":{"allow":["GET"]}}],"collection":[{"href":"https:\/\/agrosloven.com\/pl\/wp-json\/wp\/v2\/product"}],"about":[{"href":"https:\/\/agrosloven.com\/pl\/wp-json\/wp\/v2\/types\/product"}],"replies":[{"embeddable":true,"href":"https:\/\/agrosloven.com\/pl\/wp-json\/wp\/v2\/comments?post=5134"}],"wp:featuredmedia":[{"embeddable":true,"href":"https:\/\/agrosloven.com\/pl\/wp-json\/wp\/v2\/media\/5135"}],"wp:attachment":[{"href":"https:\/\/agrosloven.com\/pl\/wp-json\/wp\/v2\/media?parent=5134"}],"wp:term":[{"taxonomy":"product_brand","embeddable":true,"href":"https:\/\/agrosloven.com\/pl\/wp-json\/wp\/v2\/product_brand?post=5134"},{"taxonomy":"product_cat","embeddable":true,"href":"https:\/\/agrosloven.com\/pl\/wp-json\/wp\/v2\/product_cat?post=5134"},{"taxonomy":"product_tag","embeddable":true,"href":"https:\/\/agrosloven.com\/pl\/wp-json\/wp\/v2\/product_tag?post=5134"}],"curies":[{"name":"wp","href":"https:\/\/api.w.org\/{rel}","templated":true}]}}