{"id":5143,"date":"2025-11-07T18:35:22","date_gmt":"2025-11-07T17:35:22","guid":{"rendered":"https:\/\/agrosloven.com\/product\/sale-krople-konopne-10-cbn-10-cbd\/"},"modified":"2025-11-07T18:35:22","modified_gmt":"2025-11-07T17:35:22","slug":"sale-krople-konopne-10-cbn-10-cbd","status":"publish","type":"product","link":"https:\/\/agrosloven.com\/pl\/produkt\/sale-krople-konopne-10-cbn-10-cbd\/","title":{"rendered":"SALE: Krople konopne 10% CBN + 10% CBD"},"content":{"rendered":"<h2>Opis<\/h2>\n<h2>Krople konopne 10% CBN + 10% CBD<\/h2>\n<h4>Naturalne krople konopne wspomagaj\u0105ce sen i dobre samopoczucie:<\/h4>\n<p>Krople konopne Agrosloven 10% CBN + 10% CBD to mieszanka tego, co najlepsze w naturze. Nasza formu\u0142a zawiera wysokie st\u0119\u017cenie witamin z grupy B oraz unikaln\u0105 mieszank\u0119 CBD i CBN, pozyskiwan\u0105 w procesie delikatnego t\u0142oczenia na zimno. Ta metoda pozwala zachowa\u0107 kannabinoidy w ich najlepszej formie, gwarantuj\u0105c moc i integralno\u015b\u0107 substancji czynnych konopi.  <\/p>\n<h4>Pe\u0142ne spektrum dla pe\u0142nych korzy\u015bci:<\/h4>\n<p>Nasze krople konopne oferuj\u0105 pe\u0142ne spektrum aktywnych sk\u0142adnik\u00f3w konopi, bez rozpuszczalnik\u00f3w i substancji chemicznych, w tym:<\/p>\n<ul>\n<li>1000 mg CBD<\/li>\n<li>1000 mg CBN Baz\u0105 oleju konopnego t\u0142oczonego na zimno jest bogactwo niezb\u0119dnych kwas\u00f3w t\u0142uszczowych o optymalnym stosunku omega 3 do omega 6, a tak\u017ce witamin D i E.<\/li>\n<\/ul>\n<h4>Idealny dla wsparcia odporno\u015bci:<\/h4>\n<p>Nasze krople konopne o st\u0119\u017ceniu 20% idealnie nadaj\u0105 si\u0119 dla os\u00f3b rozpoczynaj\u0105cych przygod\u0119 z produktami konopnymi. Regularne spo\u017cywanie mo\u017ce poprawi\u0107 kluczowe funkcje \u017cyciowe, w szczeg\u00f3lno\u015bci: <\/p>\n<ul>\n<li>Wspieranie uk\u0142adu odporno\u015bciowego<\/li>\n<li>Wspiera dobry sen<\/li>\n<li>Antystresowy<\/li>\n<li>R\u00f3wnowa\u017cenie podstawowych funkcji organizmu<\/li>\n<\/ul>\n<h4>Interakcja z systemem Twojego cia\u0142a:<\/h4>\n<p>Nasze krople konopne oddzia\u0142uj\u0105 na uk\u0142ad endokannabinoidowy organizmu, wp\u0142ywaj\u0105c na r\u00f3\u017cne funkcje i procesy, w tym:<\/p>\n<ul>\n<li><strong>Regulacja snu:<\/strong> pomaga w poprawie wzorc\u00f3w snu.<\/li>\n<li><strong>R\u00f3wnowaga nastroju: <\/strong>Pomaga w radzeniu sobie z wahaniami nastroju.<\/li>\n<li><strong>Temperatura cia\u0142a:<\/strong> Pomaga utrzyma\u0107 prawid\u0142ow\u0105 temperatur\u0119 cia\u0142a.<\/li>\n<li><strong>Wsparcie pami\u0119ci:<\/strong> poprawia funkcje pami\u0119ci.<\/li>\n<li><strong>Informacje o mi\u0119\u015bniach:<\/strong> Wspiera zdrowie mi\u0119\u015bni.<\/li>\n<li><strong>Uk\u0142ad sercowo-naczyniowy:<\/strong> Korzystnie wp\u0142ywa na zdrowie serca i naczy\u0144 krwiono\u015bnych.<\/li>\n<li><strong>Kontrola apetytu: <\/strong>Pomaga regulowa\u0107 apetyt.<\/li>\n<li><strong>Piel\u0119gnacja sk\u00f3ry:<\/strong> przyczynia si\u0119 do zdrowia sk\u00f3ry.<\/li>\n<li><strong>Poprawa p\u0142odno\u015bci:<\/strong> Wp\u0142ywa na procesy hormonalne.<\/li>\n<\/ul>\n<h4>Gwarancja jako\u015bci i czysto\u015bci:<\/h4>\n<p>Zawieraj\u0105c oko\u0142o 3000 mg ekstraktu z konopi o pe\u0142nym spektrum dzia\u0142ania, 1000 mg CBD i 1000 mg CBN z li\u015bci konopi s\u0142owe\u0144skich, nasze krople gwarantuj\u0105 jako\u015b\u0107 i sp\u00f3jno\u015b\u0107. Chocia\u017c st\u0119\u017cenie CBD mo\u017ce si\u0119 nieznacznie r\u00f3\u017cni\u0107, skuteczno\u015b\u0107 pozostaje sta\u0142a. <\/p>\n<h4>Instrukcje dotycz\u0105ce przechowywania i u\u017cytkowania:<\/h4>\n<p>Przechowywa\u0107 w ch\u0142odnym lub pokojowej temperaturze, z dala od \u015bwiat\u0142a s\u0142onecznego. Trzyma\u0107 poza zasi\u0119giem dzieci. Nasze krople, z dum\u0105 produkowane w S\u0142owenii, odzwierciedlaj\u0105 zaanga\u017cowanie Agrosloven w naturalne rozwi\u0105zania zdrowotne.  <\/p>\n<p>Aby uzyska\u0107 szczeg\u00f3\u0142owe informacje lub bezp\u0142atn\u0105 konsultacj\u0119, skontaktuj si\u0119 z nami pod adresem <a href=\"mailto:info@agrosloven.com\" target=\"_new\" rel=\"noopener\">info@agrosloven.com<\/a>. Zaufaj kroplom konopnym Agrosloven\u2122, aby prowadzi\u0107 zr\u00f3wnowa\u017cony i zdrowszy styl \u017cycia. <\/p>\n","protected":false},"excerpt":{"rendered":"<p>Odkryj moc natury z kroplami konopnymi Agrosloven\u2122 CBN 10% + CBD 10%. Nasza unikalna mieszanka \u0142\u0105czy ekstrakt z konopi przemys\u0142owych bogaty w CBD i CBN, rozpuszczony w czystym oleju konopnym t\u0142oczonym na zimno. Idealne dla os\u00f3b rozpoczynaj\u0105cych przygod\u0119 z produktami konopnymi, krople te zosta\u0142y opracowane, aby poprawi\u0107 jako\u015b\u0107 snu, wzmocni\u0107 uk\u0142ad odporno\u015bciowy i og\u00f3lne samopoczucie, wykorzystuj\u0105c naturaln\u0105 synergi\u0119 kannabinoid\u00f3w i witamin.  <\/p>\n","protected":false},"featured_media":5152,"comment_status":"open","ping_status":"closed","template":"","meta":{"_acf_changed":false,"bwfblock_default_font":""},"product_brand":[],"product_cat":[537,538,508],"product_tag":[539,541,545,540,543,544,542],"class_list":{"0":"post-5143","1":"product","2":"type-product","3":"status-publish","4":"has-post-thumbnail","6":"product_cat-krople-konopne","7":"product_cat-spadki-cbn","8":"product_cat-zielona-akcja","9":"product_tag-agrosloven","10":"product_tag-cbd","11":"product_tag-cbn","12":"product_tag-konopie","13":"product_tag-krople-cbd","14":"product_tag-krople-konopne-cbd","15":"product_tag-olej-konopny","16":"pa_useful-ogolne-samopoczucie","17":"pa_useful-poprawa-jakosci-snu","18":"pa_useful-ulge-w-leku-i-stresie","19":"pa_useful-wsparcie-w-bolu-i-stanach-zapalnych","20":"pa_useful-wzmocnienie-ukladu-odpornosciowego","22":"first","23":"instock","24":"taxable","25":"shipping-taxable","26":"purchasable","27":"product-type-simple"},"acf":[],"_links":{"self":[{"href":"https:\/\/agrosloven.com\/pl\/wp-json\/wp\/v2\/product\/5143","targetHints":{"allow":["GET"]}}],"collection":[{"href":"https:\/\/agrosloven.com\/pl\/wp-json\/wp\/v2\/product"}],"about":[{"href":"https:\/\/agrosloven.com\/pl\/wp-json\/wp\/v2\/types\/product"}],"replies":[{"embeddable":true,"href":"https:\/\/agrosloven.com\/pl\/wp-json\/wp\/v2\/comments?post=5143"}],"wp:featuredmedia":[{"embeddable":true,"href":"https:\/\/agrosloven.com\/pl\/wp-json\/wp\/v2\/media\/5152"}],"wp:attachment":[{"href":"https:\/\/agrosloven.com\/pl\/wp-json\/wp\/v2\/media?parent=5143"}],"wp:term":[{"taxonomy":"product_brand","embeddable":true,"href":"https:\/\/agrosloven.com\/pl\/wp-json\/wp\/v2\/product_brand?post=5143"},{"taxonomy":"product_cat","embeddable":true,"href":"https:\/\/agrosloven.com\/pl\/wp-json\/wp\/v2\/product_cat?post=5143"},{"taxonomy":"product_tag","embeddable":true,"href":"https:\/\/agrosloven.com\/pl\/wp-json\/wp\/v2\/product_tag?post=5143"}],"curies":[{"name":"wp","href":"https:\/\/api.w.org\/{rel}","templated":true}]}}