{"id":5149,"date":"2025-03-26T12:49:32","date_gmt":"2025-03-26T11:49:32","guid":{"rendered":"https:\/\/agrosloven.com\/product\/sale-zywica-konopna-cbd-30\/"},"modified":"2025-03-26T12:49:32","modified_gmt":"2025-03-26T11:49:32","slug":"sale-zywica-konopna-cbd-30","status":"publish","type":"product","link":"https:\/\/agrosloven.com\/pl\/produkt\/sale-zywica-konopna-cbd-30\/","title":{"rendered":"SALE: \u017bywica konopna CBD 30%"},"content":{"rendered":"<h2>Opis<\/h2>\n<div class=\"min-h-[20px] text-message flex flex-col items-start gap-3 whitespace-pre-wrap break-words [.text-message+&amp;]:mt-5 overflow-x-auto\" data-message-author-role=\"assistant\" data-message-id=\"9eb7e32f-0633-4dcf-86a7-bb8b235b4b91\">\n<div class=\"markdown prose w-full break-words dark:prose-invert light\">\n<h4>Skoncentrowane naturalne zdrowie:<\/h4>\n<p>Nasza \u017cywica konopna CBD oferuje siln\u0105 i skoncentrowan\u0105 form\u0119 wellness. Wyprodukowana z wysokiej jako\u015bci s\u0142owe\u0144skich konopi, dostarcza pe\u0142ne spektrum fitokannabinoid\u00f3w, gwarantuj\u0105c kompleksowe doznania zdrowotne. <\/p>\n<h4>Bogate w korzystne zwi\u0105zki:<\/h4>\n<p>G\u0142\u00f3wne cechy \u017cywicy obejmuj\u0105:<\/p>\n<ul>\n<li>Olej konopny t\u0142oczony na zimno, bogaty w niezb\u0119dne kwasy t\u0142uszczowe o idealnym stosunku kwas\u00f3w omega 3 do omega 6.<\/li>\n<li>80% niezb\u0119dnych kwas\u00f3w t\u0142uszczowych, witaminy D, E i kompleks B.<\/li>\n<li>Wosk pszczeli, kt\u00f3ry nadaje konsystencj\u0119 i zawiera dobroczynne zwi\u0105zki, takie jak witamina A.<\/li>\n<\/ul>\n<h4>Wysokie st\u0119\u017cenie CBD dla maksymalnych korzy\u015bci:<\/h4>\n<p>\u017bywica zawiera:<\/p>\n<ul>\n<li>30% lub 1500 mg CBD (kannabidiolu)<\/li>\n<li>Oko\u0142o 3000 mg ekstraktu z konopi o pe\u0142nym spektrum dzia\u0142ania<\/li>\n<li>Sta\u0142a zawarto\u015b\u0107 CBD, z niewielkimi, naturalnymi odchyleniami.<\/li>\n<\/ul>\n<h4>Poprawa regulacji organizmu za pomoc\u0105 kannabinoid\u00f3w:<\/h4>\n<p>CBD i inne kannabinoidy zawarte w \u017cywicy oddzia\u0142uj\u0105 na uk\u0142ad endokannabinoidowy organizmu, odgrywaj\u0105c kluczow\u0105 rol\u0119 w regulacji r\u00f3\u017cnych funkcji i proces\u00f3w:<\/p>\n<ul>\n<li><strong>Poprawa snu:<\/strong> Pomaga w lepszym \u015bnie.<\/li>\n<li><strong>Regulacja nastroju:<\/strong> pomaga zr\u00f3wnowa\u017cy\u0107 emocje.<\/li>\n<li><strong>Kontrola temperatury:<\/strong> Pomaga utrzyma\u0107 temperatur\u0119 cia\u0142a.<\/li>\n<li><strong>Poprawa pami\u0119ci:<\/strong> wspomaga funkcje poznawcze.<\/li>\n<li><strong>Zdrowie mi\u0119\u015bni i uk\u0142adu ruchowego: <\/strong>Korzystny wp\u0142yw na ruch i funkcjonowanie mi\u0119\u015bni.<\/li>\n<li><strong>Dobre samopoczucie uk\u0142adu sercowo-naczyniowego: <\/strong>wspiera zdrowie serca.<\/li>\n<li><strong>Apetyt i trawienie: <\/strong>reguluj\u0105 nawyki \u017cywieniowe.<\/li>\n<li><strong>Piel\u0119gnacja sk\u00f3ry: <\/strong>Poprawia zdrowie sk\u00f3ry.<\/li>\n<li><strong>P\u0142odno\u015b\u0107 i r\u00f3wnowaga hormonalna:<\/strong> Wp\u0142ywa na zdrowie reprodukcyjne.<\/li>\n<\/ul>\n<h4>Sk\u0142adniki i zastosowanie:<\/h4>\n<p>Sk\u0142adniki obejmuj\u0105 olej konopny, ekstrakt z kwiat\u00f3w konopi z 30% CBD oraz wosk pszczeli. Przechowywa\u0107 w temperaturze pokojowej, z dala od \u015bwiat\u0142a s\u0142onecznego i poza zasi\u0119giem dzieci. <\/p>\n<h4>Zaanga\u017cowanie w zdrowie naturalne:<\/h4>\n<p>Nasza \u017cywica konopna CBD, produkowana w S\u0142owenii, nie jest przeznaczona do diagnozowania, zapobiegania ani leczenia chor\u00f3b, lecz jest naturalnym suplementem diety poprawiaj\u0105cym samopoczucie.<\/p>\n<p>Aby uzyska\u0107 wi\u0119cej informacji lub bezp\u0142atn\u0105 konsultacj\u0119, prosimy o kontakt pod adresem <span style=\"font-size: 14.4px;\"><a href=\"mailto:info@agrosloven.com\" target=\"_new\" rel=\"noopener\">info@agrosloven.com<\/a><\/span>. Zaufaj Agrosloven\u2122 i skorzystaj z naturalnego podej\u015bcia do zdrowia i dobrego samopoczucia dzi\u0119ki naszej najwy\u017cszej jako\u015bci \u017cywicy konopnej CBD. <\/p>\n<\/div>\n<\/div>\n","protected":false},"excerpt":{"rendered":"<p>\u017bywica konopna Agrosloven\u2122 CBD \u0142\u0105czy bogactwo ekstraktu z konopi przemys\u0142owych z zaletami t\u0142oczonego na zimno oleju konopnego i wosku pszczelego. Zawieraj\u0105ca 30% kannabidiolu CBD, ta skoncentrowana \u017cywica jest idealna dla regularnych u\u017cytkownik\u00f3w produkt\u00f3w konopnych lub os\u00f3b prowadz\u0105cych aktywny tryb \u017cycia, stanowi\u0105c silny, naturalny suplement wspomagaj\u0105cy dobre samopoczucie. <\/p>\n","protected":false},"featured_media":5154,"comment_status":"open","ping_status":"closed","template":"","meta":{"_acf_changed":false,"bwfblock_default_font":""},"product_brand":[],"product_cat":[508,521],"product_tag":[539,541,562,540,543,544,559,561,560],"class_list":{"0":"post-5149","1":"product","2":"type-product","3":"status-publish","4":"has-post-thumbnail","6":"product_cat-zielona-akcja","7":"product_cat-zywica-konopna","8":"product_tag-agrosloven","9":"product_tag-cbd","10":"product_tag-kanabidiol","11":"product_tag-konopie","12":"product_tag-krople-cbd","13":"product_tag-krople-konopne-cbd","14":"product_tag-pasta-cbd","15":"product_tag-uklad-endokannabinoidowy","16":"product_tag-zywica-konopna-cbd","17":"pa_useful-ogolne-samopoczucie","18":"pa_useful-poprawa-jakosci-snu","19":"pa_useful-ulge-w-leku-i-stresie","20":"pa_useful-wsparcie-w-bolu-i-stanach-zapalnych","21":"pa_useful-wzmocnienie-ukladu-odpornosciowego","23":"first","24":"instock","25":"taxable","26":"shipping-taxable","27":"purchasable","28":"product-type-simple"},"acf":[],"_links":{"self":[{"href":"https:\/\/agrosloven.com\/pl\/wp-json\/wp\/v2\/product\/5149","targetHints":{"allow":["GET"]}}],"collection":[{"href":"https:\/\/agrosloven.com\/pl\/wp-json\/wp\/v2\/product"}],"about":[{"href":"https:\/\/agrosloven.com\/pl\/wp-json\/wp\/v2\/types\/product"}],"replies":[{"embeddable":true,"href":"https:\/\/agrosloven.com\/pl\/wp-json\/wp\/v2\/comments?post=5149"}],"wp:featuredmedia":[{"embeddable":true,"href":"https:\/\/agrosloven.com\/pl\/wp-json\/wp\/v2\/media\/5154"}],"wp:attachment":[{"href":"https:\/\/agrosloven.com\/pl\/wp-json\/wp\/v2\/media?parent=5149"}],"wp:term":[{"taxonomy":"product_brand","embeddable":true,"href":"https:\/\/agrosloven.com\/pl\/wp-json\/wp\/v2\/product_brand?post=5149"},{"taxonomy":"product_cat","embeddable":true,"href":"https:\/\/agrosloven.com\/pl\/wp-json\/wp\/v2\/product_cat?post=5149"},{"taxonomy":"product_tag","embeddable":true,"href":"https:\/\/agrosloven.com\/pl\/wp-json\/wp\/v2\/product_tag?post=5149"}],"curies":[{"name":"wp","href":"https:\/\/api.w.org\/{rel}","templated":true}]}}