{"id":5388,"date":"2023-04-22T12:11:03","date_gmt":"2023-04-22T10:11:03","guid":{"rendered":"https:\/\/agrosloven.com\/product\/sale-krople-konopne-z-5-cbd-3-cbg\/"},"modified":"2026-04-18T16:25:33","modified_gmt":"2026-04-18T14:25:33","slug":"sale-krople-konopne-z-5-cbd-3-cbg","status":"publish","type":"product","link":"https:\/\/agrosloven.com\/pl\/produkt\/sale-krople-konopne-z-5-cbd-3-cbg\/","title":{"rendered":"SALE: 5% CBD + 3% CBG hemp drops"},"content":{"rendered":"<h2>Opis<\/h2>\n<h4>Synergia CBD i CBG:<\/h4>\n<p>Nasze krople Agrosloven\u2122 CBD + CBG to unikalna mieszanka dw\u00f3ch kluczowych kannabinoid\u00f3w: kannabidiolu (CBD) i kannabigerolu (CBG). CBG, cz\u0119sto nazywany \u201ematk\u0105 wszystkich kannabinoid\u00f3w\u201d, dzia\u0142a synergicznie z CBD, wzmacniaj\u0105c efekt synergii, zwi\u0119kszaj\u0105c og\u00f3ln\u0105 skuteczno\u015b\u0107 kropli. <\/p>\n<h4>Bogata zawarto\u015b\u0107 sk\u0142adnik\u00f3w od\u017cywczych:<\/h4>\n<p>Ekstrakt z konopi zawarty w naszych kroplach jest pozyskiwany w starannym procesie, kt\u00f3ry zachowuje najszersze spektrum kannabinoid\u00f3w, terpen\u00f3w i innych dobroczynnych zwi\u0105zk\u00f3w konopi. T\u0142oczony na zimno olej konopny, stosowany jako olej no\u015bnikowy, jest bogaty w niezb\u0119dne nienasycone kwasy t\u0142uszczowe oraz witaminy D, E i witaminy z grupy B, zapewniaj\u0105c bogat\u0105 w sk\u0142adniki od\u017cywcze kompozycj\u0119. <\/p>\n<h4>Stworzone z my\u015bl\u0105 o lepszym samopoczuciu:<\/h4>\n<p>Krople te doskonale sprawdz\u0105 si\u0119 u os\u00f3b, kt\u00f3re dopiero zaczynaj\u0105 przygod\u0119 z produktami konopnymi, a tak\u017ce u ka\u017cdego, kto chce w\u0142\u0105czy\u0107 kannabinoidy do swojej codziennej diety w celu poprawy zdrowia, a w szczeg\u00f3lno\u015bci wsparcia takich funkcji jak uk\u0142ad odporno\u015bciowy.<\/p>\n<p><strong>Podw\u00f3jny sk\u0142ad odmianowy:<\/strong><\/p>\n<ul>\n<li>Krople zawieraj\u0105 mieszank\u0119 dw\u00f3ch odmian konopi: jednej bogatej w CBD i drugiej bogatej w CBG.<\/li>\n<li>Zawieraj\u0105 oko\u0142o 1000 mg pe\u0142nospektralnego ekstraktu z konopi, z 500 mg CBD i 300 mg CBG, pozyskiwanego z li\u015bci konopi s\u0142owe\u0144skich.<\/li>\n<\/ul>\n<h4>Naturalna regulacja funkcji organizmu:<\/h4>\n<p>Kanabinoidy zawarte w naszych kroplach odgrywaj\u0105 kluczow\u0105 rol\u0119 w oddzia\u0142ywaniu na uk\u0142ad endokannabinoidowy, reguluj\u0105c r\u00f3\u017cne funkcje organizmu, takie jak sen, nastr\u00f3j, temperatura cia\u0142a, pami\u0119\u0107 i inne.<\/p>\n<p><strong>Bezpiecze\u0144stwo i zapewnienie jako\u015bci:<\/strong><\/p>\n<ul>\n<li>Nasze produkty przechowujemy w warunkach zapewniaj\u0105cych zachowanie ich jako\u015bci i skuteczno\u015bci.<\/li>\n<li>Wyprodukowano z lokalnie uprawianych s\u0142owe\u0144skich konopi, co gwarantuje produkt wysokiej jako\u015bci i naturalny.<\/li>\n<\/ul>\n<p>Odkryj po\u0142\u0105czone korzy\u015bci CBD i CBG z Agrosloven\u2122. Aby uzyska\u0107 wi\u0119cej informacji lub um\u00f3wi\u0107 si\u0119 na bezp\u0142atn\u0105 konsultacj\u0119, skontaktuj si\u0119 z nami pod adresem<a href=\"mailto:info@agrosloven.com\" target=\"_new\" rel=\"noopener\"> info@agrosloven.com<\/a>. Odkryj wyj\u0105tkowe zalety kropli Agrosloven\u2122 CBD + CBG w swojej podr\u00f3\u017cy ku zdrowiu i dobremu samopoczuciu.  <\/p>\n","protected":false},"excerpt":{"rendered":"<p>Krople Agrosloven\u2122 CBD + CBG oferuj\u0105 unikaln\u0105 mieszank\u0119 500 mg CBD i 300 mg CBG, wzmacniaj\u0105c efekt synergii dla optymalnego zdrowia. Specjalnie opracowane z wysokiej jako\u015bci ekstraktem z konopi przemys\u0142owych, krople te s\u0105 idealne dla os\u00f3b rozpoczynaj\u0105cych przygod\u0119 z produktami konopnymi lub poszukuj\u0105cych regularnego przyjmowania kannabinoid\u00f3w. <\/p>\n","protected":false},"featured_media":5395,"comment_status":"open","ping_status":"closed","template":"","meta":{"_acf_changed":false,"bwfblock_default_font":""},"product_brand":[],"product_cat":[575,576,537],"product_tag":[539,541,577,578,540,543,544,542],"class_list":{"0":"post-5388","1":"product","2":"type-product","3":"status-publish","4":"has-post-thumbnail","6":"product_cat-krople-cbd","7":"product_cat-krople-cbg","8":"product_cat-krople-konopne","9":"product_tag-agrosloven","10":"product_tag-cbd","11":"product_tag-cbg","12":"product_tag-kanabigerol","13":"product_tag-konopie","14":"product_tag-krople-cbd","15":"product_tag-krople-konopne-cbd","16":"product_tag-olej-konopny","17":"pa_useful-ogolne-samopoczucie","18":"pa_useful-poprawa-jakosci-snu","19":"pa_useful-ulge-w-leku-i-stresie","20":"pa_useful-wsparcie-w-bolu-i-stanach-zapalnych","21":"pa_useful-wzmocnienie-ukladu-odpornosciowego","23":"first","24":"instock","25":"taxable","26":"shipping-taxable","27":"purchasable","28":"product-type-simple"},"acf":[],"_links":{"self":[{"href":"https:\/\/agrosloven.com\/pl\/wp-json\/wp\/v2\/product\/5388","targetHints":{"allow":["GET"]}}],"collection":[{"href":"https:\/\/agrosloven.com\/pl\/wp-json\/wp\/v2\/product"}],"about":[{"href":"https:\/\/agrosloven.com\/pl\/wp-json\/wp\/v2\/types\/product"}],"replies":[{"embeddable":true,"href":"https:\/\/agrosloven.com\/pl\/wp-json\/wp\/v2\/comments?post=5388"}],"wp:featuredmedia":[{"embeddable":true,"href":"https:\/\/agrosloven.com\/pl\/wp-json\/wp\/v2\/media\/5395"}],"wp:attachment":[{"href":"https:\/\/agrosloven.com\/pl\/wp-json\/wp\/v2\/media?parent=5388"}],"wp:term":[{"taxonomy":"product_brand","embeddable":true,"href":"https:\/\/agrosloven.com\/pl\/wp-json\/wp\/v2\/product_brand?post=5388"},{"taxonomy":"product_cat","embeddable":true,"href":"https:\/\/agrosloven.com\/pl\/wp-json\/wp\/v2\/product_cat?post=5388"},{"taxonomy":"product_tag","embeddable":true,"href":"https:\/\/agrosloven.com\/pl\/wp-json\/wp\/v2\/product_tag?post=5388"}],"curies":[{"name":"wp","href":"https:\/\/api.w.org\/{rel}","templated":true}]}}