{"id":5396,"date":"2026-04-17T18:18:37","date_gmt":"2026-04-17T16:18:37","guid":{"rendered":"https:\/\/agrosloven.com\/product\/sale-zywica-konopna-cbd-16\/"},"modified":"2026-04-18T15:38:25","modified_gmt":"2026-04-18T13:38:25","slug":"sale-zywica-konopna-cbd-16","status":"publish","type":"product","link":"https:\/\/agrosloven.com\/pl\/produkt\/sale-zywica-konopna-cbd-16\/","title":{"rendered":"SALE: \u017bywica konopna CBD 16%"},"content":{"rendered":"<h2>Opis<\/h2>\n<h4>Bogate w naturalne sk\u0142adniki od\u017cywcze:<\/h4>\n<p>Nasza \u017cywica konopna CBD zosta\u0142a opracowana tak, aby zapewni\u0107 szereg naturalnych korzy\u015bci. Baz\u0105 jest t\u0142oczony na zimno olej konopny, bogaty w niezb\u0119dne kwasy t\u0142uszczowe o idealnym stosunku omega-3 do omega-6, wzbogacony witaminami D i E oraz wysok\u0105 zawarto\u015bci\u0105 witamin z grupy B.<\/p>\n<p><strong>Kluczowe sk\u0142adniki zapewniaj\u0105ce maksymaln\u0105 skuteczno\u015b\u0107:<\/strong><\/p>\n<ul>\n<li>Ekstrakt z konopi: Otrzymywany z li\u015bci konopi, zachowuje najszersze spektrum kannabinoid\u00f3w i terpen\u00f3w.<\/li>\n<li>Wosk pszczeli: naturalny zwi\u0105zek poprawiaj\u0105cy tekstur\u0119, zawieraj\u0105cy witamin\u0119 A.<\/li>\n<li>Kannabidiol CBD: \u017bywica zawiera 16% lub 800 mg CBD, co zapewnia silne efekty.<\/li>\n<\/ul>\n<h4>Pe\u0142ne spektrum zapewniaj\u0105cych kompleksowe korzy\u015bci:<\/h4>\n<p>Produkt zawiera oko\u0142o 1600 mg pe\u0142nospektralnego ekstraktu z konopi i 800 mg CBD, zapewniaj\u0105c pe\u0142n\u0105 gam\u0119 kannabinoid\u00f3w, kt\u00f3re przynosz\u0105 szereg korzy\u015bci zdrowotnych.<\/p>\n<h4>Wp\u0142yw na uk\u0142ad endokannabinoidowy:<\/h4>\n<p>CBD i inne kannabinoidy zawarte w \u017cywicy konopnej oddzia\u0142uj\u0105 na uk\u0142ad endokannabinoidowy i odgrywaj\u0105 wa\u017cn\u0105 rol\u0119 w regulacji r\u00f3\u017cnych funkcji i proces\u00f3w organizmu, w tym:<\/p>\n<ul>\n<li>Regulacja snu: Wspomaga lepsze wzorce snu.<\/li>\n<li>R\u00f3wnowa\u017cenie nastroju: Pomaga stabilizowa\u0107 wahania nastroju.<\/li>\n<li>Utrzymywanie temperatury cia\u0142a: Pomaga regulowa\u0107 temperatur\u0119 cia\u0142a.<\/li>\n<li>Wsparcie pami\u0119ci: poprawia funkcje poznawcze.<\/li>\n<li>Zdrowie motoryczne i mi\u0119\u015bniowe: wspiera funkcje mi\u0119\u015bni i ruch.<\/li>\n<li>Zdrowie uk\u0142adu sercowo-naczyniowego: Korzystnie wp\u0142ywa na zdrowie serca i naczy\u0144 krwiono\u015bnych.<\/li>\n<li>Apetyt i trawienie: reguluje nawyki \u017cywieniowe.<\/li>\n<li>Piel\u0119gnacja sk\u00f3ry: Poprawia zdrowie sk\u00f3ry.<\/li>\n<li>P\u0142odno\u015b\u0107 i r\u00f3wnowaga hormonalna: Wp\u0142ywa na zdrowie reprodukcyjne.<\/li>\n<\/ul>\n<h4>Jako\u015b\u0107 i pochodzenie:<\/h4>\n<p>Nasza \u017cywica, wytwarzana ze s\u0142owe\u0144skich konopi, gwarantuje wysok\u0105 jako\u015b\u0107 i skuteczno\u015b\u0107. Chocia\u017c st\u0119\u017cenie CBD mo\u017ce si\u0119 nieznacznie r\u00f3\u017cni\u0107, nasze zaanga\u017cowanie w jako\u015b\u0107 pozostaje niezmienne.<\/p>\n<h4>Bezpieczne przechowywanie i u\u017cytkowanie:<\/h4>\n<p>Przechowywa\u0107 \u017cywic\u0119 w temperaturze pokojowej, z dala od bezpo\u015bredniego \u015bwiat\u0142a s\u0142onecznego i poza zasi\u0119giem dzieci. Produkt nie jest przeznaczony do diagnozowania, zapobiegania ani leczenia chor\u00f3b, lecz jako silny, naturalny suplement wspomagaj\u0105cy og\u00f3lne samopoczucie.<\/p>\n<h4>Zaanga\u017cowanie w zdrowie naturalne:<\/h4>\n<p>Nasza \u017cywica konopna CBD, produkowana przez Agrosloven z.o.o. w Trsteniku w S\u0142owenii, jest dowodem naszego zaanga\u017cowania w naturalne i skuteczne rozwi\u0105zania zdrowotne. Jest wytwarzana z najwy\u017cszej jako\u015bci surowc\u00f3w, co gwarantuje produkt zar\u00f3wno skuteczny, jak i czysty.<\/p>\n<p>Aby uzyska\u0107 wi\u0119cej informacji lub um\u00f3wi\u0107 si\u0119 na bezp\u0142atn\u0105 konsultacj\u0119, skontaktuj si\u0119 z nami pod adresem <a href=\"mailto:info@agrosloven.com\" target=\"_new\" rel=\"noopener\">info@agrosloven.com<\/a>. Wykorzystaj naturaln\u0105 moc \u017cywicy konopnej CBD Agrosloven\u2122, aby prowadzi\u0107 zdrowszy i bardziej zr\u00f3wnowa\u017cony styl \u017cycia.<\/p>\n","protected":false},"excerpt":{"rendered":"<p>\u017bywica konopna Agrosloven\u2122 CBD to wysoce skoncentrowana mieszanka ekstraktu z konopi przemys\u0142owych, bogatego w kannabidiol CBD, w po\u0142\u0105czeniu z t\u0142oczonym na zimno olejem konopnym i woskiem pszczelim. Ta \u017cywica CBD o st\u0119\u017ceniu 16% jest idealna dla os\u00f3b znaj\u0105cych produkty konopne lub prowadz\u0105cych aktywny tryb \u017cycia, oferuj\u0105c solidny, naturalny suplement diety.<\/p>\n","protected":false},"featured_media":5397,"comment_status":"open","ping_status":"closed","template":"","meta":{"_acf_changed":false,"bwfblock_default_font":""},"product_brand":[],"product_cat":[508,521],"product_tag":[539,541,540,543,544,559,560],"class_list":{"0":"post-5396","1":"product","2":"type-product","3":"status-publish","4":"has-post-thumbnail","6":"product_cat-zielona-akcja","7":"product_cat-zywica-konopna","8":"product_tag-agrosloven","9":"product_tag-cbd","10":"product_tag-konopie","11":"product_tag-krople-cbd","12":"product_tag-krople-konopne-cbd","13":"product_tag-pasta-cbd","14":"product_tag-zywica-konopna-cbd","15":"pa_useful-ogolne-samopoczucie","16":"pa_useful-poprawa-jakosci-snu","17":"pa_useful-ulge-w-leku-i-stresie","18":"pa_useful-wsparcie-w-bolu-i-stanach-zapalnych","19":"pa_useful-wzmocnienie-ukladu-odpornosciowego","21":"first","22":"instock","23":"taxable","24":"shipping-taxable","25":"purchasable","26":"product-type-simple"},"acf":[],"_links":{"self":[{"href":"https:\/\/agrosloven.com\/pl\/wp-json\/wp\/v2\/product\/5396","targetHints":{"allow":["GET"]}}],"collection":[{"href":"https:\/\/agrosloven.com\/pl\/wp-json\/wp\/v2\/product"}],"about":[{"href":"https:\/\/agrosloven.com\/pl\/wp-json\/wp\/v2\/types\/product"}],"replies":[{"embeddable":true,"href":"https:\/\/agrosloven.com\/pl\/wp-json\/wp\/v2\/comments?post=5396"}],"wp:featuredmedia":[{"embeddable":true,"href":"https:\/\/agrosloven.com\/pl\/wp-json\/wp\/v2\/media\/5397"}],"wp:attachment":[{"href":"https:\/\/agrosloven.com\/pl\/wp-json\/wp\/v2\/media?parent=5396"}],"wp:term":[{"taxonomy":"product_brand","embeddable":true,"href":"https:\/\/agrosloven.com\/pl\/wp-json\/wp\/v2\/product_brand?post=5396"},{"taxonomy":"product_cat","embeddable":true,"href":"https:\/\/agrosloven.com\/pl\/wp-json\/wp\/v2\/product_cat?post=5396"},{"taxonomy":"product_tag","embeddable":true,"href":"https:\/\/agrosloven.com\/pl\/wp-json\/wp\/v2\/product_tag?post=5396"}],"curies":[{"name":"wp","href":"https:\/\/api.w.org\/{rel}","templated":true}]}}