{"id":5126,"date":"2023-04-22T09:27:19","date_gmt":"2023-04-22T07:27:19","guid":{"rendered":"https:\/\/agrosloven.com\/moj-ucet\/"},"modified":"2026-04-16T15:48:25","modified_gmt":"2026-04-16T13:48:25","slug":"moj-ucet","status":"publish","type":"page","link":"https:\/\/agrosloven.com\/sk\/moj-ucet\/","title":{"rendered":"M\u00f4j \u00fa\u010det"},"content":{"rendered":"<div class=\"woocommerce\"><\/div>\n","protected":false},"excerpt":{"rendered":"","protected":false},"author":1,"featured_media":0,"parent":0,"menu_order":0,"comment_status":"closed","ping_status":"closed","template":"page-my-account.php","meta":{"_acf_changed":false,"bwfblock_default_font":"","footnotes":""},"class_list":["post-5126","page","type-page","status-publish","hentry"],"acf":[],"_links":{"self":[{"href":"https:\/\/agrosloven.com\/sk\/wp-json\/wp\/v2\/pages\/5126","targetHints":{"allow":["GET"]}}],"collection":[{"href":"https:\/\/agrosloven.com\/sk\/wp-json\/wp\/v2\/pages"}],"about":[{"href":"https:\/\/agrosloven.com\/sk\/wp-json\/wp\/v2\/types\/page"}],"author":[{"embeddable":true,"href":"https:\/\/agrosloven.com\/sk\/wp-json\/wp\/v2\/users\/1"}],"replies":[{"embeddable":true,"href":"https:\/\/agrosloven.com\/sk\/wp-json\/wp\/v2\/comments?post=5126"}],"version-history":[{"count":3,"href":"https:\/\/agrosloven.com\/sk\/wp-json\/wp\/v2\/pages\/5126\/revisions"}],"predecessor-version":[{"id":5129,"href":"https:\/\/agrosloven.com\/sk\/wp-json\/wp\/v2\/pages\/5126\/revisions\/5129"}],"wp:attachment":[{"href":"https:\/\/agrosloven.com\/sk\/wp-json\/wp\/v2\/media?parent=5126"}],"curies":[{"name":"wp","href":"https:\/\/api.w.org\/{rel}","templated":true}]}}