{"id":5427,"date":"2026-04-20T11:21:13","date_gmt":"2026-04-20T09:21:13","guid":{"rendered":"https:\/\/agrosloven.com\/?page_id=5427"},"modified":"2026-04-20T11:27:21","modified_gmt":"2026-04-20T09:27:21","slug":"vitajte","status":"publish","type":"page","link":"https:\/\/agrosloven.com\/sk\/vitajte\/","title":{"rendered":"Vitajte"},"content":{"rendered":"\n\n  <div class=\"banner has-hover is-full-height\" id=\"banner-478258104\">\n          <div class=\"banner-inner fill\">\n        <div class=\"banner-bg fill\" >\n            <img loading=\"lazy\" decoding=\"async\" width=\"1700\" height=\"1134\" src=\"https:\/\/agrosloven.com\/wp-content\/uploads\/2026\/04\/blur.jpg\" class=\"bg attachment-original size-original\" alt=\"\">                                    \n                    <\/div>\n\t\t\n        <div class=\"banner-layers container\">\n            <div class=\"fill banner-link\"><\/div>            \n\n   <div id=\"text-box-1725037652\" class=\"text-box banner-layer x50 md-x50 lg-x50 y50 md-y50 lg-y50 res-text\">\n                                <div class=\"text-box-content text dark\">\n              \n              <div class=\"text-inner text-center\">\n                  \n\n<h3>Vitajte na Agrosloven<\/h3>\n<p>\u010eakujeme za podporu slovenskej produkcie.<\/p>\n<p>Z na\u0161ej pr\u00edrody, pre va\u0161e zdravie.<\/p>\n<a href=\"https:\/\/agrosloven.com\/sk\/kategoria-produktu\/zelena-akcia\/\" class=\"button primary\"  >\n\t\t<span>POKRA\u010cOVA\u0164<\/span>\n\t<\/a>\n\n\n\n              <\/div>\n           <\/div>\n                            \n<style>\n#text-box-1725037652 .text-box-content {\n  background-color: rgb(18, 57, 8);\n  border-radius: 10px;\n  font-size: 100%;\n}\n#text-box-1725037652 .text-inner {\n  padding: 50px 50px 50px 50px;\n}\n#text-box-1725037652 {\n  width: 90%;\n}\n@media (min-width:550px) {\n  #text-box-1725037652 {\n    width: 60%;\n  }\n}\n<\/style>\n    <\/div>\n \n\n        <\/div>\n      <\/div>\n\n            \n<style>\n#banner-478258104 {\n  padding-top: 100%;\n  background-color: rgba(255, 255, 255, 0);\n}\n#banner-478258104 .banner-bg img {\n  object-position: 44% 59%;\n}\n<\/style>\n  <\/div>\n\n\n\n","protected":false},"excerpt":{"rendered":"","protected":false},"author":1,"featured_media":0,"parent":0,"menu_order":0,"comment_status":"closed","ping_status":"closed","template":"page-blank-landingpage.php","meta":{"_acf_changed":false,"bwfblock_default_font":"","footnotes":""},"class_list":["post-5427","page","type-page","status-publish","hentry"],"acf":[],"_links":{"self":[{"href":"https:\/\/agrosloven.com\/sk\/wp-json\/wp\/v2\/pages\/5427","targetHints":{"allow":["GET"]}}],"collection":[{"href":"https:\/\/agrosloven.com\/sk\/wp-json\/wp\/v2\/pages"}],"about":[{"href":"https:\/\/agrosloven.com\/sk\/wp-json\/wp\/v2\/types\/page"}],"author":[{"embeddable":true,"href":"https:\/\/agrosloven.com\/sk\/wp-json\/wp\/v2\/users\/1"}],"replies":[{"embeddable":true,"href":"https:\/\/agrosloven.com\/sk\/wp-json\/wp\/v2\/comments?post=5427"}],"version-history":[{"count":5,"href":"https:\/\/agrosloven.com\/sk\/wp-json\/wp\/v2\/pages\/5427\/revisions"}],"predecessor-version":[{"id":5439,"href":"https:\/\/agrosloven.com\/sk\/wp-json\/wp\/v2\/pages\/5427\/revisions\/5439"}],"wp:attachment":[{"href":"https:\/\/agrosloven.com\/sk\/wp-json\/wp\/v2\/media?parent=5427"}],"curies":[{"name":"wp","href":"https:\/\/api.w.org\/{rel}","templated":true}]}}