{"id":5138,"date":"2023-04-22T12:11:03","date_gmt":"2023-04-22T10:11:03","guid":{"rendered":"https:\/\/agrosloven.com\/product\/50-cbd-konopna-zivica\/"},"modified":"2023-04-22T12:11:03","modified_gmt":"2023-04-22T10:11:03","slug":"50-cbd-konopna-zivica","status":"publish","type":"product","link":"https:\/\/agrosloven.com\/sk\/produkt\/50-cbd-konopna-zivica\/","title":{"rendered":"50% CBD konopn\u00e1 \u017eivica"},"content":{"rendered":"<h2>Popis<\/h2>\n<div class=\"min-h-[20px] text-message flex flex-col items-start gap-3 whitespace-pre-wrap break-words [.text-message+&amp;]:mt-5 overflow-x-auto\" data-message-author-role=\"assistant\" data-message-id=\"52eb62ca-2f05-4d9a-8492-89d164778ae7\">\n<div class=\"markdown prose w-full break-words dark:prose-invert light\">\n<h4>Pr\u00edrodn\u00e1 extrakcia pre maxim\u00e1lnu \u00fa\u010dinnos\u0165:<\/h4>\n<p>Na\u0161a CBD konopn\u00e1 \u017eivica sa vyr\u00e1ba \u0161etrn\u00fdm spracovan\u00edm konopn\u00fdch listov, pri\u010dom sa vyh\u00fdba vysok\u00fdm teplot\u00e1m, aby sa zachovala integrita kanabinoidov, terp\u00e9nov a \u010fal\u0161\u00edch prospe\u0161n\u00fdch zl\u00fa\u010den\u00edn kanabisu.<\/p>\n<h4>Bohat\u00fd nutri\u010dn\u00fd profil:<\/h4>\n<p>\u017divica sa sklad\u00e1 z:<\/p>\n<ul>\n<li>Za studena lisovan\u00fd konopn\u00fd olej, bohat\u00fd na esenci\u00e1lne mastn\u00e9 kyseliny s ide\u00e1lnym pomerom omega-3 a omega-6.<\/li>\n<li>Bohat\u00fd na vitam\u00edny D, E a B-komplex.<\/li>\n<li>V\u010del\u00ed vosk s pridan\u00edm prospe\u0161nej zmesi mastn\u00fdch kysel\u00edn a vitam\u00ednu A.<\/li>\n<\/ul>\n<p><strong>Vysok\u00e1 koncentr\u00e1cia pre v\u00e4\u010d\u0161ie v\u00fdhody:<\/strong><\/p>\n<ul>\n<li>Obsahuje 2500 mg CBD (kanabidiolu).<\/li>\n<li>5000 mg extraktu z konope s pln\u00fdm spektrom, ktor\u00fd zabezpe\u010duje \u0161irok\u00fa \u0161k\u00e1lu \u00fa\u010dinn\u00fdch l\u00e1tok.<\/li>\n<\/ul>\n<h4>Podpora endokanabinoidn\u00e9ho syst\u00e9mu:<\/h4>\n<p>CBD a \u010fal\u0161ie kanabinoidy v \u017eivici interaguj\u00fa s endokanabinoidn\u00fdm syst\u00e9mom tela a zohr\u00e1vaj\u00fa k\u013e\u00fa\u010dov\u00fa \u00falohu pri regul\u00e1cii r\u00f4znych funkci\u00ed a procesov vr\u00e1tane:<\/p>\n<ul>\n<li><strong>Zdravie poko\u017eky:<\/strong> Zlep\u0161uje funkcie poko\u017eky.<\/li>\n<li><strong>Plodnos\u0165 a hormon\u00e1lna rovnov\u00e1ha: <\/strong>Ovplyv\u0148uje reproduk\u010dn\u00e9 zdravie.<\/li>\n<li><strong>Regul\u00e1cia sp\u00e1nku:<\/strong> Zlep\u0161uje kvalitu sp\u00e1nku.<\/li>\n<li><strong>Stabilita n\u00e1lady:<\/strong> Pom\u00e1ha pri emocion\u00e1lnej rovnov\u00e1he.<\/li>\n<li><strong>Telesn\u00e1 teplota:<\/strong> Pom\u00e1ha pri regul\u00e1cii telesnej teploty.<\/li>\n<li><strong>Pam\u00e4\u0165 a kognit\u00edvne funkcie:<\/strong> Podporuje zdravie mozgu.<\/li>\n<li><strong>Zdravie motoriky a svalov:<\/strong> Prospieva funkci\u00e1m svalov.<\/li>\n<li><strong>Kardiovaskul\u00e1rne zdravie:<\/strong> Podporuje zdravie srdca a krvn\u00e9ho obehu.<\/li>\n<li><strong>Chu\u0165 do jedla a tr\u00e1venie:<\/strong> Reguluje stravovacie n\u00e1vyky.<\/li>\n<\/ul>\n<h4>Pestovan\u00e9 v Slovinsku, vyroben\u00e9 v E\u00da:<\/h4>\n<p>Na\u0161a CBD konopn\u00e1 \u017eivica, hrdo vyroben\u00e1 zo slovinsk\u00e9ho konope, sa vyr\u00e1ba v E\u00da, \u010do odr\u00e1\u017ea n\u00e1\u0161 z\u00e1v\u00e4zok ku kvalite a pr\u00edrodn\u00e9mu zdraviu.<\/p>\n<\/div>\n<\/div>\n<div class=\"min-h-[20px] text-message flex flex-col items-start gap-3 whitespace-pre-wrap break-words [.text-message+&amp;]:mt-5 overflow-x-auto\" data-message-author-role=\"assistant\" data-message-id=\"80eebed4-76fc-491c-99ee-19b6805dea87\">\n<div class=\"markdown prose w-full break-words dark:prose-invert light\">\n<h4>Skladovanie a bezpe\u010dnos\u0165:<\/h4>\n<p>Pre zachovanie kvality a \u00fa\u010dinnosti na\u0161ej \u017eivice ju skladujte pri chlade alebo izbovej teplote, mimo dosahu priameho slne\u010dn\u00e9ho \u017eiarenia a mimo dosahu det\u00ed. Toto starostliv\u00e9 skladovanie zabezpe\u010duje, \u017ee \u017eivica zostane \u00fa\u010dinn\u00e1 a bezpe\u010dn\u00e1 na pou\u017eitie. <\/p>\n<h4>Komplexn\u00e9 zdravotn\u00e9 v\u00fdhody:<\/h4>\n<p>Konopn\u00e1 \u017eivica Agrosloven\u2122 CBD je ur\u010den\u00e1 nielen na \u0161pecifick\u00e9 zdravotn\u00e9 probl\u00e9my, ale aj na zlep\u0161enie celkovej pohody. V\u010faka \u0161irok\u00e9mu spektru \u00fa\u010dinn\u00fdch l\u00e1tok je v\u0161estrann\u00fdm produktom vhodn\u00fdm pre \u0161irok\u00fa \u0161k\u00e1lu zdravotn\u00fdch potrieb. <\/p>\n<h4>Zabezpe\u010denie kvality:<\/h4>\n<p>N\u00e1\u0161 z\u00e1v\u00e4zok ku kvalite je neochvejn\u00fd, od v\u00fdberu surov\u00edn a\u017e po kone\u010dn\u00fd produkt. Ka\u017ed\u00e1 \u0161ar\u017ea CBD konopnej \u017eivice sa vyr\u00e1ba za pr\u00edsnych noriem kontroly kvality, \u010do zaru\u010duje vysoko kvalitn\u00fd a \u00fa\u010dinn\u00fd produkt. <\/p>\n<p>Pre viac inform\u00e1ci\u00ed alebo ak chcete po\u017eiada\u0165 o bezplatn\u00fa konzult\u00e1ciu, kontaktujte n\u00e1s na adrese <a href=\"mailto:info@agrosloven.com\" target=\"_new\" rel=\"noopener\">info@agrosloven.com<\/a>. Vysk\u00fa\u0161ajte pr\u00edrodn\u00e9 a komplexn\u00e9 v\u00fdhody konopnej \u017eivice Agrosloven\u2122 CBD pre va\u0161e zdravie a pohodu. <\/p>\n<\/div>\n<\/div>\n","protected":false},"excerpt":{"rendered":"<p>Konopn\u00e1 \u017eivica Agrosloven\u2122 CBD pon\u00faka siln\u00fa zmes konopn\u00e9ho extraktu s pln\u00fdm spektrom, vr\u00e1tane 2500 mg CBD, v kombin\u00e1cii s pr\u00edrodn\u00fdm konopn\u00fdm olejom lisovan\u00fdm za studena a v\u010del\u00edm voskom. T\u00e1to \u017eivica vyroben\u00e1 zo slovinsk\u00e9ho konope poskytuje komplexn\u00fa \u0161k\u00e1lu kanabinoidov a terp\u00e9nov, \u010d\u00edm zabezpe\u010duje holistick\u00fd pr\u00edstup k zdraviu. <\/p>\n","protected":false},"featured_media":5139,"comment_status":"open","ping_status":"closed","template":"","meta":{"_acf_changed":false,"bwfblock_default_font":""},"product_brand":[],"product_cat":[527,509],"product_tag":[],"class_list":{"0":"post-5138","1":"product","2":"type-product","3":"status-publish","4":"has-post-thumbnail","6":"product_cat-konopna-zivica","7":"product_cat-zelena-akcia","8":"pa_useful-celkova-pohoda","9":"pa_useful-podpora-pri-bolesti-a-zapale","10":"pa_useful-posilnenie-imunitneho-systemu","11":"pa_useful-ulava-od-uzkosti-a-stresu","12":"pa_useful-zlepsenie-kvality-spanku","14":"first","15":"instock","16":"sale","17":"taxable","18":"shipping-taxable","19":"purchasable","20":"product-type-simple"},"acf":[],"_links":{"self":[{"href":"https:\/\/agrosloven.com\/sk\/wp-json\/wp\/v2\/product\/5138","targetHints":{"allow":["GET"]}}],"collection":[{"href":"https:\/\/agrosloven.com\/sk\/wp-json\/wp\/v2\/product"}],"about":[{"href":"https:\/\/agrosloven.com\/sk\/wp-json\/wp\/v2\/types\/product"}],"replies":[{"embeddable":true,"href":"https:\/\/agrosloven.com\/sk\/wp-json\/wp\/v2\/comments?post=5138"}],"wp:featuredmedia":[{"embeddable":true,"href":"https:\/\/agrosloven.com\/sk\/wp-json\/wp\/v2\/media\/5139"}],"wp:attachment":[{"href":"https:\/\/agrosloven.com\/sk\/wp-json\/wp\/v2\/media?parent=5138"}],"wp:term":[{"taxonomy":"product_brand","embeddable":true,"href":"https:\/\/agrosloven.com\/sk\/wp-json\/wp\/v2\/product_brand?post=5138"},{"taxonomy":"product_cat","embeddable":true,"href":"https:\/\/agrosloven.com\/sk\/wp-json\/wp\/v2\/product_cat?post=5138"},{"taxonomy":"product_tag","embeddable":true,"href":"https:\/\/agrosloven.com\/sk\/wp-json\/wp\/v2\/product_tag?post=5138"}],"curies":[{"name":"wp","href":"https:\/\/api.w.org\/{rel}","templated":true}]}}