{"id":5144,"date":"2025-11-07T18:35:22","date_gmt":"2025-11-07T17:35:22","guid":{"rendered":"https:\/\/agrosloven.com\/product\/sale-konopne-kvapky-10-cbn-10-cbd\/"},"modified":"2026-04-17T14:53:56","modified_gmt":"2026-04-17T12:53:56","slug":"sale-konopne-kvapky-10-cbn-10-cbd","status":"publish","type":"product","link":"https:\/\/agrosloven.com\/sk\/produkt\/sale-konopne-kvapky-10-cbn-10-cbd\/","title":{"rendered":"SALE: Konopn\u00e9 kvapky 10% CBN + 10% CBD"},"content":{"rendered":"<h2>Popis<\/h2>\n<h2>10% CBN + 10% CBD konopn\u00e9 kvapky<\/h2>\n<h4>Pr\u00edrodn\u00e9 konopn\u00e9 kvapky na sp\u00e1nok a pohodu:<\/h4>\n<p>Konopn\u00e9 kvapky Agrosloven s 10% CBN + 10% CBD s\u00fa zmesou toho najlep\u0161ieho z pr\u00edrody. Na\u0161a recept\u00fara \u200b\u200bobsahuje vysok\u00fa koncentr\u00e1ciu vitam\u00ednov B komplexu a jedine\u010dn\u00fa zmes CBD a CBN, ktor\u00e9 sa z\u00edskavaj\u00fa \u0161etrn\u00fdm lisovan\u00edm za studena. T\u00e1to met\u00f3da zachov\u00e1va kanabinoidy v ich najlep\u0161ej forme, \u010d\u00edm sa zabezpe\u010duje \u00fa\u010dinnos\u0165 a integrita \u00fa\u010dinn\u00fdch l\u00e1tok rastliny konope.  <\/p>\n<h4>Cel\u00e9 spektrum pre pln\u00e9 v\u00fdhody:<\/h4>\n<p>Na\u0161e konopn\u00e9 kvapky pon\u00fakaj\u00fa cel\u00e9 spektrum \u00fa\u010dinn\u00fdch l\u00e1tok konope, bez rozp\u00fa\u0161\u0165adiel alebo chemik\u00e1li\u00ed, a zah\u0155\u0148aj\u00fa:<\/p>\n<ul>\n<li>1000 mg CBD<\/li>\n<li>1000 mg CBN Z\u00e1klad za studena lisovan\u00e9ho konopn\u00e9ho oleja je bohat\u00fd na esenci\u00e1lne mastn\u00e9 kyseliny s optim\u00e1lnym pomerom omega 3 a omega 6 a bohat\u00fd na vitam\u00edny D a E.<\/li>\n<\/ul>\n<h4>Ide\u00e1lne na podporu imunity:<\/h4>\n<p>Na\u0161e konopn\u00e9 kvapky s 20% koncentr\u00e1ciou s\u00fa ide\u00e1lne pre t\u00fdch, ktor\u00ed s konopn\u00fdmi produktmi za\u010d\u00ednaj\u00fa. Pravideln\u00e9 u\u017e\u00edvanie m\u00f4\u017ee zlep\u0161i\u0165 k\u013e\u00fa\u010dov\u00e9 \u017eivotn\u00e9 funkcie, najm\u00e4: <\/p>\n<ul>\n<li>Podpora imunitn\u00e9ho syst\u00e9mu<\/li>\n<li>Podpora dobr\u00e9ho sp\u00e1nku<\/li>\n<li>Antistresov\u00fd<\/li>\n<li>Vyva\u017eovanie z\u00e1kladn\u00fdch telesn\u00fdch funkci\u00ed<\/li>\n<\/ul>\n<h4>Interakcia so syst\u00e9mom v\u00e1\u0161ho tela:<\/h4>\n<p>Na\u0161e konopn\u00e9 kvapky interaguj\u00fa s endokanabinoidn\u00fdm syst\u00e9mom tela a ovplyv\u0148uj\u00fa r\u00f4zne funkcie a procesy vr\u00e1tane:<\/p>\n<ul>\n<li><strong>Regul\u00e1cia sp\u00e1nku:<\/strong> Pom\u00e1ha zlep\u0161i\u0165 sp\u00e1nkov\u00e9 vzorce.<\/li>\n<li><strong>Rovnov\u00e1ha n\u00e1lady:<\/strong> Pom\u00e1ha pri zvl\u00e1dan\u00ed v\u00fdkyvov n\u00e1lad.<\/li>\n<li><strong>Telesn\u00e1 teplota:<\/strong> Pom\u00e1ha udr\u017eiava\u0165 norm\u00e1lnu telesn\u00fa teplotu.<\/li>\n<li><strong>Podpora pam\u00e4te: <\/strong>Zlep\u0161uje pam\u00e4\u0165ov\u00e9 funkcie.<\/li>\n<li><strong>Inform\u00e1cie o svaloch:<\/strong> Podporuje zdravie svalov.<\/li>\n<li><strong>Kardiovaskul\u00e1rny syst\u00e9m:<\/strong> Prospieva zdraviu srdca a ciev.<\/li>\n<li><strong>Kontrola chuti do jedla:<\/strong> Pom\u00e1ha regulova\u0165 chu\u0165 do jedla.<\/li>\n<li><strong>Starostlivos\u0165 o ple\u0165: <\/strong>Prispieva k zdraviu poko\u017eky.<\/li>\n<li><strong>Zlep\u0161enie plodnosti:<\/strong> Ovplyv\u0148uje hormon\u00e1lne procesy.<\/li>\n<\/ul>\n<h4>Zaru\u010den\u00e1 kvalita a \u010distota:<\/h4>\n<p>Na\u0161e kvapky obsahuj\u00fa pribli\u017ene 3000 mg extraktu z konope s pln\u00fdm spektrom, 1000 mg CBD a 1000 mg CBN zo slovinsk\u00fdch listov konope, a zaru\u010duj\u00fa tak kvalitu a konzistenciu. Hoci sa koncentr\u00e1cia CBD m\u00f4\u017ee mierne l\u00ed\u0161i\u0165, \u00fa\u010dinnos\u0165 zost\u00e1va kon\u0161tantn\u00e1. <\/p>\n<h4>Pokyny na skladovanie a pou\u017eitie:<\/h4>\n<p>Skladujte pri chlade alebo izbovej teplote, mimo dosahu slne\u010dn\u00e9ho \u017eiarenia. Uchov\u00e1vajte mimo dosahu det\u00ed. Na\u0161e kvapky, hrdo vyroben\u00e9 v Slovinsku, steles\u0148uj\u00fa z\u00e1v\u00e4zok spolo\u010dnosti Agrosloven k pr\u00edrodn\u00fdm rie\u0161eniam pre zdravie.  <\/p>\n<p>Pre podrobn\u00e9 inform\u00e1cie alebo bezplatn\u00fa konzult\u00e1ciu n\u00e1s kontaktujte na adrese i<a href=\"mailto:info@agrosloven.com\" target=\"_new\" rel=\"noopener\">nfo@agrosloven.com<\/a>. D\u00f4verujte konopn\u00fdm kvapk\u00e1m Agrosloven\u2122 pre vyv\u00e1\u017een\u00fd a zdrav\u0161\u00ed \u017eivotn\u00fd \u0161t\u00fdl. <\/p>\n","protected":false},"excerpt":{"rendered":"<p>Objavte silu pr\u00edrody s konopn\u00fdmi kvapkami Agrosloven\u2122 CBN 10% + CBD 10%. Na\u0161a unik\u00e1tna zmes kombinuje extrakt z priemyseln\u00e9ho konope bohat\u00fd na CBD a CBN, rozpusten\u00fd v \u010distom konopnom oleji lisovanom za studena. Tieto kvapky s\u00fa ide\u00e1lne pre t\u00fdch, ktor\u00ed za\u010d\u00ednaj\u00fa svoju cestu s konopn\u00fdmi produktmi. S\u00fa vytvoren\u00e9 tak, aby zlep\u0161ili kvalitu sp\u00e1nku, imunitn\u00fd syst\u00e9m a celkov\u00fa pohodu, pri\u010dom vyu\u017e\u00edvaj\u00fa prirodzen\u00fa synergiu kanabinoidov a vitam\u00ednov.  <\/p>\n","protected":false},"featured_media":5153,"comment_status":"open","ping_status":"closed","template":"","meta":{"_acf_changed":false,"bwfblock_default_font":""},"product_brand":[],"product_cat":[547,546,509],"product_tag":[548,550,553,552,554,549,551],"class_list":{"0":"post-5144","1":"product","2":"type-product","3":"status-publish","4":"has-post-thumbnail","6":"product_cat-cbn-kvapky","7":"product_cat-konopne-kvapky","8":"product_cat-zelena-akcia","9":"product_tag-agrosloven","10":"product_tag-cbd","11":"product_tag-cbd-konopne-kvapky","12":"product_tag-cbd-kvapky","13":"product_tag-cbn","14":"product_tag-konope","15":"product_tag-konopny-olej","16":"pa_useful-celkova-pohoda","17":"pa_useful-podpora-pri-bolesti-a-zapale","18":"pa_useful-posilnenie-imunitneho-systemu","19":"pa_useful-ulava-od-uzkosti-a-stresu","20":"pa_useful-zlepsenie-kvality-spanku","22":"first","23":"instock","24":"taxable","25":"shipping-taxable","26":"purchasable","27":"product-type-simple"},"acf":[],"_links":{"self":[{"href":"https:\/\/agrosloven.com\/sk\/wp-json\/wp\/v2\/product\/5144","targetHints":{"allow":["GET"]}}],"collection":[{"href":"https:\/\/agrosloven.com\/sk\/wp-json\/wp\/v2\/product"}],"about":[{"href":"https:\/\/agrosloven.com\/sk\/wp-json\/wp\/v2\/types\/product"}],"replies":[{"embeddable":true,"href":"https:\/\/agrosloven.com\/sk\/wp-json\/wp\/v2\/comments?post=5144"}],"wp:featuredmedia":[{"embeddable":true,"href":"https:\/\/agrosloven.com\/sk\/wp-json\/wp\/v2\/media\/5153"}],"wp:attachment":[{"href":"https:\/\/agrosloven.com\/sk\/wp-json\/wp\/v2\/media?parent=5144"}],"wp:term":[{"taxonomy":"product_brand","embeddable":true,"href":"https:\/\/agrosloven.com\/sk\/wp-json\/wp\/v2\/product_brand?post=5144"},{"taxonomy":"product_cat","embeddable":true,"href":"https:\/\/agrosloven.com\/sk\/wp-json\/wp\/v2\/product_cat?post=5144"},{"taxonomy":"product_tag","embeddable":true,"href":"https:\/\/agrosloven.com\/sk\/wp-json\/wp\/v2\/product_tag?post=5144"}],"curies":[{"name":"wp","href":"https:\/\/api.w.org\/{rel}","templated":true}]}}