{"id":5150,"date":"2025-03-26T12:49:32","date_gmt":"2025-03-26T11:49:32","guid":{"rendered":"https:\/\/agrosloven.com\/product\/sale-30-cbd-konopna-zivica\/"},"modified":"2026-04-17T14:53:56","modified_gmt":"2026-04-17T12:53:56","slug":"sale-30-cbd-konopna-zivica","status":"publish","type":"product","link":"https:\/\/agrosloven.com\/sk\/produkt\/sale-30-cbd-konopna-zivica\/","title":{"rendered":"SALE: 30% CBD konopn\u00e1 \u017eivica"},"content":{"rendered":"<h2>Popis<\/h2>\n<div class=\"min-h-[20px] text-message flex flex-col items-start gap-3 whitespace-pre-wrap break-words [.text-message+&amp;]:mt-5 overflow-x-auto\" data-message-author-role=\"assistant\" data-message-id=\"9eb7e32f-0633-4dcf-86a7-bb8b235b4b91\">\n<div class=\"markdown prose w-full break-words dark:prose-invert light\">\n<h4>Koncentrovan\u00e1 pr\u00edrodn\u00e1 wellness starostlivos\u0165:<\/h4>\n<p>Na\u0161a CBD konopn\u00e1 \u017eivica pon\u00faka siln\u00fa a koncentrovan\u00fa formu wellness. Vyroben\u00e1 z vysoko kvalitn\u00e9ho slovinsk\u00e9ho konope, poskytuje cel\u00e9 spektrum fytokanabinoidov a zais\u0165uje komplexn\u00fd zdravotn\u00fd z\u00e1\u017eitok. <\/p>\n<h4>Bohat\u00fd na prospe\u0161n\u00e9 zl\u00fa\u010deniny:<\/h4>\n<p>Medzi k\u013e\u00fa\u010dov\u00e9 vlastnosti \u017eivice patria:<\/p>\n<ul>\n<li>Za studena lisovan\u00fd konopn\u00fd olej, bohat\u00fd na esenci\u00e1lne mastn\u00e9 kyseliny s ide\u00e1lnym pomerom omega-3 a omega-6.<\/li>\n<li>80 % esenci\u00e1lnych mastn\u00fdch kysel\u00edn, vitam\u00edny D, E a komplex skupiny B.<\/li>\n<li>V\u010del\u00ed vosk, ktor\u00fd dod\u00e1va konzistenciu a obsahuje prospe\u0161n\u00e9 zl\u00fa\u010deniny, ako je vitam\u00edn A.<\/li>\n<\/ul>\n<h4>Vysok\u00e1 koncentr\u00e1cia CBD pre maxim\u00e1lny \u00fa\u017eitok:<\/h4>\n<p>\u017divica obsahuje:<\/p>\n<ul>\n<li>30 % alebo 1500 mg CBD (kanabidiol)<\/li>\n<li>Pribli\u017ene 3000 mg extraktu z konope s pln\u00fdm spektrom<\/li>\n<li>Konzistentn\u00fd obsah CBD s miernymi prirodzen\u00fdmi odch\u00fdlkami.<\/li>\n<\/ul>\n<h4>Zlep\u0161enie regul\u00e1cie tela pomocou kanabinoidov:<\/h4>\n<p>CBD a \u010fal\u0161ie kanabinoidy v \u017eivici interaguj\u00fa s endokanabinoidn\u00fdm syst\u00e9mom tela a zohr\u00e1vaj\u00fa k\u013e\u00fa\u010dov\u00fa \u00falohu pri regul\u00e1cii r\u00f4znych funkci\u00ed a procesov:<\/p>\n<ul>\n<li><strong>Zlep\u0161enie sp\u00e1nku: <\/strong>Pom\u00e1ha k lep\u0161iemu sp\u00e1nku.<\/li>\n<li><strong>Regul\u00e1cia n\u00e1lady: <\/strong>Pom\u00e1ha vyrovn\u00e1va\u0165 em\u00f3cie.<\/li>\n<li><strong>Regul\u00e1cia teploty:<\/strong> Pom\u00e1ha udr\u017eiava\u0165 telesn\u00fa teplotu.<\/li>\n<li><strong>Zlep\u0161enie pam\u00e4te: <\/strong>Podporuje kognit\u00edvne funkcie.<\/li>\n<li><strong>Zdravie motoriky a svalov: <\/strong>Prospieva pohybu a funkci\u00e1m svalov.<\/li>\n<li><strong>Kardiovaskul\u00e1rne zdravie: <\/strong>Podporuje zdravie srdca.<\/li>\n<li><strong>Chu\u0165 do jedla a tr\u00e1venie:<\/strong> Reguluje stravovacie n\u00e1vyky.<\/li>\n<li><strong>Starostlivos\u0165 o ple\u0165: <\/strong>Zlep\u0161uje zdravie poko\u017eky.<\/li>\n<li><strong>Plodnos\u0165 a hormon\u00e1lna rovnov\u00e1ha:<\/strong> Ovplyv\u0148uje reproduk\u010dn\u00e9 zdravie.<\/li>\n<\/ul>\n<h4>Zlo\u017eenie a pou\u017eitie:<\/h4>\n<p>Zlo\u017eenie zah\u0155\u0148a konopn\u00fd olej, extrakt z konopn\u00fdch kvetov s 30 % CBD a v\u010del\u00ed vosk. Skladujte pri izbovej teplote, mimo dosahu slne\u010dn\u00e9ho \u017eiarenia a mimo dosahu det\u00ed. <\/p>\n<h4>Zaviazan\u00ed k prirodzen\u00e9mu zdraviu:<\/h4>\n<p>Na\u0161a CBD konopn\u00e1 \u017eivica, vyroben\u00e1 v Slovinsku, nie je ur\u010den\u00e1 na diagnostikovanie, prevenciu ani lie\u010dbu chor\u00f4b, ale je vyroben\u00e1 ako pr\u00edrodn\u00fd doplnok na zlep\u0161enie zdravia.<\/p>\n<p>Pre viac inform\u00e1ci\u00ed alebo bezplatn\u00fa konzult\u00e1ciu n\u00e1s pros\u00edm kontaktujte na adrese <span style=\"font-size: 14.4px;\"><a href=\"mailto:info@agrosloven.com\" target=\"_new\" rel=\"noopener\">info@agrosloven.com<\/a><\/span>. D\u00f4verujte spolo\u010dnosti Agrosloven\u2122, ktor\u00e1 v\u00e1m poskytne prirodzen\u00fd pr\u00edstup k v\u00e1\u0161mu zdraviu a pohode s na\u0161ou pr\u00e9miovou CBD konopnou \u017eivicou. <\/p>\n<\/div>\n<\/div>\n","protected":false},"excerpt":{"rendered":"<p>Konopn\u00e1 \u017eivica Agrosloven\u2122 CBD kombinuje bohatstvo extraktu z priemyseln\u00e9ho konope s v\u00fdhodami konopn\u00e9ho oleja lisovan\u00e9ho za studena a v\u010delieho vosku. T\u00e1to koncentrovan\u00e1 \u017eivica obsahuje 30 % CBD kanabidiolu a je ide\u00e1lna pre pravideln\u00fdch u\u017e\u00edvate\u013eov konopn\u00fdch produktov alebo pre t\u00fdch, ktor\u00ed maj\u00fa akt\u00edvny \u017eivotn\u00fd \u0161t\u00fdl, a poskytuje siln\u00fd, pr\u00edrodn\u00fd doplnok v\u00fd\u017eivy. <\/p>\n","protected":false},"featured_media":5155,"comment_status":"open","ping_status":"closed","template":"","meta":{"_acf_changed":false,"bwfblock_default_font":""},"product_brand":[],"product_cat":[527,509],"product_tag":[548,550,564,553,552,563,565,566,549],"class_list":{"0":"post-5150","1":"product","2":"type-product","3":"status-publish","4":"has-post-thumbnail","6":"product_cat-konopna-zivica","7":"product_cat-zelena-akcia","8":"product_tag-agrosloven","9":"product_tag-cbd","10":"product_tag-cbd-konopna-zivica","11":"product_tag-cbd-konopne-kvapky","12":"product_tag-cbd-kvapky","13":"product_tag-cbd-pasta","14":"product_tag-endokanabinoidny-system","15":"product_tag-kanabidiol","16":"product_tag-konope","17":"pa_useful-celkova-pohoda","18":"pa_useful-podpora-pri-bolesti-a-zapale","19":"pa_useful-posilnenie-imunitneho-systemu","20":"pa_useful-ulava-od-uzkosti-a-stresu","21":"pa_useful-zlepsenie-kvality-spanku","23":"first","24":"instock","25":"taxable","26":"shipping-taxable","27":"purchasable","28":"product-type-simple"},"acf":[],"_links":{"self":[{"href":"https:\/\/agrosloven.com\/sk\/wp-json\/wp\/v2\/product\/5150","targetHints":{"allow":["GET"]}}],"collection":[{"href":"https:\/\/agrosloven.com\/sk\/wp-json\/wp\/v2\/product"}],"about":[{"href":"https:\/\/agrosloven.com\/sk\/wp-json\/wp\/v2\/types\/product"}],"replies":[{"embeddable":true,"href":"https:\/\/agrosloven.com\/sk\/wp-json\/wp\/v2\/comments?post=5150"}],"wp:featuredmedia":[{"embeddable":true,"href":"https:\/\/agrosloven.com\/sk\/wp-json\/wp\/v2\/media\/5155"}],"wp:attachment":[{"href":"https:\/\/agrosloven.com\/sk\/wp-json\/wp\/v2\/media?parent=5150"}],"wp:term":[{"taxonomy":"product_brand","embeddable":true,"href":"https:\/\/agrosloven.com\/sk\/wp-json\/wp\/v2\/product_brand?post=5150"},{"taxonomy":"product_cat","embeddable":true,"href":"https:\/\/agrosloven.com\/sk\/wp-json\/wp\/v2\/product_cat?post=5150"},{"taxonomy":"product_tag","embeddable":true,"href":"https:\/\/agrosloven.com\/sk\/wp-json\/wp\/v2\/product_tag?post=5150"}],"curies":[{"name":"wp","href":"https:\/\/api.w.org\/{rel}","templated":true}]}}