{"id":5356,"date":"2023-04-22T12:11:03","date_gmt":"2023-04-22T10:11:03","guid":{"rendered":"https:\/\/agrosloven.com\/product\/sale-konopne-kvapky-s-5-cbd-3-cbg\/"},"modified":"2026-04-18T16:26:17","modified_gmt":"2026-04-18T14:26:17","slug":"sale-konopne-kvapky-s-5-cbd-3-cbg","status":"publish","type":"product","link":"https:\/\/agrosloven.com\/sk\/produkt\/sale-konopne-kvapky-s-5-cbd-3-cbg\/","title":{"rendered":"SALE: Konopn\u00e9 kvapky s 5% CBD + 3% CBG"},"content":{"rendered":"<h2>Popis<\/h2>\n<h4>Synergia CBD a CBG:<\/h4>\n<p>Na\u0161e kvapky Agrosloven\u2122 CBD + CBG s\u00fa jedine\u010dnou zmesou dvoch k\u013e\u00fa\u010dov\u00fdch kanabinoidov: kanabidiolu (CBD) a kanabigerolu (CBG). CBG, \u010dasto naz\u00fdvan\u00e9 \u201ematkou v\u0161etk\u00fdch kanabinoidov\u201c, synergicky p\u00f4sob\u00ed s CBD na zv\u00fd\u0161enie sprievodn\u00e9ho \u00fa\u010dinku a zv\u00fd\u0161enie celkovej \u00fa\u010dinnosti kvapiek. <\/p>\n<h4>Bohat\u00fd nutri\u010dn\u00fd obsah:<\/h4>\n<p>Konopn\u00fd extrakt v na\u0161ich kvapk\u00e1ch sa z\u00edskava starostliv\u00fdm procesom, ktor\u00fd zachov\u00e1va naj\u0161ir\u0161ie spektrum kanabinoidov, terp\u00e9nov a \u010fal\u0161\u00edch prospe\u0161n\u00fdch konopn\u00fdch zl\u00fa\u010den\u00edn. Konopn\u00fd olej lisovan\u00fd za studena, ktor\u00fd sa pou\u017e\u00edva ako nosn\u00fd olej, je bohat\u00fd na esenci\u00e1lne mastn\u00e9 kyseliny, vitam\u00edny D, E a B-komplex, \u010do zabezpe\u010duje bohat\u00e9 zlo\u017eenie na \u017eiviny. <\/p>\n<h4>Prisp\u00f4soben\u00e9 pre lep\u0161iu pohodu:<\/h4>\n<p>Tieto kvapky s\u00fa ide\u00e1lne pre jednotlivcov, ktor\u00ed s konopn\u00fdmi produktmi za\u010d\u00ednaj\u00fa, alebo pre ka\u017ed\u00e9ho, kto chce pravidelne u\u017e\u00edva\u0165 kanabinoidy pre zlep\u0161enie zdravia, najm\u00e4 pri podpore funkci\u00ed, ako je imunitn\u00fd syst\u00e9m.<\/p>\n<p><strong>Dvojit\u00e9 odrodov\u00e9 zlo\u017eenie:<\/strong><\/p>\n<ul>\n<li>Kvapky obsahuj\u00fa zmes dvoch odr\u00f4d konope: jednej bohatej na CBD a druhej na CBG.<\/li>\n<li>Obsahuj\u00fa pribli\u017ene 1000 mg extraktu z konope s pln\u00fdm spektrom, s 500 mg CBD a 300 mg CBG, poch\u00e1dzaj\u00faceho zo slovinsk\u00fdch listov konope.<\/li>\n<\/ul>\n<h4>Prirodzen\u00e1 regul\u00e1cia telesn\u00fdch funkci\u00ed:<\/h4>\n<p>Kanabinoidy v na\u0161ich kvapk\u00e1ch hraj\u00fa k\u013e\u00fa\u010dov\u00fa \u00falohu v interakcii s endokanabinoidn\u00fdm syst\u00e9mom, reguluj\u00fa r\u00f4zne telesn\u00e9 funkcie, ako je sp\u00e1nok, n\u00e1lada, telesn\u00e1 teplota, pam\u00e4\u0165 a \u010fal\u0161ie.<\/p>\n<p><strong>Bezpe\u010dnos\u0165 a zabezpe\u010denie kvality:<\/strong><\/p>\n<ul>\n<li>Na\u0161e produkty s\u00fa skladovan\u00e9 v podmienkach, ktor\u00e9 zachov\u00e1vaj\u00fa ich kvalitu a \u00fa\u010dinnos\u0165.<\/li>\n<li>Vyroben\u00e9 z lok\u00e1lne pestovan\u00e9ho slovinsk\u00e9ho konope, \u010do zaru\u010duje vysoko kvalitn\u00fd a pr\u00edrodn\u00fd produkt.<\/li>\n<\/ul>\n<p>Presk\u00famajte kombinovan\u00e9 v\u00fdhody CBD a CBG s Agrosloven\u2122. Pre viac inform\u00e1ci\u00ed alebo na dohodnutie bezplatnej konzult\u00e1cie n\u00e1s kontaktujte na <a href=\"mailto:info@agrosloven.com\" target=\"_new\" rel=\"noopener\">info@agrosloven.com<\/a>. Vysk\u00fa\u0161ajte jedine\u010dn\u00e9 v\u00fdhody kvapiek Agrosloven\u2122 CBD + CBG na va\u0161ej ceste za zdrav\u00edm a wellness.  <\/p>\n","protected":false},"excerpt":{"rendered":"<p>Kvapky Agrosloven\u2122 CBD + CBG pon\u00fakaj\u00fa jedine\u010dn\u00fa zmes 500 mg CBD a 300 mg CBG, ktor\u00e1 zvy\u0161uje celkov\u00fd \u00fa\u010dinok pre optim\u00e1lne zdravie. Tieto kvapky, \u0161peci\u00e1lne vyvinut\u00e9 s vysoko kvalitn\u00fdm extraktom z priemyseln\u00e9ho konope, s\u00fa ide\u00e1lne pre t\u00fdch, ktor\u00ed za\u010d\u00ednaj\u00fa s konopn\u00fdmi produktmi alebo h\u013eadaj\u00fa pravideln\u00fd pr\u00edjem kanabinoidov. <\/p>\n","protected":false},"featured_media":5363,"comment_status":"open","ping_status":"closed","template":"","meta":{"_acf_changed":false,"bwfblock_default_font":""},"product_brand":[],"product_cat":[571,572,546],"product_tag":[548,550,553,552,573,574,549,551],"class_list":{"0":"post-5356","1":"product","2":"type-product","3":"status-publish","4":"has-post-thumbnail","6":"product_cat-cbd-kvapky","7":"product_cat-cbg-kvapky","8":"product_cat-konopne-kvapky","9":"product_tag-agrosloven","10":"product_tag-cbd","11":"product_tag-cbd-konopne-kvapky","12":"product_tag-cbd-kvapky","13":"product_tag-cbg","14":"product_tag-kanabigerol","15":"product_tag-konope","16":"product_tag-konopny-olej","17":"pa_useful-celkova-pohoda","18":"pa_useful-podpora-pri-bolesti-a-zapale","19":"pa_useful-posilnenie-imunitneho-systemu","20":"pa_useful-ulava-od-uzkosti-a-stresu","21":"pa_useful-zlepsenie-kvality-spanku","23":"first","24":"instock","25":"taxable","26":"shipping-taxable","27":"purchasable","28":"product-type-simple"},"acf":[],"_links":{"self":[{"href":"https:\/\/agrosloven.com\/sk\/wp-json\/wp\/v2\/product\/5356","targetHints":{"allow":["GET"]}}],"collection":[{"href":"https:\/\/agrosloven.com\/sk\/wp-json\/wp\/v2\/product"}],"about":[{"href":"https:\/\/agrosloven.com\/sk\/wp-json\/wp\/v2\/types\/product"}],"replies":[{"embeddable":true,"href":"https:\/\/agrosloven.com\/sk\/wp-json\/wp\/v2\/comments?post=5356"}],"wp:featuredmedia":[{"embeddable":true,"href":"https:\/\/agrosloven.com\/sk\/wp-json\/wp\/v2\/media\/5363"}],"wp:attachment":[{"href":"https:\/\/agrosloven.com\/sk\/wp-json\/wp\/v2\/media?parent=5356"}],"wp:term":[{"taxonomy":"product_brand","embeddable":true,"href":"https:\/\/agrosloven.com\/sk\/wp-json\/wp\/v2\/product_brand?post=5356"},{"taxonomy":"product_cat","embeddable":true,"href":"https:\/\/agrosloven.com\/sk\/wp-json\/wp\/v2\/product_cat?post=5356"},{"taxonomy":"product_tag","embeddable":true,"href":"https:\/\/agrosloven.com\/sk\/wp-json\/wp\/v2\/product_tag?post=5356"}],"curies":[{"name":"wp","href":"https:\/\/api.w.org\/{rel}","templated":true}]}}