{"id":5382,"date":"2026-04-17T18:18:37","date_gmt":"2026-04-17T16:18:37","guid":{"rendered":"https:\/\/agrosloven.com\/?post_type=product&#038;p=5382"},"modified":"2026-04-17T18:21:21","modified_gmt":"2026-04-17T16:21:21","slug":"sale-16-cbd-konopna-zivica","status":"publish","type":"product","link":"https:\/\/agrosloven.com\/sk\/produkt\/sale-16-cbd-konopna-zivica\/","title":{"rendered":"SALE: 16% CBD konopn\u00e1 \u017eivica"},"content":{"rendered":"<h2>Popis<\/h2>\n<h4>Bohat\u00e9 na pr\u00edrodn\u00e9 \u017eiviny:<\/h4>\n<p>Na\u0161a CBD konopn\u00e1 \u017eivica je vyroben\u00e1 tak, aby poskytovala mno\u017estvo pr\u00edrodn\u00fdch v\u00fdhod. Z\u00e1klad z konopn\u00e9ho oleja lisovan\u00e9ho za studena je bohat\u00fd na esenci\u00e1lne mastn\u00e9 kyseliny s ide\u00e1lnym pomerom omega 3 a omega 6 a je obohaten\u00fd o vitam\u00edny D, E a vysok\u00fd obsah vitam\u00ednov B komplexu.<\/p>\n<p><strong>K\u013e\u00fa\u010dov\u00e9 zlo\u017eky pre maxim\u00e1lnu \u00fa\u010dinnos\u0165:<\/strong><\/p>\n<ul>\n<li><strong>Extrakt z konope<\/strong>: Z\u00edskan\u00fd z listov konope, zachov\u00e1va naj\u0161ir\u0161ie spektrum kanabinoidov a terp\u00e9nov.<\/li>\n<li><strong>V\u010del\u00ed vosk<\/strong>: Pr\u00edrodn\u00e1 zl\u00fa\u010denina, ktor\u00e1 zlep\u0161uje text\u00faru a obsahuje vitam\u00edn A.<\/li>\n<li><strong>CBD kanabidiol<\/strong>: \u017divica obsahuje 16 % alebo 800 mg CBD, \u010do poskytuje siln\u00e9 \u00fa\u010dinky.<\/li>\n<\/ul>\n<h4>Pln\u00e9 spektrum pre komplexn\u00e9 v\u00fdhody:<\/h4>\n<p>Produkt obsahuje pribli\u017ene 1 600 mg extraktu z konope s pln\u00fdm spektrom a 800 mg CBD. To zais\u0165uje komplexn\u00fa \u0161k\u00e1lu kanabinoidov, ktor\u00e9 pon\u00fakaj\u00fa r\u00f4zne zdravotn\u00e9 v\u00fdhody.<\/p>\n<h4>Vplyv na endokanabinoidn\u00fd syst\u00e9m:<\/h4>\n<p>CBD a \u010fal\u0161ie kanabinoidy v konopnej \u017eivici interaguj\u00fa s endokanabinoidn\u00fdm syst\u00e9mom a hraj\u00fa d\u00f4le\u017eit\u00fa \u00falohu pri regul\u00e1cii r\u00f4znych telesn\u00fdch funkci\u00ed a procesov vr\u00e1tane:<\/p>\n<ul>\n<li><strong>Regul\u00e1cia sp\u00e1nku<\/strong>: Podporuje lep\u0161ie sp\u00e1nkov\u00e9 vzorce.<\/li>\n<li><strong>Vyrovn\u00e1vanie n\u00e1lady<\/strong>: Pom\u00e1ha stabilizova\u0165 v\u00fdkyvy n\u00e1lady.<\/li>\n<li><strong>Udr\u017eiavanie telesnej teploty<\/strong>: Pom\u00e1ha regulova\u0165 telesn\u00fa teplotu.<\/li>\n<li><strong>Podpora pam\u00e4te<\/strong>: Zlep\u0161uje kognit\u00edvne funkcie.<\/li>\n<li><strong>Zdravie motoriky a svalov<\/strong>: Podporuje svalov\u00e9 a pohybov\u00e9 funkcie.<\/li>\n<li><strong>Kardiovaskul\u00e1rne zdravie<\/strong>: Prospieva zdraviu srdca a ciev.<\/li>\n<li><strong>Chu\u0165 do jedla a tr\u00e1venie<\/strong>: Reguluje stravovacie n\u00e1vyky.<\/li>\n<li><strong>Starostlivos\u0165 o ple\u0165<\/strong>: Zlep\u0161uje zdravie poko\u017eky.<\/li>\n<li><strong>Plodnos\u0165 a hormon\u00e1lna rovnov\u00e1ha<\/strong>: Ovplyv\u0148uje reproduk\u010dn\u00e9 zdravie.<\/li>\n<\/ul>\n<h4>Kvalita a p\u00f4vod:<\/h4>\n<p>Na\u0161a \u017eivica, vyroben\u00e1 zo slovinsk\u00e9ho konope, zaru\u010duje vysok\u00fa kvalitu a \u00fa\u010dinnos\u0165. Hoci sa koncentr\u00e1cia CBD m\u00f4\u017ee mierne l\u00ed\u0161i\u0165, z\u00e1v\u00e4zok ku kvalite zost\u00e1va nemenn\u00fd.<\/p>\n<h4>Bezpe\u010dn\u00e9 skladovanie a pou\u017e\u00edvanie:<\/h4>\n<p>\u017divicu skladujte pri izbovej teplote, mimo dosahu priameho slne\u010dn\u00e9ho \u017eiarenia a mimo dosahu det\u00ed. Produkt nie je ur\u010den\u00fd na diagnostikovanie, prevenciu ani lie\u010dbu chor\u00f4b, ale je navrhnut\u00fd ako siln\u00fd pr\u00edrodn\u00fd doplnok na podporu celkovej pohody.<\/p>\n<h4>Z\u00e1v\u00e4zok k prirodzen\u00e9mu zdraviu:<\/h4>\n<p>Na\u0161a konopn\u00e1 \u017eivica s CBD, ktor\u00fa vyr\u00e1ba spolo\u010dnos\u0165 Agrosloven z.o.o. v Trsteniku v Slovinsku, je d\u00f4kazom n\u00e1\u0161ho z\u00e1v\u00e4zku k pr\u00edrodn\u00fdm a \u00fa\u010dinn\u00fdm rie\u0161eniam v oblasti zdravia. Je vyroben\u00fd z najkvalitnej\u0161\u00edch surov\u00edn, \u010do zaru\u010duje produkt, ktor\u00fd je \u00fa\u010dinn\u00fd aj \u010dist\u00fd.<\/p>\n<p>Pre viac inform\u00e1ci\u00ed alebo ak chcete po\u017eiada\u0165 o bezplatn\u00fa konzult\u00e1ciu, kontaktujte n\u00e1s na adrese <a href=\"mailto:info@agrosloven.com\" target=\"_new\" rel=\"noopener\">info@agrosloven.com<\/a>. Vyu\u017eite prirodzen\u00fa silu konopnej \u017eivice Agrosloven\u2122 CBD pre zdrav\u0161\u00ed a vyv\u00e1\u017eenej\u0161\u00ed \u017eivotn\u00fd \u0161t\u00fdl.<\/p>\n","protected":false},"excerpt":{"rendered":"<p>Agrosloven\u2122 CBD Hemp Resin is a highly concentrated blend of industrial hemp extract, rich in CBD cannabidiol, combined with cold-pressed hemp oil and beeswax. This 16% CBD resin is perfect for those familiar with hemp products or leading an active lifestyle, offering a robust, natural health supplement.<\/p>\n","protected":false},"featured_media":5377,"comment_status":"open","ping_status":"closed","template":"","meta":{"_acf_changed":false,"bwfblock_default_font":""},"product_brand":[],"product_cat":[527,509],"product_tag":[548,550,564,553,552,563,549],"class_list":{"0":"post-5382","1":"product","2":"type-product","3":"status-publish","4":"has-post-thumbnail","6":"product_cat-konopna-zivica","7":"product_cat-zelena-akcia","8":"product_tag-agrosloven","9":"product_tag-cbd","10":"product_tag-cbd-konopna-zivica","11":"product_tag-cbd-konopne-kvapky","12":"product_tag-cbd-kvapky","13":"product_tag-cbd-pasta","14":"product_tag-konope","15":"pa_useful-celkova-pohoda","16":"pa_useful-podpora-pri-bolesti-a-zapale","17":"pa_useful-posilnenie-imunitneho-systemu","18":"pa_useful-ulava-od-uzkosti-a-stresu","19":"pa_useful-zlepsenie-kvality-spanku","21":"first","22":"instock","23":"taxable","24":"shipping-taxable","25":"purchasable","26":"product-type-simple"},"acf":[],"_links":{"self":[{"href":"https:\/\/agrosloven.com\/sk\/wp-json\/wp\/v2\/product\/5382","targetHints":{"allow":["GET"]}}],"collection":[{"href":"https:\/\/agrosloven.com\/sk\/wp-json\/wp\/v2\/product"}],"about":[{"href":"https:\/\/agrosloven.com\/sk\/wp-json\/wp\/v2\/types\/product"}],"replies":[{"embeddable":true,"href":"https:\/\/agrosloven.com\/sk\/wp-json\/wp\/v2\/comments?post=5382"}],"wp:featuredmedia":[{"embeddable":true,"href":"https:\/\/agrosloven.com\/sk\/wp-json\/wp\/v2\/media\/5377"}],"wp:attachment":[{"href":"https:\/\/agrosloven.com\/sk\/wp-json\/wp\/v2\/media?parent=5382"}],"wp:term":[{"taxonomy":"product_brand","embeddable":true,"href":"https:\/\/agrosloven.com\/sk\/wp-json\/wp\/v2\/product_brand?post=5382"},{"taxonomy":"product_cat","embeddable":true,"href":"https:\/\/agrosloven.com\/sk\/wp-json\/wp\/v2\/product_cat?post=5382"},{"taxonomy":"product_tag","embeddable":true,"href":"https:\/\/agrosloven.com\/sk\/wp-json\/wp\/v2\/product_tag?post=5382"}],"curies":[{"name":"wp","href":"https:\/\/api.w.org\/{rel}","templated":true}]}}